{"id":32314,"date":"2026-02-27T00:16:50","date_gmt":"2026-02-27T00:16:50","guid":{"rendered":"https:\/\/nordicmart.andreevmaster.com\/product\/vasagle-keittiohylly-pistorasioilla-lattiateline-mikroaaltouunihylly\/"},"modified":"2026-02-27T09:38:40","modified_gmt":"2026-02-27T09:38:40","slug":"vasagle-keittiohylly-pistorasioilla-lattiateline-mikroaaltouunihylly","status":"publish","type":"product","link":"https:\/\/nordicmart.andreevmaster.com\/fi\/tuote\/vasagle-keittiohylly-pistorasioilla-lattiateline-mikroaaltouunihylly\/","title":{"rendered":"VASAGLE keitti\u00f6hylly pistorasioilla, lattiateline, mikroaaltouunihylly"},"content":{"rendered":"<p>VASAGLE keitti\u00f6hylly pistorasioilla, keitti\u00f6n seisomahylly, mikroaaltouunihylly, seisomamalli, 6 hyllytasoa ja 6 koukkua, mikroaaltouunille, ter\u00e4srunko, 40 x 80 x 167 cm, vintage-ruskea-mustanmusta KKS119K06<br \/>\nTekniset tiedot:<br \/>\n&#8211; Mitat: 40 x 80 x 167 cm (S x L x K)<br \/>\n&#8211; Paino: 21,2 kg<br \/>\n&#8211; Yl\u00e4hyllyn maks. staattinen kantavuus: 13,6 kg<br \/>\n&#8211; Ty\u00f6tason maks. staattinen kantavuus: 54,4 kg<br \/>\n&#8211; Alimman hyllyn suurin staattinen kantavuus: 54,4 kg<br \/>\n&#8211; Materiaali: lastulevy, ter\u00e4s<br \/>\n&#8211; V\u00e4rit: vintage-ruskea, muste-musta<\/p>\n","protected":false},"excerpt":{"rendered":"<p>VASAGLE keitti\u00f6hylly pistorasioilla, keitti\u00f6n seisomahylly, mikroaaltouunihylly, seisomamalli, 6 hyllytasoa ja 6 koukkua, mikroaaltouunille, ter\u00e4srunko, 40 x 80 x 167 cm, vintage-ruskea-mustanmusta KKS119K06<\/p>\n","protected":false},"featured_media":41350,"comment_status":"open","ping_status":"closed","template":"","meta":[],"product_brand":[],"product_cat":[32],"product_tag":[],"class_list":{"0":"post-32314","1":"product","2":"type-product","3":"status-publish","4":"has-post-thumbnail","6":"product_cat-uncategorized-fi","8":"first","9":"instock","10":"shipping-taxable","11":"purchasable","12":"product-type-simple"},"_links":{"self":[{"href":"https:\/\/nordicmart.andreevmaster.com\/fi\/wp-json\/wp\/v2\/product\/32314","targetHints":{"allow":["GET"]}}],"collection":[{"href":"https:\/\/nordicmart.andreevmaster.com\/fi\/wp-json\/wp\/v2\/product"}],"about":[{"href":"https:\/\/nordicmart.andreevmaster.com\/fi\/wp-json\/wp\/v2\/types\/product"}],"replies":[{"embeddable":true,"href":"https:\/\/nordicmart.andreevmaster.com\/fi\/wp-json\/wp\/v2\/comments?post=32314"}],"wp:featuredmedia":[{"embeddable":true,"href":"https:\/\/nordicmart.andreevmaster.com\/fi\/wp-json\/wp\/v2\/media\/41350"}],"wp:attachment":[{"href":"https:\/\/nordicmart.andreevmaster.com\/fi\/wp-json\/wp\/v2\/media?parent=32314"}],"wp:term":[{"taxonomy":"product_brand","embeddable":true,"href":"https:\/\/nordicmart.andreevmaster.com\/fi\/wp-json\/wp\/v2\/product_brand?post=32314"},{"taxonomy":"product_cat","embeddable":true,"href":"https:\/\/nordicmart.andreevmaster.com\/fi\/wp-json\/wp\/v2\/product_cat?post=32314"},{"taxonomy":"product_tag","embeddable":true,"href":"https:\/\/nordicmart.andreevmaster.com\/fi\/wp-json\/wp\/v2\/product_tag?post=32314"}],"curies":[{"name":"wp","href":"https:\/\/api.w.org\/{rel}","templated":true}]}}