{"id":32312,"date":"2026-02-27T00:16:50","date_gmt":"2026-02-27T00:16:50","guid":{"rendered":"https:\/\/nordicmart.andreevmaster.com\/product\/vasagle-keittiohylly-seisomahylly-leipomohylly-koukkuilla-ja-hyllylevyilla\/"},"modified":"2026-02-27T09:38:40","modified_gmt":"2026-02-27T09:38:40","slug":"vasagle-keittiohylly-seisomahylly-leipomohylly-koukkuilla-ja-hyllylevyilla","status":"publish","type":"product","link":"https:\/\/nordicmart.andreevmaster.com\/fi\/tuote\/vasagle-keittiohylly-seisomahylly-leipomohylly-koukkuilla-ja-hyllylevyilla\/","title":{"rendered":"VASAGLE keitti\u00f6hylly, seisomahylly, leipomohylly koukkuilla ja hyllylevyill\u00e4"},"content":{"rendered":"<p>VASAGLE keitti\u00f6hylly, seisomahylly 2 metallikorilla, leipomohylly koukkuilla ja hyllylevyill\u00e4, mikroaaltouunihylly<br \/>\nTekniset tiedot:<br \/>\n&#8211; Mitat: 35 x 80 x 93,5 cm (S x L x K)<br \/>\n&#8211; Paino: 12,3 kg<br \/>\n&#8211; Ty\u00f6tason maks. staattinen kantavuus: 39 kg<br \/>\n&#8211; Alimman suuren hyllyn maks. staattinen kantavuus: 39 kg<br \/>\n&#8211; Alimman pienen hyllyn suurin staattinen kantavuus: 32 kg<br \/>\n&#8211; Hyllyverkon suurin staattinen kantavuus: 32 kg<br \/>\n&#8211; Maks. staattinen kantavuus ritil\u00e4koria kohti: 5 kg<br \/>\n&#8211; Materiaali: lastulevy, ter\u00e4s<br \/>\n&#8211; V\u00e4rit: antrasiitinharmaa-mustanmusta<\/p>\n","protected":false},"excerpt":{"rendered":"<p>VASAGLE keitti\u00f6hylly, seisomahylly 2 metallikorilla, leipomohylly koukkuilla ja hyllylevyill\u00e4, mikroaaltouunihylly<\/p>\n","protected":false},"featured_media":41348,"comment_status":"open","ping_status":"closed","template":"","meta":[],"product_brand":[],"product_cat":[32],"product_tag":[],"class_list":{"0":"post-32312","1":"product","2":"type-product","3":"status-publish","4":"has-post-thumbnail","6":"product_cat-uncategorized-fi","8":"first","9":"instock","10":"shipping-taxable","11":"purchasable","12":"product-type-simple"},"_links":{"self":[{"href":"https:\/\/nordicmart.andreevmaster.com\/fi\/wp-json\/wp\/v2\/product\/32312","targetHints":{"allow":["GET"]}}],"collection":[{"href":"https:\/\/nordicmart.andreevmaster.com\/fi\/wp-json\/wp\/v2\/product"}],"about":[{"href":"https:\/\/nordicmart.andreevmaster.com\/fi\/wp-json\/wp\/v2\/types\/product"}],"replies":[{"embeddable":true,"href":"https:\/\/nordicmart.andreevmaster.com\/fi\/wp-json\/wp\/v2\/comments?post=32312"}],"wp:featuredmedia":[{"embeddable":true,"href":"https:\/\/nordicmart.andreevmaster.com\/fi\/wp-json\/wp\/v2\/media\/41348"}],"wp:attachment":[{"href":"https:\/\/nordicmart.andreevmaster.com\/fi\/wp-json\/wp\/v2\/media?parent=32312"}],"wp:term":[{"taxonomy":"product_brand","embeddable":true,"href":"https:\/\/nordicmart.andreevmaster.com\/fi\/wp-json\/wp\/v2\/product_brand?post=32312"},{"taxonomy":"product_cat","embeddable":true,"href":"https:\/\/nordicmart.andreevmaster.com\/fi\/wp-json\/wp\/v2\/product_cat?post=32312"},{"taxonomy":"product_tag","embeddable":true,"href":"https:\/\/nordicmart.andreevmaster.com\/fi\/wp-json\/wp\/v2\/product_tag?post=32312"}],"curies":[{"name":"wp","href":"https:\/\/api.w.org\/{rel}","templated":true}]}}