{"id":32310,"date":"2026-02-27T00:16:49","date_gmt":"2026-02-27T00:16:49","guid":{"rendered":"https:\/\/nordicmart.andreevmaster.com\/product\/vasagle-keittiohylly-teollinen-muotoilu-tammivarinen-valkoinen\/"},"modified":"2026-02-27T09:38:40","modified_gmt":"2026-02-27T09:38:40","slug":"vasagle-keittiohylly-teollinen-muotoilu-tammivarinen-valkoinen","status":"publish","type":"product","link":"https:\/\/nordicmart.andreevmaster.com\/fi\/tuote\/vasagle-keittiohylly-teollinen-muotoilu-tammivarinen-valkoinen\/","title":{"rendered":"VASAGLE keitti\u00f6hylly, teollinen muotoilu, tammiv\u00e4rinen-valkoinen"},"content":{"rendered":"<p>VASAGLE keitti\u00f6hylly, keitti\u00f6n lattiateline, mikroaaltouunihylly, seisova, 6 hyllytasoa ja 6 koukkua, mikroaaltouunille, ter\u00e4srunko, teollinen muotoilu<br \/>\nV\u00e4ri: tammiv\u00e4ri-valkoinen<br \/>\nMateriaali: lastulevy, ter\u00e4s<br \/>\nKoko: 40 x 100 x 167 cm (S x L x K)<br \/>\nPaino: 25,8 kg<br \/>\nYl\u00e4hyllyn maks. staattinen kantavuus: 18 kg<br \/>\nKeskimm\u00e4isen ty\u00f6tason maks. staattinen kantavuus: 52 kg<br \/>\nJokaisen alimman hyllyn maksimaalinen staattinen kantavuus: 52 kg<\/p>\n","protected":false},"excerpt":{"rendered":"<p>VASAGLE keitti\u00f6hylly, keitti\u00f6n lattiateline, mikroaaltouunihylly, seisova, 6 hyllytasoa ja 6 koukkua, mikroaaltouunille, ter\u00e4srunko, teollinen muotoilu<\/p>\n","protected":false},"featured_media":41346,"comment_status":"open","ping_status":"closed","template":"","meta":[],"product_brand":[],"product_cat":[32],"product_tag":[],"class_list":{"0":"post-32310","1":"product","2":"type-product","3":"status-publish","4":"has-post-thumbnail","6":"product_cat-uncategorized-fi","8":"first","9":"instock","10":"shipping-taxable","11":"purchasable","12":"product-type-simple"},"_links":{"self":[{"href":"https:\/\/nordicmart.andreevmaster.com\/fi\/wp-json\/wp\/v2\/product\/32310","targetHints":{"allow":["GET"]}}],"collection":[{"href":"https:\/\/nordicmart.andreevmaster.com\/fi\/wp-json\/wp\/v2\/product"}],"about":[{"href":"https:\/\/nordicmart.andreevmaster.com\/fi\/wp-json\/wp\/v2\/types\/product"}],"replies":[{"embeddable":true,"href":"https:\/\/nordicmart.andreevmaster.com\/fi\/wp-json\/wp\/v2\/comments?post=32310"}],"wp:featuredmedia":[{"embeddable":true,"href":"https:\/\/nordicmart.andreevmaster.com\/fi\/wp-json\/wp\/v2\/media\/41346"}],"wp:attachment":[{"href":"https:\/\/nordicmart.andreevmaster.com\/fi\/wp-json\/wp\/v2\/media?parent=32310"}],"wp:term":[{"taxonomy":"product_brand","embeddable":true,"href":"https:\/\/nordicmart.andreevmaster.com\/fi\/wp-json\/wp\/v2\/product_brand?post=32310"},{"taxonomy":"product_cat","embeddable":true,"href":"https:\/\/nordicmart.andreevmaster.com\/fi\/wp-json\/wp\/v2\/product_cat?post=32310"},{"taxonomy":"product_tag","embeddable":true,"href":"https:\/\/nordicmart.andreevmaster.com\/fi\/wp-json\/wp\/v2\/product_tag?post=32310"}],"curies":[{"name":"wp","href":"https:\/\/api.w.org\/{rel}","templated":true}]}}