{"id":32300,"date":"2026-02-27T00:16:47","date_gmt":"2026-02-27T00:16:47","guid":{"rendered":"https:\/\/nordicmart.andreevmaster.com\/product\/vasagle-keittiohylly-mikroaaltouunin-teline-6-hyllytasoa-ja-6-koukkua\/"},"modified":"2026-02-27T09:38:38","modified_gmt":"2026-02-27T09:38:38","slug":"vasagle-keittiohylly-mikroaaltouunin-teline-6-hyllytasoa-ja-6-koukkua","status":"publish","type":"product","link":"https:\/\/nordicmart.andreevmaster.com\/fi\/tuote\/vasagle-keittiohylly-mikroaaltouunin-teline-6-hyllytasoa-ja-6-koukkua\/","title":{"rendered":"VASAGLE keitti\u00f6hylly, mikroaaltouunin teline, 6 hyllytasoa ja 6 koukkua"},"content":{"rendered":"<p> &#8211; V\u00e4ri: vintage-ruskea-musta &#8211; Materiaali: lastulevy, ter\u00e4s &#8211; Koko: 40 x 60 x 167 cm (S x L x K) &#8211; Paino: 16,1 kg &#8211; Kunkin yl\u00e4hyllyn maks. staattinen kantavuus: 10 kg &#8211; Keskimm\u00e4isen ty\u00f6tason maks. staattinen kantavuus: 38,5 kg &#8211; Kunkin alahyllyn maks. staattinen kantavuus: 36 kg Toimitus sis\u00e4lt\u00e4\u00e4: &#8211; 1 x keitti\u00f6hylly &#8211; 6 x S-muotoista koukkua &#8211; 1 x kaatumissuoja &#8211; 1 x lis\u00e4varustepaketti &#8211; 1 x ohjeet<\/p>\n","protected":false},"excerpt":{"rendered":"<p>Keitti\u00f6hylly, seisova hylly mikroaaltouunille, 6 hyllytasoa ja 6 koukkua, 40 x 60 x 167 cm, vintage-ruskea-musta<\/p>\n","protected":false},"featured_media":41336,"comment_status":"open","ping_status":"closed","template":"","meta":[],"product_brand":[],"product_cat":[32],"product_tag":[],"class_list":{"0":"post-32300","1":"product","2":"type-product","3":"status-publish","4":"has-post-thumbnail","6":"product_cat-uncategorized-fi","8":"first","9":"instock","10":"shipping-taxable","11":"purchasable","12":"product-type-simple"},"_links":{"self":[{"href":"https:\/\/nordicmart.andreevmaster.com\/fi\/wp-json\/wp\/v2\/product\/32300","targetHints":{"allow":["GET"]}}],"collection":[{"href":"https:\/\/nordicmart.andreevmaster.com\/fi\/wp-json\/wp\/v2\/product"}],"about":[{"href":"https:\/\/nordicmart.andreevmaster.com\/fi\/wp-json\/wp\/v2\/types\/product"}],"replies":[{"embeddable":true,"href":"https:\/\/nordicmart.andreevmaster.com\/fi\/wp-json\/wp\/v2\/comments?post=32300"}],"wp:featuredmedia":[{"embeddable":true,"href":"https:\/\/nordicmart.andreevmaster.com\/fi\/wp-json\/wp\/v2\/media\/41336"}],"wp:attachment":[{"href":"https:\/\/nordicmart.andreevmaster.com\/fi\/wp-json\/wp\/v2\/media?parent=32300"}],"wp:term":[{"taxonomy":"product_brand","embeddable":true,"href":"https:\/\/nordicmart.andreevmaster.com\/fi\/wp-json\/wp\/v2\/product_brand?post=32300"},{"taxonomy":"product_cat","embeddable":true,"href":"https:\/\/nordicmart.andreevmaster.com\/fi\/wp-json\/wp\/v2\/product_cat?post=32300"},{"taxonomy":"product_tag","embeddable":true,"href":"https:\/\/nordicmart.andreevmaster.com\/fi\/wp-json\/wp\/v2\/product_tag?post=32300"}],"curies":[{"name":"wp","href":"https:\/\/api.w.org\/{rel}","templated":true}]}}