{"id":32295,"date":"2026-02-27T00:16:46","date_gmt":"2026-02-27T00:16:46","guid":{"rendered":"https:\/\/nordicmart.andreevmaster.com\/product\/vasagle-keittiohylly-jossa-on-ritilakorit-teollinen-tyyli\/"},"modified":"2026-02-27T09:38:37","modified_gmt":"2026-02-27T09:38:37","slug":"vasagle-keittiohylly-jossa-on-ritilakorit-teollinen-tyyli","status":"publish","type":"product","link":"https:\/\/nordicmart.andreevmaster.com\/fi\/tuote\/vasagle-keittiohylly-jossa-on-ritilakorit-teollinen-tyyli\/","title":{"rendered":"VASAGLE keitti\u00f6hylly, jossa on ritil\u00e4korit, teollinen tyyli"},"content":{"rendered":"<p>Tuotetiedot: &#8211; V\u00e4ri: vintage\/tummanruskea &#8211; Materiaali: lastulevy, rauta &#8211; Koko: 80 x 35 x 95 cm (P x L x K) &#8211; Paino: 11,8 kg &#8211; Hyllykerroksen maks. staattinen kantavuus: 20 kg &#8211; Ritil\u00e4korin maks. staattinen kantavuus: 10 kg Toimitus sis\u00e4lt\u00e4\u00e4:- 1 x keitti\u00f6hylly &#8211; 6 x koukku &#8211; 1 x asennustarvikkeet &#8211; 1 x ohjeet (DE, EN, IT, FR, ES) VASAGLE Huomautukset: &#8211; Pid\u00e4 lapset poissa ty\u00f6alueelta asennuksen aikana. Toimitukseen sis\u00e4ltyy monia pieni\u00e4 osia, jotka voivat olla hengenvaarallisia, jos ne nielaistaan tai hengitet\u00e4\u00e4n. &#8211; \u00c4l\u00e4 anna lasten kiivet\u00e4 tuotteen p\u00e4\u00e4lle. &#8211; Pid\u00e4 tuote poissa ter\u00e4vien ja ter\u00e4vien esineiden sek\u00e4 sy\u00f6vytt\u00e4vien kemikaalien l\u00e4heisyydest\u00e4, jotta sen pinta ei vahingoitu. &#8211; Suurin staattinen kantavuus on 80 kg. \u00c4l\u00e4 aseta tuotteen p\u00e4\u00e4lle painavampia esineit\u00e4.<\/p>\n","protected":false},"excerpt":{"rendered":"<p>VASAGLE keitti\u00f6hylly, seisomahylly 2 metallikorilla, leipomohylly koukkuilla ja hyllylevyill\u00e4, mikroaaltouunihylly, 80 x 35 x 95 cm, teollinen muotoilu, vintage, tummanruskea KKS96X<\/p>\n","protected":false},"featured_media":41331,"comment_status":"open","ping_status":"closed","template":"","meta":[],"product_brand":[],"product_cat":[32],"product_tag":[],"class_list":{"0":"post-32295","1":"product","2":"type-product","3":"status-publish","4":"has-post-thumbnail","6":"product_cat-uncategorized-fi","8":"first","9":"instock","10":"shipping-taxable","11":"purchasable","12":"product-type-simple"},"_links":{"self":[{"href":"https:\/\/nordicmart.andreevmaster.com\/fi\/wp-json\/wp\/v2\/product\/32295","targetHints":{"allow":["GET"]}}],"collection":[{"href":"https:\/\/nordicmart.andreevmaster.com\/fi\/wp-json\/wp\/v2\/product"}],"about":[{"href":"https:\/\/nordicmart.andreevmaster.com\/fi\/wp-json\/wp\/v2\/types\/product"}],"replies":[{"embeddable":true,"href":"https:\/\/nordicmart.andreevmaster.com\/fi\/wp-json\/wp\/v2\/comments?post=32295"}],"wp:featuredmedia":[{"embeddable":true,"href":"https:\/\/nordicmart.andreevmaster.com\/fi\/wp-json\/wp\/v2\/media\/41331"}],"wp:attachment":[{"href":"https:\/\/nordicmart.andreevmaster.com\/fi\/wp-json\/wp\/v2\/media?parent=32295"}],"wp:term":[{"taxonomy":"product_brand","embeddable":true,"href":"https:\/\/nordicmart.andreevmaster.com\/fi\/wp-json\/wp\/v2\/product_brand?post=32295"},{"taxonomy":"product_cat","embeddable":true,"href":"https:\/\/nordicmart.andreevmaster.com\/fi\/wp-json\/wp\/v2\/product_cat?post=32295"},{"taxonomy":"product_tag","embeddable":true,"href":"https:\/\/nordicmart.andreevmaster.com\/fi\/wp-json\/wp\/v2\/product_tag?post=32295"}],"curies":[{"name":"wp","href":"https:\/\/api.w.org\/{rel}","templated":true}]}}