{"id":32294,"date":"2026-02-27T00:16:45","date_gmt":"2026-02-27T00:16:45","guid":{"rendered":"https:\/\/nordicmart.andreevmaster.com\/product\/vasagle-teollinen-keittiohylly\/"},"modified":"2026-02-27T09:38:37","modified_gmt":"2026-02-27T09:38:37","slug":"vasagle-teollinen-keittiohylly","status":"publish","type":"product","link":"https:\/\/nordicmart.andreevmaster.com\/fi\/tuote\/vasagle-teollinen-keittiohylly\/","title":{"rendered":"VASAGLE Teollinen keitti\u00f6hylly"},"content":{"rendered":"<p>Tuotekuvaus: Uuden VASAGLE-br\u00e4ndimme trendikk\u00e4\u00e4n vintage-tyylisen keitti\u00f6hyllyn avulla voit luoda juuri sen, mit\u00e4 suunnittelijat ovat ajatelleet: v\u00e4limerellisen tunnelman omassa kodissasi.  Tehokas keitti\u00f6apulainen T\u00e4m\u00e4n keitti\u00f6hyllyn tyylik\u00e4s ulkon\u00e4k\u00f6 saattaa h\u00e4m\u00e4t\u00e4 siit\u00e4, ett\u00e4 se kest\u00e4\u00e4 uskomatonta kyll\u00e4 jopa 80 kg:n painon. Eri hyllyille mahtuu siis my\u00f6s keittokirjoja, raskaampia keitti\u00f6koneita, kuten mikroaaltouuni, tai pinoja kattiloita ja pannuja.  Mikroaaltouuni, miniuuni, mausteet Viidelle eri korkeudelle sijoitellulle hyllylle, ulosvedett\u00e4v\u00e4\u00e4n metallikoriin ja kuudelle S-muotoiselle koukulle mahtuu erilaisia keitti\u00f6koneita, reseptej\u00e4, mausteita, pastapakkauksia tai kuivausliinoja. Kompakti huonekalu on siis todellinen monitaituri \u2013 se ei vain osaa viel\u00e4 lent\u00e4\u00e4. Tuotetiedot: &#8211; V\u00e4ri: vintage-ruskea-musta &#8211; Materiaali: lastulevy, ter\u00e4s &#8211; Koko: 90 x 40 x 84 cm (P x L x K) &#8211; Paino: 19,22 kg &#8211; Maks. staattinen kokonaiskuormitus: 80 kg Toimitus sis\u00e4lt\u00e4\u00e4: &#8211; 1 x keitti\u00f6hylly &#8211; 1 x lis\u00e4varustepussi &#8211; 1 x ohjeet (DE, EN, FR, ES, IT) SONGMICS Huomautukset: &#8211; Hygieniasyist\u00e4 v\u00e4lt\u00e4 elintarvikkeiden suoraa kosketusta metallikorin kanssa.<\/p>\n","protected":false},"excerpt":{"rendered":"<p>VASAGLE tukeva hyllykk\u00f6, metallinen keitti\u00f6hylly, tilaa s\u00e4\u00e4st\u00e4v\u00e4 mikroaaltouunihylly ter\u00e4srungolla ja metallikorilla, teollinen muotoilu, puun ulkon\u00e4k\u00f6, vintage-ruskea-musta KKS90X<\/p>\n","protected":false},"featured_media":41330,"comment_status":"open","ping_status":"closed","template":"","meta":[],"product_brand":[],"product_cat":[32],"product_tag":[],"class_list":{"0":"post-32294","1":"product","2":"type-product","3":"status-publish","4":"has-post-thumbnail","6":"product_cat-uncategorized-fi","8":"first","9":"instock","10":"shipping-taxable","11":"purchasable","12":"product-type-simple"},"_links":{"self":[{"href":"https:\/\/nordicmart.andreevmaster.com\/fi\/wp-json\/wp\/v2\/product\/32294","targetHints":{"allow":["GET"]}}],"collection":[{"href":"https:\/\/nordicmart.andreevmaster.com\/fi\/wp-json\/wp\/v2\/product"}],"about":[{"href":"https:\/\/nordicmart.andreevmaster.com\/fi\/wp-json\/wp\/v2\/types\/product"}],"replies":[{"embeddable":true,"href":"https:\/\/nordicmart.andreevmaster.com\/fi\/wp-json\/wp\/v2\/comments?post=32294"}],"wp:featuredmedia":[{"embeddable":true,"href":"https:\/\/nordicmart.andreevmaster.com\/fi\/wp-json\/wp\/v2\/media\/41330"}],"wp:attachment":[{"href":"https:\/\/nordicmart.andreevmaster.com\/fi\/wp-json\/wp\/v2\/media?parent=32294"}],"wp:term":[{"taxonomy":"product_brand","embeddable":true,"href":"https:\/\/nordicmart.andreevmaster.com\/fi\/wp-json\/wp\/v2\/product_brand?post=32294"},{"taxonomy":"product_cat","embeddable":true,"href":"https:\/\/nordicmart.andreevmaster.com\/fi\/wp-json\/wp\/v2\/product_cat?post=32294"},{"taxonomy":"product_tag","embeddable":true,"href":"https:\/\/nordicmart.andreevmaster.com\/fi\/wp-json\/wp\/v2\/product_tag?post=32294"}],"curies":[{"name":"wp","href":"https:\/\/api.w.org\/{rel}","templated":true}]}}