{"id":32292,"date":"2026-02-27T00:16:45","date_gmt":"2026-02-27T00:16:45","guid":{"rendered":"https:\/\/nordicmart.andreevmaster.com\/product\/vasagle-keittiohylly-pyorilla-teollinen-tyyli\/"},"modified":"2026-02-27T09:38:36","modified_gmt":"2026-02-27T09:38:36","slug":"vasagle-keittiohylly-pyorilla-teollinen-tyyli","status":"publish","type":"product","link":"https:\/\/nordicmart.andreevmaster.com\/fi\/tuote\/vasagle-keittiohylly-pyorilla-teollinen-tyyli\/","title":{"rendered":"VASAGLE keitti\u00f6hylly py\u00f6rill\u00e4, teollinen tyyli"},"content":{"rendered":"<p>Tuotetiedot: &#8211; V\u00e4ri: Vintage\/tummanruskea &#8211; Materiaali: Melamiiniviilutettu lastulevy, rauta &#8211; Kokonaismitat: 80 x 40 x 86,5 cm (P x L x K) &#8211; P\u00f6yt\u00e4levyn mitat: 80 x 40 x 1,5 cm (P x L x K) &#8211; Paino: 16,5 kg &#8211; Maks. staattinen kokonaiskuormitus: 80 kg Toimitus sis\u00e4lt\u00e4\u00e4:- 1 x keitti\u00f6hylly &#8211; 4 x yleispy\u00f6r\u00e4 (2 jarruilla) &#8211; 4 x s\u00e4\u00e4dett\u00e4v\u00e4 jalka &#8211; 1 x asennustarvikkeet &#8211; 1 x ohjeet (DE, EN, IT, FR, ES) VASAGLE Huomautukset: &#8211; Pid\u00e4 lapset poissa ty\u00f6alueelta asennuksen aikana. Toimitukseen sis\u00e4ltyy monia pieni\u00e4 osia, jotka voivat olla hengenvaarallisia, jos ne nielaistaan tai hengitet\u00e4\u00e4n. &#8211; Pid\u00e4 tuote poissa ter\u00e4vien ja ter\u00e4vien esineiden sek\u00e4 sy\u00f6vytt\u00e4vien kemikaalien l\u00e4heisyydest\u00e4, jotta sen pinta ei vahingoitu. &#8211; \u00c4l\u00e4 anna lasten kiivet\u00e4 tuotteen p\u00e4\u00e4lle. &#8211; Suurin staattinen kantavuus on 80 kg. \u00c4l\u00e4 aseta tuotteen p\u00e4\u00e4lle painavampia esineit\u00e4.<\/p>\n","protected":false},"excerpt":{"rendered":"<p>VASAGLE keitti\u00f6hylly metallikorilla ja pullotelineell\u00e4, viiniteline, tarjoiluvaunu, keitti\u00f6vaunu, rullavaunu 3 hyllyll\u00e4, 80 x 40 x 86,5 cm, teollinen muotoilu, vintage, tummanruskea KKS80X<\/p>\n","protected":false},"featured_media":41328,"comment_status":"open","ping_status":"closed","template":"","meta":[],"product_brand":[],"product_cat":[32],"product_tag":[],"class_list":{"0":"post-32292","1":"product","2":"type-product","3":"status-publish","4":"has-post-thumbnail","6":"product_cat-uncategorized-fi","8":"first","9":"instock","10":"shipping-taxable","11":"purchasable","12":"product-type-simple"},"_links":{"self":[{"href":"https:\/\/nordicmart.andreevmaster.com\/fi\/wp-json\/wp\/v2\/product\/32292","targetHints":{"allow":["GET"]}}],"collection":[{"href":"https:\/\/nordicmart.andreevmaster.com\/fi\/wp-json\/wp\/v2\/product"}],"about":[{"href":"https:\/\/nordicmart.andreevmaster.com\/fi\/wp-json\/wp\/v2\/types\/product"}],"replies":[{"embeddable":true,"href":"https:\/\/nordicmart.andreevmaster.com\/fi\/wp-json\/wp\/v2\/comments?post=32292"}],"wp:featuredmedia":[{"embeddable":true,"href":"https:\/\/nordicmart.andreevmaster.com\/fi\/wp-json\/wp\/v2\/media\/41328"}],"wp:attachment":[{"href":"https:\/\/nordicmart.andreevmaster.com\/fi\/wp-json\/wp\/v2\/media?parent=32292"}],"wp:term":[{"taxonomy":"product_brand","embeddable":true,"href":"https:\/\/nordicmart.andreevmaster.com\/fi\/wp-json\/wp\/v2\/product_brand?post=32292"},{"taxonomy":"product_cat","embeddable":true,"href":"https:\/\/nordicmart.andreevmaster.com\/fi\/wp-json\/wp\/v2\/product_cat?post=32292"},{"taxonomy":"product_tag","embeddable":true,"href":"https:\/\/nordicmart.andreevmaster.com\/fi\/wp-json\/wp\/v2\/product_tag?post=32292"}],"curies":[{"name":"wp","href":"https:\/\/api.w.org\/{rel}","templated":true}]}}