{"id":32291,"date":"2026-02-27T00:16:45","date_gmt":"2026-02-27T00:16:45","guid":{"rendered":"https:\/\/nordicmart.andreevmaster.com\/product\/vasagle-rullattava-keittiohylly-teollinen-muotoilu\/"},"modified":"2026-02-27T09:38:36","modified_gmt":"2026-02-27T09:38:36","slug":"vasagle-rullattava-keittiohylly-teollinen-muotoilu","status":"publish","type":"product","link":"https:\/\/nordicmart.andreevmaster.com\/fi\/tuote\/vasagle-rullattava-keittiohylly-teollinen-muotoilu\/","title":{"rendered":"VASAGLE Rullattava keitti\u00f6hylly Teollinen muotoilu"},"content":{"rendered":"<p>Ruoka py\u00f6rill\u00e4Ty\u00f6nn\u00e4 herkullisen tuoksuvat ruoat ruokasaliin ja lukitse jarrut, jotta herkulliset ruoat eiv\u00e4t p\u00e4\u00e4se karkaamaan.Tuotetiedot:- V\u00e4ri: vintage\/tummanruskea- Materiaali: lastulevy, rauta- Tuotteen koko: 60 x 40 x 89 cm (P x L x K) &#8211; Yl\u00e4hyllyn koko: 60 x 40 cm (P x L) &#8211; Keskimm\u00e4isen ja alimman hyllyn koko: 52 x 37,5 cm (P x L) &#8211; Paino: 10,9 kg &#8211; Maks. staattinen kokonaiskuormitus: 80 kg Toimitus sis\u00e4lt\u00e4\u00e4:- 1 x keitti\u00f6hylly &#8211; 6 x S-koukku &#8211; 1 x asennustarvikkeet &#8211; 1 x ohjeet (DE, EN, ES, FR, IT)<\/p>\n","protected":false},"excerpt":{"rendered":"<p>VASAGLE Keitti\u00f6hylly py\u00f6rill\u00e4, tarjoiluvaunu 3 hyllyll\u00e4, mikroaaltouunihylly, miniuunille, leiv\u00e4npaahtimelle, vedenkeittimelle, metalli, 6 koukulla, teollinen muotoilu, vintage, tummanruskea KKS60XV1<\/p>\n","protected":false},"featured_media":41327,"comment_status":"open","ping_status":"closed","template":"","meta":[],"product_brand":[],"product_cat":[32],"product_tag":[],"class_list":{"0":"post-32291","1":"product","2":"type-product","3":"status-publish","4":"has-post-thumbnail","6":"product_cat-uncategorized-fi","8":"first","9":"instock","10":"shipping-taxable","11":"purchasable","12":"product-type-simple"},"_links":{"self":[{"href":"https:\/\/nordicmart.andreevmaster.com\/fi\/wp-json\/wp\/v2\/product\/32291","targetHints":{"allow":["GET"]}}],"collection":[{"href":"https:\/\/nordicmart.andreevmaster.com\/fi\/wp-json\/wp\/v2\/product"}],"about":[{"href":"https:\/\/nordicmart.andreevmaster.com\/fi\/wp-json\/wp\/v2\/types\/product"}],"replies":[{"embeddable":true,"href":"https:\/\/nordicmart.andreevmaster.com\/fi\/wp-json\/wp\/v2\/comments?post=32291"}],"wp:featuredmedia":[{"embeddable":true,"href":"https:\/\/nordicmart.andreevmaster.com\/fi\/wp-json\/wp\/v2\/media\/41327"}],"wp:attachment":[{"href":"https:\/\/nordicmart.andreevmaster.com\/fi\/wp-json\/wp\/v2\/media?parent=32291"}],"wp:term":[{"taxonomy":"product_brand","embeddable":true,"href":"https:\/\/nordicmart.andreevmaster.com\/fi\/wp-json\/wp\/v2\/product_brand?post=32291"},{"taxonomy":"product_cat","embeddable":true,"href":"https:\/\/nordicmart.andreevmaster.com\/fi\/wp-json\/wp\/v2\/product_cat?post=32291"},{"taxonomy":"product_tag","embeddable":true,"href":"https:\/\/nordicmart.andreevmaster.com\/fi\/wp-json\/wp\/v2\/product_tag?post=32291"}],"curies":[{"name":"wp","href":"https:\/\/api.w.org\/{rel}","templated":true}]}}