{"id":32290,"date":"2026-02-27T00:16:44","date_gmt":"2026-02-27T00:16:44","guid":{"rendered":"https:\/\/nordicmart.andreevmaster.com\/product\/keittiohylly-pyorilla-tarjoiluvaunu-3-hyllylla-mikroaaltouunihylly-miniuunille-leivanpaahdin-metallirunko-6-koukulla-teollinen-muotoilu-rustiikkinen-ruskea-kks60xv1\/"},"modified":"2026-02-27T09:38:36","modified_gmt":"2026-02-27T09:38:36","slug":"keittiohylly-pyorilla-tarjoiluvaunu-3-hyllylla-mikroaaltouunihylly-miniuunille-leivanpaahdin-metallirunko-6-koukulla-teollinen-muotoilu-rustiikkinen-ruskea-kks60xv1","status":"publish","type":"product","link":"https:\/\/nordicmart.andreevmaster.com\/fi\/tuote\/keittiohylly-pyorilla-tarjoiluvaunu-3-hyllylla-mikroaaltouunihylly-miniuunille-leivanpaahdin-metallirunko-6-koukulla-teollinen-muotoilu-rustiikkinen-ruskea-kks60xv1\/","title":{"rendered":"Keitti\u00f6hylly py\u00f6rill\u00e4, tarjoiluvaunu 3 hyllyll\u00e4, mikroaaltouunihylly, miniuunille, leiv\u00e4npaahdin, metallirunko 6 koukulla, teollinen muotoilu, rustiikkinen ruskea KKS60XV1"},"content":{"rendered":"","protected":false},"excerpt":{"rendered":"","protected":false},"featured_media":0,"comment_status":"open","ping_status":"closed","template":"","meta":[],"product_brand":[],"product_cat":[32],"product_tag":[],"class_list":{"0":"post-32290","1":"product","2":"type-product","3":"status-publish","5":"product_cat-uncategorized-fi","7":"first","8":"instock","9":"shipping-taxable","10":"product-type-simple"},"_links":{"self":[{"href":"https:\/\/nordicmart.andreevmaster.com\/fi\/wp-json\/wp\/v2\/product\/32290","targetHints":{"allow":["GET"]}}],"collection":[{"href":"https:\/\/nordicmart.andreevmaster.com\/fi\/wp-json\/wp\/v2\/product"}],"about":[{"href":"https:\/\/nordicmart.andreevmaster.com\/fi\/wp-json\/wp\/v2\/types\/product"}],"replies":[{"embeddable":true,"href":"https:\/\/nordicmart.andreevmaster.com\/fi\/wp-json\/wp\/v2\/comments?post=32290"}],"wp:attachment":[{"href":"https:\/\/nordicmart.andreevmaster.com\/fi\/wp-json\/wp\/v2\/media?parent=32290"}],"wp:term":[{"taxonomy":"product_brand","embeddable":true,"href":"https:\/\/nordicmart.andreevmaster.com\/fi\/wp-json\/wp\/v2\/product_brand?post=32290"},{"taxonomy":"product_cat","embeddable":true,"href":"https:\/\/nordicmart.andreevmaster.com\/fi\/wp-json\/wp\/v2\/product_cat?post=32290"},{"taxonomy":"product_tag","embeddable":true,"href":"https:\/\/nordicmart.andreevmaster.com\/fi\/wp-json\/wp\/v2\/product_tag?post=32290"}],"curies":[{"name":"wp","href":"https:\/\/api.w.org\/{rel}","templated":true}]}}