{"id":32286,"date":"2026-02-27T00:16:43","date_gmt":"2026-02-27T00:16:43","guid":{"rendered":"https:\/\/nordicmart.andreevmaster.com\/product\/vasagle-keittiohylly-teollinen-muotoilu\/"},"modified":"2026-02-27T09:38:35","modified_gmt":"2026-02-27T09:38:35","slug":"vasagle-keittiohylly-teollinen-muotoilu","status":"publish","type":"product","link":"https:\/\/nordicmart.andreevmaster.com\/fi\/tuote\/vasagle-keittiohylly-teollinen-muotoilu\/","title":{"rendered":"VASAGLE keitti\u00f6hylly, teollinen muotoilu"},"content":{"rendered":"<p>Tuotetiedot: &#8211; V\u00e4ri: tummanruskea\/vintage &#8211; Materiaali: melamiinipinnoitettu lastulevy, rauta &#8211; Kokonaismitat: 84 x 40 x 170 cm (P x L x K) &#8211; Paino: 18 kg &#8211; Maks. staattinen kantavuus puunv\u00e4risell\u00e4 hyllyll\u00e4: 30 kg &#8211; Maks. staattinen kantavuus ritil\u00e4hyllyll\u00e4: 20 kg &#8211; Maks. staattinen kantavuus koukulla: 3 kg &#8211; Maks. staattinen kantavuus pienell\u00e4 hyllyll\u00e4 yl\u00e4osassa: 10 kg Toimitus sis\u00e4lt\u00e4\u00e4:- 1 x keitti\u00f6hylly &#8211; 10 x koukku &#8211; 2 x kaatumissuoja &#8211; 1 x lis\u00e4varustepussi &#8211; 1 x ohjeet (DE, EN, FR, ES, IT) VASAGLE-ohjeet: &#8211; \u00c4l\u00e4 altista tuotetta suoralle auringonvalolle. &#8211; Tuote ei saa joutua kosketuksiin ter\u00e4vien tai ter\u00e4vien esineiden kanssa. &#8211; \u00c4l\u00e4 aseta raskaita esineit\u00e4 tuotteen p\u00e4\u00e4lle. &#8211; Kiinnit\u00e4 tuote sein\u00e4\u00e4n mukana toimitetulla kaatumissuojalla.<\/p>\n","protected":false},"excerpt":{"rendered":"<p>VASAGLE Teollisen muotoilun keitti\u00f6hylly, keitti\u00f6n seisomahylly, puun n\u00e4k\u00f6iset hyllytasot, 10 koukkua, metallinen ritil\u00e4, mikroaaltouunille, astioille, 84 x 40 x 170 cm, vintage, tummanruskea KKS17BX<\/p>\n","protected":false},"featured_media":41323,"comment_status":"open","ping_status":"closed","template":"","meta":[],"product_brand":[],"product_cat":[32],"product_tag":[],"class_list":{"0":"post-32286","1":"product","2":"type-product","3":"status-publish","4":"has-post-thumbnail","6":"product_cat-uncategorized-fi","8":"first","9":"instock","10":"shipping-taxable","11":"purchasable","12":"product-type-simple"},"_links":{"self":[{"href":"https:\/\/nordicmart.andreevmaster.com\/fi\/wp-json\/wp\/v2\/product\/32286","targetHints":{"allow":["GET"]}}],"collection":[{"href":"https:\/\/nordicmart.andreevmaster.com\/fi\/wp-json\/wp\/v2\/product"}],"about":[{"href":"https:\/\/nordicmart.andreevmaster.com\/fi\/wp-json\/wp\/v2\/types\/product"}],"replies":[{"embeddable":true,"href":"https:\/\/nordicmart.andreevmaster.com\/fi\/wp-json\/wp\/v2\/comments?post=32286"}],"wp:featuredmedia":[{"embeddable":true,"href":"https:\/\/nordicmart.andreevmaster.com\/fi\/wp-json\/wp\/v2\/media\/41323"}],"wp:attachment":[{"href":"https:\/\/nordicmart.andreevmaster.com\/fi\/wp-json\/wp\/v2\/media?parent=32286"}],"wp:term":[{"taxonomy":"product_brand","embeddable":true,"href":"https:\/\/nordicmart.andreevmaster.com\/fi\/wp-json\/wp\/v2\/product_brand?post=32286"},{"taxonomy":"product_cat","embeddable":true,"href":"https:\/\/nordicmart.andreevmaster.com\/fi\/wp-json\/wp\/v2\/product_cat?post=32286"},{"taxonomy":"product_tag","embeddable":true,"href":"https:\/\/nordicmart.andreevmaster.com\/fi\/wp-json\/wp\/v2\/product_tag?post=32286"}],"curies":[{"name":"wp","href":"https:\/\/api.w.org\/{rel}","templated":true}]}}