{"id":32283,"date":"2026-02-27T00:16:43","date_gmt":"2026-02-27T00:16:43","guid":{"rendered":"https:\/\/nordicmart.andreevmaster.com\/product\/vasagle-keittiohylly-pistorasioilla-kultainen-tammi-pilvinen-valkoinen\/"},"modified":"2026-02-27T09:38:34","modified_gmt":"2026-02-27T09:38:34","slug":"vasagle-keittiohylly-pistorasioilla-kultainen-tammi-pilvinen-valkoinen","status":"publish","type":"product","link":"https:\/\/nordicmart.andreevmaster.com\/fi\/tuote\/vasagle-keittiohylly-pistorasioilla-kultainen-tammi-pilvinen-valkoinen\/","title":{"rendered":"VASAGLE keitti\u00f6hylly pistorasioilla kultainen tammi-pilvinen valkoinen"},"content":{"rendered":"<p>VASAGLE keitti\u00f6hylly pistorasioilla, keitti\u00f6n seisomahylly, mikroaaltouunihylly, seisomamalli, 6 hyllytasoa ja 6 koukkua, mikroaaltouunille, ter\u00e4srunko, 40 x 80 x 167 cm, vintage-ruskea-mustanmusta KKS119K06<br \/>\nV\u00e4ri: kultainen tammi &#8211; pilvinen valkoinen<br \/>\nMateriaali: lastulevy, ter\u00e4s<br \/>\nKoko: 40 x 80 x 167 cm (S x L x K)<br \/>\nPaino: 21,2 kg<br \/>\nYl\u00e4hyllyn maks. staattinen kantavuus: 13,6 kg<br \/>\nKeskimm\u00e4isen ty\u00f6tason maks. staattinen kantavuus: 54,4 kg<br \/>\nJokaisen alahyllyn maks. staattinen kantavuus: 54,4 kg<\/p>\n","protected":false},"excerpt":{"rendered":"<p>VASAGLE keitti\u00f6hylly pistorasioilla, keitti\u00f6n seisomahylly, mikroaaltouunihylly, seisomamalli, 6 hyllytasoa ja 6 koukkua, mikroaaltouunille, ter\u00e4srunko, 40 x 80 x 167 cm, vintage-ruskea-mustanmusta KKS119K06<\/p>\n","protected":false},"featured_media":41320,"comment_status":"open","ping_status":"closed","template":"","meta":[],"product_brand":[],"product_cat":[32],"product_tag":[],"class_list":{"0":"post-32283","1":"product","2":"type-product","3":"status-publish","4":"has-post-thumbnail","6":"product_cat-uncategorized-fi","8":"first","9":"instock","10":"shipping-taxable","11":"purchasable","12":"product-type-simple"},"_links":{"self":[{"href":"https:\/\/nordicmart.andreevmaster.com\/fi\/wp-json\/wp\/v2\/product\/32283","targetHints":{"allow":["GET"]}}],"collection":[{"href":"https:\/\/nordicmart.andreevmaster.com\/fi\/wp-json\/wp\/v2\/product"}],"about":[{"href":"https:\/\/nordicmart.andreevmaster.com\/fi\/wp-json\/wp\/v2\/types\/product"}],"replies":[{"embeddable":true,"href":"https:\/\/nordicmart.andreevmaster.com\/fi\/wp-json\/wp\/v2\/comments?post=32283"}],"wp:featuredmedia":[{"embeddable":true,"href":"https:\/\/nordicmart.andreevmaster.com\/fi\/wp-json\/wp\/v2\/media\/41320"}],"wp:attachment":[{"href":"https:\/\/nordicmart.andreevmaster.com\/fi\/wp-json\/wp\/v2\/media?parent=32283"}],"wp:term":[{"taxonomy":"product_brand","embeddable":true,"href":"https:\/\/nordicmart.andreevmaster.com\/fi\/wp-json\/wp\/v2\/product_brand?post=32283"},{"taxonomy":"product_cat","embeddable":true,"href":"https:\/\/nordicmart.andreevmaster.com\/fi\/wp-json\/wp\/v2\/product_cat?post=32283"},{"taxonomy":"product_tag","embeddable":true,"href":"https:\/\/nordicmart.andreevmaster.com\/fi\/wp-json\/wp\/v2\/product_tag?post=32283"}],"curies":[{"name":"wp","href":"https:\/\/api.w.org\/{rel}","templated":true}]}}