{"id":32276,"date":"2026-02-27T00:16:41","date_gmt":"2026-02-27T00:16:41","guid":{"rendered":"https:\/\/nordicmart.andreevmaster.com\/product\/vasagle-keittiohylly-pyorilla-3-tasoa\/"},"modified":"2026-02-27T09:38:33","modified_gmt":"2026-02-27T09:38:33","slug":"vasagle-keittiohylly-pyorilla-3-tasoa","status":"publish","type":"product","link":"https:\/\/nordicmart.andreevmaster.com\/fi\/tuote\/vasagle-keittiohylly-pyorilla-3-tasoa\/","title":{"rendered":"VASAGLE keitti\u00f6hylly py\u00f6rill\u00e4, 3 tasoa"},"content":{"rendered":"<p>VASAGLE Keitti\u00f6hylly py\u00f6rill\u00e4, tarjoiluvaunu 3 hyllyll\u00e4, mikroaaltouunihylly, miniuunille, leiv\u00e4npaahtimelle, vedenkeittimelle, metalli, 6 koukulla, teollinen muotoilu, vintage, tummanruskea KKS60XV1<br \/>\nV\u00e4ri: kultainen tammi-pilvinen valkoinen<br \/>\nMateriaali: lastulevy, ter\u00e4s<br \/>\nKoko: 40 x 60 x 89 cm (S x L x K)<br \/>\nPaino: 10 kg<br \/>\nHyllyn maks. staattinen kantavuus: 30 kg<\/p>\n","protected":false},"excerpt":{"rendered":"<p>VASAGLE Keitti\u00f6hylly py\u00f6rill\u00e4, tarjoiluvaunu 3 hyllyll\u00e4, mikroaaltouunihylly, miniuunille, leiv\u00e4npaahtimelle, vedenkeittimelle, metalli, 6 koukulla, teollinen muotoilu, vintage, tummanruskea KKS60XV1<\/p>\n","protected":false},"featured_media":41313,"comment_status":"open","ping_status":"closed","template":"","meta":[],"product_brand":[],"product_cat":[32],"product_tag":[],"class_list":{"0":"post-32276","1":"product","2":"type-product","3":"status-publish","4":"has-post-thumbnail","6":"product_cat-uncategorized-fi","8":"first","9":"instock","10":"shipping-taxable","11":"purchasable","12":"product-type-simple"},"_links":{"self":[{"href":"https:\/\/nordicmart.andreevmaster.com\/fi\/wp-json\/wp\/v2\/product\/32276","targetHints":{"allow":["GET"]}}],"collection":[{"href":"https:\/\/nordicmart.andreevmaster.com\/fi\/wp-json\/wp\/v2\/product"}],"about":[{"href":"https:\/\/nordicmart.andreevmaster.com\/fi\/wp-json\/wp\/v2\/types\/product"}],"replies":[{"embeddable":true,"href":"https:\/\/nordicmart.andreevmaster.com\/fi\/wp-json\/wp\/v2\/comments?post=32276"}],"wp:featuredmedia":[{"embeddable":true,"href":"https:\/\/nordicmart.andreevmaster.com\/fi\/wp-json\/wp\/v2\/media\/41313"}],"wp:attachment":[{"href":"https:\/\/nordicmart.andreevmaster.com\/fi\/wp-json\/wp\/v2\/media?parent=32276"}],"wp:term":[{"taxonomy":"product_brand","embeddable":true,"href":"https:\/\/nordicmart.andreevmaster.com\/fi\/wp-json\/wp\/v2\/product_brand?post=32276"},{"taxonomy":"product_cat","embeddable":true,"href":"https:\/\/nordicmart.andreevmaster.com\/fi\/wp-json\/wp\/v2\/product_cat?post=32276"},{"taxonomy":"product_tag","embeddable":true,"href":"https:\/\/nordicmart.andreevmaster.com\/fi\/wp-json\/wp\/v2\/product_tag?post=32276"}],"curies":[{"name":"wp","href":"https:\/\/api.w.org\/{rel}","templated":true}]}}