{"id":32273,"date":"2026-02-27T00:16:40","date_gmt":"2026-02-27T00:16:40","guid":{"rendered":"https:\/\/nordicmart.andreevmaster.com\/product\/vasagle-keittiohylly-pistorasioilla-ja-koukkuilla\/"},"modified":"2026-02-27T09:38:33","modified_gmt":"2026-02-27T09:38:33","slug":"vasagle-keittiohylly-pistorasioilla-ja-koukkuilla","status":"publish","type":"product","link":"https:\/\/nordicmart.andreevmaster.com\/fi\/tuote\/vasagle-keittiohylly-pistorasioilla-ja-koukkuilla\/","title":{"rendered":"VASAGLE keitti\u00f6hylly pistorasioilla ja koukkuilla"},"content":{"rendered":"<p>VASAGLE keitti\u00f6hylly pistorasioilla, keitti\u00f6kaappi, 90 cm korkea ty\u00f6taso, seisomahylly 8 koukulla, 40 x 60 x 170 cm, vintage-ruskea-mustanmusta KKS058K02<br \/>\nV\u00e4ri: kultainen tammi, pilvinen valkoinen<br \/>\nMateriaali: lastulevy, ter\u00e4s<br \/>\nKoko: 40 x 60 x 170 cm (S x L x K)<br \/>\nPaino: 18,1 kg<br \/>\nYl\u00e4hyllyn maks. staattinen kantavuus: 10,4 kg<br \/>\nTy\u00f6tason maks. staattinen kantavuus: 45,4 kg<br \/>\nAlemman hyllyn ja kaapin maks. staattinen kantavuus: 36,3 kg<\/p>\n","protected":false},"excerpt":{"rendered":"<p>VASAGLE keitti\u00f6hylly pistorasioilla, keitti\u00f6kaappi, 90 cm korkea ty\u00f6taso, seisomahylly 8 koukulla, 40 x 60 x 170 cm, vintage-ruskea-mustanmusta KKS058K02<\/p>\n","protected":false},"featured_media":41310,"comment_status":"open","ping_status":"closed","template":"","meta":[],"product_brand":[],"product_cat":[32],"product_tag":[],"class_list":{"0":"post-32273","1":"product","2":"type-product","3":"status-publish","4":"has-post-thumbnail","6":"product_cat-uncategorized-fi","8":"first","9":"instock","10":"shipping-taxable","11":"purchasable","12":"product-type-simple"},"_links":{"self":[{"href":"https:\/\/nordicmart.andreevmaster.com\/fi\/wp-json\/wp\/v2\/product\/32273","targetHints":{"allow":["GET"]}}],"collection":[{"href":"https:\/\/nordicmart.andreevmaster.com\/fi\/wp-json\/wp\/v2\/product"}],"about":[{"href":"https:\/\/nordicmart.andreevmaster.com\/fi\/wp-json\/wp\/v2\/types\/product"}],"replies":[{"embeddable":true,"href":"https:\/\/nordicmart.andreevmaster.com\/fi\/wp-json\/wp\/v2\/comments?post=32273"}],"wp:featuredmedia":[{"embeddable":true,"href":"https:\/\/nordicmart.andreevmaster.com\/fi\/wp-json\/wp\/v2\/media\/41310"}],"wp:attachment":[{"href":"https:\/\/nordicmart.andreevmaster.com\/fi\/wp-json\/wp\/v2\/media?parent=32273"}],"wp:term":[{"taxonomy":"product_brand","embeddable":true,"href":"https:\/\/nordicmart.andreevmaster.com\/fi\/wp-json\/wp\/v2\/product_brand?post=32273"},{"taxonomy":"product_cat","embeddable":true,"href":"https:\/\/nordicmart.andreevmaster.com\/fi\/wp-json\/wp\/v2\/product_cat?post=32273"},{"taxonomy":"product_tag","embeddable":true,"href":"https:\/\/nordicmart.andreevmaster.com\/fi\/wp-json\/wp\/v2\/product_tag?post=32273"}],"curies":[{"name":"wp","href":"https:\/\/api.w.org\/{rel}","templated":true}]}}