{"id":32267,"date":"2026-02-27T00:16:39","date_gmt":"2026-02-27T00:16:39","guid":{"rendered":"https:\/\/nordicmart.andreevmaster.com\/product\/vasagle-hyllykko-pistorasioilla-14-koukkua-pahkinanruskea-valkoinen\/"},"modified":"2026-02-27T09:38:32","modified_gmt":"2026-02-27T09:38:32","slug":"vasagle-hyllykko-pistorasioilla-14-koukkua-pahkinanruskea-valkoinen","status":"publish","type":"product","link":"https:\/\/nordicmart.andreevmaster.com\/fi\/tuote\/vasagle-hyllykko-pistorasioilla-14-koukkua-pahkinanruskea-valkoinen\/","title":{"rendered":"VASAGLE-hyllykk\u00f6 pistorasioilla, 14 koukkua, p\u00e4hkin\u00e4nruskea-valkoinen"},"content":{"rendered":"<p>VASAGLE keitti\u00f6hylly, keitti\u00f6n seisomahylly, mikroaaltouunihylly, seisomamalli, 6 hyllytasoa ja 6 koukkua, mikroaaltouunille, ter\u00e4srunko, teollinen muotoilu<br \/>\nV\u00e4ri: p\u00e4hkin\u00e4puunruskea-valkoinen<br \/>\nMateriaali: lastulevy, ter\u00e4s<br \/>\nKoko: 40 x 60 x 170 cm (S x L x K)<br \/>\nPaino: 18,7 kg<br \/>\nYl\u00e4hyllyn maks. staattinen kantavuus: 13,6 kg<br \/>\nTy\u00f6tason maks. staattinen kantavuus: 36,2 kg<br \/>\nKeskimm\u00e4isen hyllyn maks. staattinen kantavuus: 36,2 kg<br \/>\nAlemman hyllyn maks. staattinen kantavuus: 36,2 kg<br \/>\nKunkin koukun suurin staattinen kantavuus: 5 kg<\/p>\n","protected":false},"excerpt":{"rendered":"<p>VASAGLE keitti\u00f6hylly, keitti\u00f6n seisomahylly, mikroaaltouunihylly, seisomamalli, 6 hyllytasoa ja 6 koukkua, mikroaaltouunille, ter\u00e4srunko, teollinen muotoilu<\/p>\n","protected":false},"featured_media":41304,"comment_status":"open","ping_status":"closed","template":"","meta":[],"product_brand":[],"product_cat":[32],"product_tag":[],"class_list":{"0":"post-32267","1":"product","2":"type-product","3":"status-publish","4":"has-post-thumbnail","6":"product_cat-uncategorized-fi","8":"first","9":"instock","10":"shipping-taxable","11":"purchasable","12":"product-type-simple"},"_links":{"self":[{"href":"https:\/\/nordicmart.andreevmaster.com\/fi\/wp-json\/wp\/v2\/product\/32267","targetHints":{"allow":["GET"]}}],"collection":[{"href":"https:\/\/nordicmart.andreevmaster.com\/fi\/wp-json\/wp\/v2\/product"}],"about":[{"href":"https:\/\/nordicmart.andreevmaster.com\/fi\/wp-json\/wp\/v2\/types\/product"}],"replies":[{"embeddable":true,"href":"https:\/\/nordicmart.andreevmaster.com\/fi\/wp-json\/wp\/v2\/comments?post=32267"}],"wp:featuredmedia":[{"embeddable":true,"href":"https:\/\/nordicmart.andreevmaster.com\/fi\/wp-json\/wp\/v2\/media\/41304"}],"wp:attachment":[{"href":"https:\/\/nordicmart.andreevmaster.com\/fi\/wp-json\/wp\/v2\/media?parent=32267"}],"wp:term":[{"taxonomy":"product_brand","embeddable":true,"href":"https:\/\/nordicmart.andreevmaster.com\/fi\/wp-json\/wp\/v2\/product_brand?post=32267"},{"taxonomy":"product_cat","embeddable":true,"href":"https:\/\/nordicmart.andreevmaster.com\/fi\/wp-json\/wp\/v2\/product_cat?post=32267"},{"taxonomy":"product_tag","embeddable":true,"href":"https:\/\/nordicmart.andreevmaster.com\/fi\/wp-json\/wp\/v2\/product_tag?post=32267"}],"curies":[{"name":"wp","href":"https:\/\/api.w.org\/{rel}","templated":true}]}}