{"id":32264,"date":"2026-02-27T00:16:38","date_gmt":"2026-02-27T00:16:38","guid":{"rendered":"https:\/\/nordicmart.andreevmaster.com\/product\/vasagle-keittiohylly-metallikorilla-tammibeige-klassinen-valkoinen\/"},"modified":"2026-02-27T09:38:31","modified_gmt":"2026-02-27T09:38:31","slug":"vasagle-keittiohylly-metallikorilla-tammibeige-klassinen-valkoinen","status":"publish","type":"product","link":"https:\/\/nordicmart.andreevmaster.com\/fi\/tuote\/vasagle-keittiohylly-metallikorilla-tammibeige-klassinen-valkoinen\/","title":{"rendered":"VASAGLE keitti\u00f6hylly metallikorilla, tammibeige-klassinen valkoinen"},"content":{"rendered":"<p>VASAGLE keitti\u00f6hylly, seisomahylly metallikorilla, leipomohylly 6 S-koukulla ja hyllyill\u00e4, mikroaaltouunihylly, maustehylly, kattiloille ja pannuille, teollinen muotoilu, greige-musta KKS035B02<br \/>\nV\u00e4ri: tammibeige-klassinen valkoinen<br \/>\nMateriaali: lastulevy, ter\u00e4s<br \/>\nKoko: 40 x 90 x 134 cm (S x L x K)<br \/>\nPaino: 15,7 kg<br \/>\nMaks. staattinen kantavuus:<br \/>\nYlin hylly: 15 kg<br \/>\nPinta: 25 kg<br \/>\nHyllytasot keski- ja alaosassa: 15 kg<br \/>\nLankakori: 5 kg<\/p>\n","protected":false},"excerpt":{"rendered":"<p>VASAGLE keitti\u00f6hylly, seisomahylly metallikorilla, leipomohylly 6 S-koukulla ja hyllyill\u00e4, mikroaaltouunihylly, maustehylly, kattiloille ja pannuille, teollinen muotoilu, greige-musta KKS035B02<\/p>\n","protected":false},"featured_media":41301,"comment_status":"open","ping_status":"closed","template":"","meta":[],"product_brand":[],"product_cat":[32],"product_tag":[],"class_list":{"0":"post-32264","1":"product","2":"type-product","3":"status-publish","4":"has-post-thumbnail","6":"product_cat-uncategorized-fi","8":"first","9":"instock","10":"shipping-taxable","11":"purchasable","12":"product-type-simple"},"_links":{"self":[{"href":"https:\/\/nordicmart.andreevmaster.com\/fi\/wp-json\/wp\/v2\/product\/32264","targetHints":{"allow":["GET"]}}],"collection":[{"href":"https:\/\/nordicmart.andreevmaster.com\/fi\/wp-json\/wp\/v2\/product"}],"about":[{"href":"https:\/\/nordicmart.andreevmaster.com\/fi\/wp-json\/wp\/v2\/types\/product"}],"replies":[{"embeddable":true,"href":"https:\/\/nordicmart.andreevmaster.com\/fi\/wp-json\/wp\/v2\/comments?post=32264"}],"wp:featuredmedia":[{"embeddable":true,"href":"https:\/\/nordicmart.andreevmaster.com\/fi\/wp-json\/wp\/v2\/media\/41301"}],"wp:attachment":[{"href":"https:\/\/nordicmart.andreevmaster.com\/fi\/wp-json\/wp\/v2\/media?parent=32264"}],"wp:term":[{"taxonomy":"product_brand","embeddable":true,"href":"https:\/\/nordicmart.andreevmaster.com\/fi\/wp-json\/wp\/v2\/product_brand?post=32264"},{"taxonomy":"product_cat","embeddable":true,"href":"https:\/\/nordicmart.andreevmaster.com\/fi\/wp-json\/wp\/v2\/product_cat?post=32264"},{"taxonomy":"product_tag","embeddable":true,"href":"https:\/\/nordicmart.andreevmaster.com\/fi\/wp-json\/wp\/v2\/product_tag?post=32264"}],"curies":[{"name":"wp","href":"https:\/\/api.w.org\/{rel}","templated":true}]}}