{"id":32261,"date":"2026-02-27T00:16:37","date_gmt":"2026-02-27T00:16:37","guid":{"rendered":"https:\/\/nordicmart.andreevmaster.com\/product\/vasagle-teollinen-design-keittiohylly-greige-musta\/"},"modified":"2026-02-27T09:38:30","modified_gmt":"2026-02-27T09:38:30","slug":"vasagle-teollinen-design-keittiohylly-greige-musta","status":"publish","type":"product","link":"https:\/\/nordicmart.andreevmaster.com\/fi\/tuote\/vasagle-teollinen-design-keittiohylly-greige-musta\/","title":{"rendered":"VASAGLE Teollinen design Keitti\u00f6hylly Greige-musta"},"content":{"rendered":"<p>Tuotetiedot: &#8211; V\u00e4ri: greige-musta &#8211; Materiaali: lastulevy, ter\u00e4s &#8211; Koko: 90 x 40 x 132 cm (P x L x K) &#8211; Paino: 15,7 kg &#8211; Maks. staattinen kantavuus: &#8211; Yl\u00e4hylly: 15 kg &#8211; Pinta: 25 kg &#8211; Keskimm\u00e4inen ja alahylly: 15 kg &#8211; Lankakori: 5 kg Toimitus sis\u00e4lt\u00e4\u00e4: &#8211; 1 x keitti\u00f6hylly &#8211; 6 x koukku &#8211; 1 x lis\u00e4varustepaketti &#8211; 1 x ohjeet (DE, EN, IT, FR, ES) VASAGLE Huomautukset: &#8211; Turvallisuussyist\u00e4 lapset eiv\u00e4t saa kiivet\u00e4 tuotteelle tai leikki\u00e4 sill\u00e4. &#8211; Kiinnit\u00e4 t\u00e4m\u00e4 tuote sein\u00e4\u00e4n mukana toimitetulla kaatumissuojalla turvallisen k\u00e4yt\u00f6n varmistamiseksi. &#8211; Hygieniasyist\u00e4 \u00e4l\u00e4 aseta elintarvikkeita suoraan metallilankakorin pinnalle.<\/p>\n","protected":false},"excerpt":{"rendered":"<p>VASAGLE keitti\u00f6hylly, seisomahylly metallikorilla, leipomohylly 6 S-koukulla ja hyllyill\u00e4, mikroaaltouunihylly, maustehylly, kattiloille ja pannuille, teollinen muotoilu, greige-musta KKS035B02<\/p>\n","protected":false},"featured_media":41298,"comment_status":"open","ping_status":"closed","template":"","meta":[],"product_brand":[],"product_cat":[32],"product_tag":[],"class_list":{"0":"post-32261","1":"product","2":"type-product","3":"status-publish","4":"has-post-thumbnail","6":"product_cat-uncategorized-fi","8":"first","9":"instock","10":"shipping-taxable","11":"purchasable","12":"product-type-simple"},"_links":{"self":[{"href":"https:\/\/nordicmart.andreevmaster.com\/fi\/wp-json\/wp\/v2\/product\/32261","targetHints":{"allow":["GET"]}}],"collection":[{"href":"https:\/\/nordicmart.andreevmaster.com\/fi\/wp-json\/wp\/v2\/product"}],"about":[{"href":"https:\/\/nordicmart.andreevmaster.com\/fi\/wp-json\/wp\/v2\/types\/product"}],"replies":[{"embeddable":true,"href":"https:\/\/nordicmart.andreevmaster.com\/fi\/wp-json\/wp\/v2\/comments?post=32261"}],"wp:featuredmedia":[{"embeddable":true,"href":"https:\/\/nordicmart.andreevmaster.com\/fi\/wp-json\/wp\/v2\/media\/41298"}],"wp:attachment":[{"href":"https:\/\/nordicmart.andreevmaster.com\/fi\/wp-json\/wp\/v2\/media?parent=32261"}],"wp:term":[{"taxonomy":"product_brand","embeddable":true,"href":"https:\/\/nordicmart.andreevmaster.com\/fi\/wp-json\/wp\/v2\/product_brand?post=32261"},{"taxonomy":"product_cat","embeddable":true,"href":"https:\/\/nordicmart.andreevmaster.com\/fi\/wp-json\/wp\/v2\/product_cat?post=32261"},{"taxonomy":"product_tag","embeddable":true,"href":"https:\/\/nordicmart.andreevmaster.com\/fi\/wp-json\/wp\/v2\/product_tag?post=32261"}],"curies":[{"name":"wp","href":"https:\/\/api.w.org\/{rel}","templated":true}]}}