{"id":32257,"date":"2026-02-27T00:16:37","date_gmt":"2026-02-27T00:16:37","guid":{"rendered":"https:\/\/nordicmart.andreevmaster.com\/product\/vasagle-mikroaaltouunihylly-saadettavilla-hyllyilla-kultainen-tammi-pilvinen-valkoinen\/"},"modified":"2026-02-27T09:38:30","modified_gmt":"2026-02-27T09:38:30","slug":"vasagle-mikroaaltouunihylly-saadettavilla-hyllyilla-kultainen-tammi-pilvinen-valkoinen","status":"publish","type":"product","link":"https:\/\/nordicmart.andreevmaster.com\/fi\/tuote\/vasagle-mikroaaltouunihylly-saadettavilla-hyllyilla-kultainen-tammi-pilvinen-valkoinen\/","title":{"rendered":"VASAGLE mikroaaltouunihylly s\u00e4\u00e4dett\u00e4vill\u00e4 hyllyill\u00e4 kultainen tammi-pilvinen valkoinen"},"content":{"rendered":"<p>VASAGLE keitti\u00f6hylly pistorasioilla, lattiateline, mikroaaltouunihylly s\u00e4\u00e4dett\u00e4vill\u00e4 hyllyill\u00e4, kangaspussi, 12 koukkua, mikroaaltouunille, hylly keitti\u00f6\u00f6n<br \/>\nV\u00e4ri: kultainen tammi &#8211; pilvinen valkoinen<br \/>\nMateriaali: lastulevy, ter\u00e4s<br \/>\nKoko: 40,5 x 110 x 180,4 cm (S x L x K)<br \/>\nPaino: 28,1 kg<br \/>\nTy\u00f6tason maks. staattinen kantavuus: 63,5 kg<br \/>\nKoukkujen maks. staattinen kantavuus: 5 kg<br \/>\nMaks. staattinen kokonaiskuormitus: 313,5 kg<\/p>\n","protected":false},"excerpt":{"rendered":"<p>VASAGLE keitti\u00f6hylly pistorasioilla, lattiateline, mikroaaltouunihylly s\u00e4\u00e4dett\u00e4vill\u00e4 hyllyill\u00e4, kangaspussi, 12 koukkua, mikroaaltouunille, hylly keitti\u00f6\u00f6n<\/p>\n","protected":false},"featured_media":41294,"comment_status":"open","ping_status":"closed","template":"","meta":[],"product_brand":[],"product_cat":[32],"product_tag":[],"class_list":{"0":"post-32257","1":"product","2":"type-product","3":"status-publish","4":"has-post-thumbnail","6":"product_cat-uncategorized-fi","8":"first","9":"instock","10":"shipping-taxable","11":"purchasable","12":"product-type-simple"},"_links":{"self":[{"href":"https:\/\/nordicmart.andreevmaster.com\/fi\/wp-json\/wp\/v2\/product\/32257","targetHints":{"allow":["GET"]}}],"collection":[{"href":"https:\/\/nordicmart.andreevmaster.com\/fi\/wp-json\/wp\/v2\/product"}],"about":[{"href":"https:\/\/nordicmart.andreevmaster.com\/fi\/wp-json\/wp\/v2\/types\/product"}],"replies":[{"embeddable":true,"href":"https:\/\/nordicmart.andreevmaster.com\/fi\/wp-json\/wp\/v2\/comments?post=32257"}],"wp:featuredmedia":[{"embeddable":true,"href":"https:\/\/nordicmart.andreevmaster.com\/fi\/wp-json\/wp\/v2\/media\/41294"}],"wp:attachment":[{"href":"https:\/\/nordicmart.andreevmaster.com\/fi\/wp-json\/wp\/v2\/media?parent=32257"}],"wp:term":[{"taxonomy":"product_brand","embeddable":true,"href":"https:\/\/nordicmart.andreevmaster.com\/fi\/wp-json\/wp\/v2\/product_brand?post=32257"},{"taxonomy":"product_cat","embeddable":true,"href":"https:\/\/nordicmart.andreevmaster.com\/fi\/wp-json\/wp\/v2\/product_cat?post=32257"},{"taxonomy":"product_tag","embeddable":true,"href":"https:\/\/nordicmart.andreevmaster.com\/fi\/wp-json\/wp\/v2\/product_tag?post=32257"}],"curies":[{"name":"wp","href":"https:\/\/api.w.org\/{rel}","templated":true}]}}