{"id":32252,"date":"2026-02-27T00:16:35","date_gmt":"2026-02-27T00:16:35","guid":{"rendered":"https:\/\/nordicmart.andreevmaster.com\/product\/vasagle-keittiohylly-pistorasioilla-ja-kangaspussilla-40-x-100-x-1804-cm\/"},"modified":"2026-02-27T09:38:29","modified_gmt":"2026-02-27T09:38:29","slug":"vasagle-keittiohylly-pistorasioilla-ja-kangaspussilla-40-x-100-x-1804-cm","status":"publish","type":"product","link":"https:\/\/nordicmart.andreevmaster.com\/fi\/tuote\/vasagle-keittiohylly-pistorasioilla-ja-kangaspussilla-40-x-100-x-1804-cm\/","title":{"rendered":"VASAGLE keitti\u00f6hylly pistorasioilla ja kangaspussilla 40 x 100 x 180,4 cm"},"content":{"rendered":"<p>VASAGLE keitti\u00f6hylly pistorasioilla, lattiateline, mikroaaltouunihylly, s\u00e4\u00e4dett\u00e4v\u00e4t hyllyt, kangaspussi, 12 koukkua, 40 x 100 x 180,4 cm, mikroaaltouunille, keitti\u00f6\u00f6n<br \/>\nV\u00e4ri: antrasiitinharmaa-mustanmusta<br \/>\nMateriaali: lastulevy, ter\u00e4s<br \/>\nKoko: 40 x 100 x 180,4 cm (S x L x K)<br \/>\nPaino: 27,2 kg<br \/>\nTy\u00f6tason maks. staattinen kantavuus: 50 kg<br \/>\nKoukkujen maks. staattinen kantavuus: 5 kg<br \/>\nMaks. staattinen kokonaiskuormitus: 150 kg<\/p>\n","protected":false},"excerpt":{"rendered":"<p>VASAGLE keitti\u00f6hylly pistorasioilla, lattiateline, mikroaaltouunihylly, s\u00e4\u00e4dett\u00e4v\u00e4t hyllyt, kangaspussi, 12 koukkua, 40 x 100 x 180,4 cm, mikroaaltouunille, keitti\u00f6\u00f6n<\/p>\n","protected":false},"featured_media":0,"comment_status":"open","ping_status":"closed","template":"","meta":[],"product_brand":[],"product_cat":[32],"product_tag":[],"class_list":{"0":"post-32252","1":"product","2":"type-product","3":"status-publish","5":"product_cat-uncategorized-fi","7":"first","8":"instock","9":"shipping-taxable","10":"purchasable","11":"product-type-simple"},"_links":{"self":[{"href":"https:\/\/nordicmart.andreevmaster.com\/fi\/wp-json\/wp\/v2\/product\/32252","targetHints":{"allow":["GET"]}}],"collection":[{"href":"https:\/\/nordicmart.andreevmaster.com\/fi\/wp-json\/wp\/v2\/product"}],"about":[{"href":"https:\/\/nordicmart.andreevmaster.com\/fi\/wp-json\/wp\/v2\/types\/product"}],"replies":[{"embeddable":true,"href":"https:\/\/nordicmart.andreevmaster.com\/fi\/wp-json\/wp\/v2\/comments?post=32252"}],"wp:attachment":[{"href":"https:\/\/nordicmart.andreevmaster.com\/fi\/wp-json\/wp\/v2\/media?parent=32252"}],"wp:term":[{"taxonomy":"product_brand","embeddable":true,"href":"https:\/\/nordicmart.andreevmaster.com\/fi\/wp-json\/wp\/v2\/product_brand?post=32252"},{"taxonomy":"product_cat","embeddable":true,"href":"https:\/\/nordicmart.andreevmaster.com\/fi\/wp-json\/wp\/v2\/product_cat?post=32252"},{"taxonomy":"product_tag","embeddable":true,"href":"https:\/\/nordicmart.andreevmaster.com\/fi\/wp-json\/wp\/v2\/product_tag?post=32252"}],"curies":[{"name":"wp","href":"https:\/\/api.w.org\/{rel}","templated":true}]}}