{"id":32250,"date":"2026-02-27T00:16:35","date_gmt":"2026-02-27T00:16:35","guid":{"rendered":"https:\/\/nordicmart.andreevmaster.com\/product\/vasagle-keittiohylly-magneettilistalla-12-koukkua-eebenpuunvarinen-musta\/"},"modified":"2026-02-27T09:38:28","modified_gmt":"2026-02-27T09:38:28","slug":"vasagle-keittiohylly-magneettilistalla-12-koukkua-eebenpuunvarinen-musta","status":"publish","type":"product","link":"https:\/\/nordicmart.andreevmaster.com\/fi\/tuote\/vasagle-keittiohylly-magneettilistalla-12-koukkua-eebenpuunvarinen-musta\/","title":{"rendered":"VASAGLE keitti\u00f6hylly magneettilistalla, 12 koukkua, eebenpuunv\u00e4rinen-musta"},"content":{"rendered":"<p>VASAGLE keitti\u00f6hylly, lattiateline, hylly, keitti\u00f6n ty\u00f6taso, keitti\u00f6saareke magneettilistalla veitsille, metallikori, keitti\u00f6rullapidike, 12 koukkua, vintage-ruskea-musta KKS026B01<br \/>\n&#8211; V\u00e4ri: eebenpuunv\u00e4rinen musta<br \/>\n&#8211; Materiaali: lastulevy, ter\u00e4s<br \/>\n&#8211; Koko: 42 x 90 x 167,3 cm (S x L x K)<br \/>\n&#8211; Paino: 21,3 kg<br \/>\n&#8211; Maks. staattinen kantavuus:<br \/>\n&#8211; Yl\u00e4levy: 18 kg<br \/>\n&#8211; Ty\u00f6taso: 54,5 kg<br \/>\n&#8211; Suuri s\u00e4ilytystila keskell\u00e4: 36 kg<br \/>\n&#8211; Pieni s\u00e4ilytystila: 18 kg<br \/>\n&#8211; Suuri s\u00e4ilytystila alaosassa: 55 kg<br \/>\n&#8211; Lankakori: 10 kg<br \/>\n&#8211; Koukut: kukin 5 kg<br \/>\n&#8211; Keitti\u00f6rullateline: 5 kg<br \/>\n&#8211; Magneettilista veitsille: 3 kg<\/p>\n","protected":false},"excerpt":{"rendered":"<p>VASAGLE keitti\u00f6hylly, lattiateline, hylly, keitti\u00f6n ty\u00f6taso, keitti\u00f6saareke magneettilistalla veitsille, metallikori, keitti\u00f6rullapidike, 12 koukkua, vintage-ruskea-musta KKS026B01<\/p>\n","protected":false},"featured_media":41290,"comment_status":"open","ping_status":"closed","template":"","meta":[],"product_brand":[],"product_cat":[32],"product_tag":[],"class_list":{"0":"post-32250","1":"product","2":"type-product","3":"status-publish","4":"has-post-thumbnail","6":"product_cat-uncategorized-fi","8":"first","9":"instock","10":"shipping-taxable","11":"purchasable","12":"product-type-simple"},"_links":{"self":[{"href":"https:\/\/nordicmart.andreevmaster.com\/fi\/wp-json\/wp\/v2\/product\/32250","targetHints":{"allow":["GET"]}}],"collection":[{"href":"https:\/\/nordicmart.andreevmaster.com\/fi\/wp-json\/wp\/v2\/product"}],"about":[{"href":"https:\/\/nordicmart.andreevmaster.com\/fi\/wp-json\/wp\/v2\/types\/product"}],"replies":[{"embeddable":true,"href":"https:\/\/nordicmart.andreevmaster.com\/fi\/wp-json\/wp\/v2\/comments?post=32250"}],"wp:featuredmedia":[{"embeddable":true,"href":"https:\/\/nordicmart.andreevmaster.com\/fi\/wp-json\/wp\/v2\/media\/41290"}],"wp:attachment":[{"href":"https:\/\/nordicmart.andreevmaster.com\/fi\/wp-json\/wp\/v2\/media?parent=32250"}],"wp:term":[{"taxonomy":"product_brand","embeddable":true,"href":"https:\/\/nordicmart.andreevmaster.com\/fi\/wp-json\/wp\/v2\/product_brand?post=32250"},{"taxonomy":"product_cat","embeddable":true,"href":"https:\/\/nordicmart.andreevmaster.com\/fi\/wp-json\/wp\/v2\/product_cat?post=32250"},{"taxonomy":"product_tag","embeddable":true,"href":"https:\/\/nordicmart.andreevmaster.com\/fi\/wp-json\/wp\/v2\/product_tag?post=32250"}],"curies":[{"name":"wp","href":"https:\/\/api.w.org\/{rel}","templated":true}]}}