{"id":32249,"date":"2026-02-27T00:16:35","date_gmt":"2026-02-27T00:16:35","guid":{"rendered":"https:\/\/nordicmart.andreevmaster.com\/product\/vasagle-keittioteline-12-koukkua-greige-musta\/"},"modified":"2026-02-27T09:38:28","modified_gmt":"2026-02-27T09:38:28","slug":"vasagle-keittioteline-12-koukkua-greige-musta","status":"publish","type":"product","link":"https:\/\/nordicmart.andreevmaster.com\/fi\/tuote\/vasagle-keittioteline-12-koukkua-greige-musta\/","title":{"rendered":"VASAGLE keitti\u00f6teline 12 koukkua greige-musta"},"content":{"rendered":"<p>VASAGLE keitti\u00f6hylly, lattiateline, hylly, keitti\u00f6n ty\u00f6taso, keitti\u00f6saareke magneettilistalla veitsille, metallikori, keitti\u00f6rullapidike, 12 koukkua, vintage-ruskea-musta KKS026B01<br \/>\nV\u00e4ri: greige-musta<br \/>\nMateriaali: lastulevy, ter\u00e4s<br \/>\nKoko: 42 x 90 x 167,3 cm (S x L x K)<br \/>\nPaino: 21,3 kg<br \/>\nMaks. staattinen kantavuus:<br \/>\nYl\u00e4levy: 18 kg<br \/>\nTy\u00f6taso: 54,5 kg<br \/>\nSuuri s\u00e4ilytystila keskell\u00e4: 36 kg<br \/>\nPieni s\u00e4ilytystila: 18 kg<br \/>\nIso s\u00e4ilytystila alaosassa: 55 kg<br \/>\nLankakori: 10 kg<br \/>\nKoukut: kukin 5 kg<br \/>\nKeitti\u00f6rullateline: 5 kg<br \/>\nMagneettilista veitsille: 3 kg<\/p>\n","protected":false},"excerpt":{"rendered":"<p>VASAGLE keitti\u00f6hylly, lattiateline, hylly, keitti\u00f6n ty\u00f6taso, keitti\u00f6saareke magneettilistalla veitsille, metallikori, keitti\u00f6rullapidike, 12 koukkua, vintage-ruskea-musta KKS026B01<\/p>\n","protected":false},"featured_media":41289,"comment_status":"open","ping_status":"closed","template":"","meta":[],"product_brand":[],"product_cat":[32],"product_tag":[],"class_list":{"0":"post-32249","1":"product","2":"type-product","3":"status-publish","4":"has-post-thumbnail","6":"product_cat-uncategorized-fi","8":"first","9":"instock","10":"shipping-taxable","11":"purchasable","12":"product-type-simple"},"_links":{"self":[{"href":"https:\/\/nordicmart.andreevmaster.com\/fi\/wp-json\/wp\/v2\/product\/32249","targetHints":{"allow":["GET"]}}],"collection":[{"href":"https:\/\/nordicmart.andreevmaster.com\/fi\/wp-json\/wp\/v2\/product"}],"about":[{"href":"https:\/\/nordicmart.andreevmaster.com\/fi\/wp-json\/wp\/v2\/types\/product"}],"replies":[{"embeddable":true,"href":"https:\/\/nordicmart.andreevmaster.com\/fi\/wp-json\/wp\/v2\/comments?post=32249"}],"wp:featuredmedia":[{"embeddable":true,"href":"https:\/\/nordicmart.andreevmaster.com\/fi\/wp-json\/wp\/v2\/media\/41289"}],"wp:attachment":[{"href":"https:\/\/nordicmart.andreevmaster.com\/fi\/wp-json\/wp\/v2\/media?parent=32249"}],"wp:term":[{"taxonomy":"product_brand","embeddable":true,"href":"https:\/\/nordicmart.andreevmaster.com\/fi\/wp-json\/wp\/v2\/product_brand?post=32249"},{"taxonomy":"product_cat","embeddable":true,"href":"https:\/\/nordicmart.andreevmaster.com\/fi\/wp-json\/wp\/v2\/product_cat?post=32249"},{"taxonomy":"product_tag","embeddable":true,"href":"https:\/\/nordicmart.andreevmaster.com\/fi\/wp-json\/wp\/v2\/product_tag?post=32249"}],"curies":[{"name":"wp","href":"https:\/\/api.w.org\/{rel}","templated":true}]}}