{"id":32245,"date":"2026-02-27T00:16:34","date_gmt":"2026-02-27T00:16:34","guid":{"rendered":"https:\/\/nordicmart.andreevmaster.com\/product\/vasagle-keittiohylly-pistorasioilla-greige-musta\/"},"modified":"2026-02-27T09:38:28","modified_gmt":"2026-02-27T09:38:28","slug":"vasagle-keittiohylly-pistorasioilla-greige-musta","status":"publish","type":"product","link":"https:\/\/nordicmart.andreevmaster.com\/fi\/tuote\/vasagle-keittiohylly-pistorasioilla-greige-musta\/","title":{"rendered":"VASAGLE keitti\u00f6hylly pistorasioilla greige-musta"},"content":{"rendered":"<p>VASAGLE keitti\u00f6hylly, seisomahylly pistorasioilla, mikroaaltouunihylly, ritil\u00e4levyll\u00e4, 14 koukulla, 40 x 80 x 170 cm, vintage-ruskea-musta KKS025B01EU<br \/>\nV\u00e4ri: greige-musta<br \/>\nMateriaali: lastulevy, ter\u00e4s<br \/>\nKoko: 40 x 80 x 170 cm (S x L x K)<br \/>\nPaino: 21,1 kg<br \/>\nEnimm\u00e4isstaattinen kantavuus jokaisella yl\u00e4hyllyll\u00e4: 20,4 kg<br \/>\nTy\u00f6tason maks. staattinen kantavuus: 45,4 kg<br \/>\nKeskimm\u00e4isen hyllyn maks. staattinen kantavuus: 59 kg<br \/>\nAlemman hyllyn maks. staattinen kantavuus: 59 kg<br \/>\nKunkin koukun maks. staattinen kantavuus: 5 kg<\/p>\n","protected":false},"excerpt":{"rendered":"<p>VASAGLE keitti\u00f6hylly, seisomahylly pistorasioilla, mikroaaltouunihylly, ritil\u00e4levyll\u00e4, 14 koukulla, 40 x 80 x 170 cm, vintage-ruskea-musta KKS025B01EU<\/p>\n","protected":false},"featured_media":41285,"comment_status":"open","ping_status":"closed","template":"","meta":[],"product_brand":[],"product_cat":[32],"product_tag":[],"class_list":{"0":"post-32245","1":"product","2":"type-product","3":"status-publish","4":"has-post-thumbnail","6":"product_cat-uncategorized-fi","8":"first","9":"instock","10":"shipping-taxable","11":"purchasable","12":"product-type-simple"},"_links":{"self":[{"href":"https:\/\/nordicmart.andreevmaster.com\/fi\/wp-json\/wp\/v2\/product\/32245","targetHints":{"allow":["GET"]}}],"collection":[{"href":"https:\/\/nordicmart.andreevmaster.com\/fi\/wp-json\/wp\/v2\/product"}],"about":[{"href":"https:\/\/nordicmart.andreevmaster.com\/fi\/wp-json\/wp\/v2\/types\/product"}],"replies":[{"embeddable":true,"href":"https:\/\/nordicmart.andreevmaster.com\/fi\/wp-json\/wp\/v2\/comments?post=32245"}],"wp:featuredmedia":[{"embeddable":true,"href":"https:\/\/nordicmart.andreevmaster.com\/fi\/wp-json\/wp\/v2\/media\/41285"}],"wp:attachment":[{"href":"https:\/\/nordicmart.andreevmaster.com\/fi\/wp-json\/wp\/v2\/media?parent=32245"}],"wp:term":[{"taxonomy":"product_brand","embeddable":true,"href":"https:\/\/nordicmart.andreevmaster.com\/fi\/wp-json\/wp\/v2\/product_brand?post=32245"},{"taxonomy":"product_cat","embeddable":true,"href":"https:\/\/nordicmart.andreevmaster.com\/fi\/wp-json\/wp\/v2\/product_cat?post=32245"},{"taxonomy":"product_tag","embeddable":true,"href":"https:\/\/nordicmart.andreevmaster.com\/fi\/wp-json\/wp\/v2\/product_tag?post=32245"}],"curies":[{"name":"wp","href":"https:\/\/api.w.org\/{rel}","templated":true}]}}