{"id":32244,"date":"2026-02-27T00:16:33","date_gmt":"2026-02-27T00:16:33","guid":{"rendered":"https:\/\/nordicmart.andreevmaster.com\/product\/vasagle-keittiohylly-pistorasioilla-ja-ritilalevylla-vintage-ruskea-musta\/"},"modified":"2026-02-27T09:38:27","modified_gmt":"2026-02-27T09:38:27","slug":"vasagle-keittiohylly-pistorasioilla-ja-ritilalevylla-vintage-ruskea-musta","status":"publish","type":"product","link":"https:\/\/nordicmart.andreevmaster.com\/fi\/tuote\/vasagle-keittiohylly-pistorasioilla-ja-ritilalevylla-vintage-ruskea-musta\/","title":{"rendered":"VASAGLE keitti\u00f6hylly pistorasioilla ja ritil\u00e4levyll\u00e4 vintage-ruskea-musta"},"content":{"rendered":"<p>VASAGLE keitti\u00f6hylly, seisomahylly pistorasioilla, mikroaaltouunihylly, ritil\u00e4levyll\u00e4, 14 koukulla, 40 x 80 x 170 cm, vintage-ruskea-musta KKS025B01EU<br \/>\nV\u00e4ri: vintage-ruskea-musta<br \/>\nMateriaali: lastulevy, ter\u00e4s<br \/>\nKoko: 40 x 80 x 170 cm (S x L x K)<br \/>\nPaino: 21,1 kg<br \/>\nYl\u00e4hyllyn maks. staattinen kantavuus: 20,4 kg<br \/>\nTy\u00f6tason maks. staattinen kantavuus: 45,4 kg<br \/>\nKeskimm\u00e4isen hyllyn maks. staattinen kantavuus: 59 kg<br \/>\nAlemman hyllyn maks. staattinen kantavuus: 59 kg<br \/>\nKunkin koukun suurin staattinen kantavuus: 5 kg<\/p>\n","protected":false},"excerpt":{"rendered":"<p>VASAGLE keitti\u00f6hylly, seisomahylly pistorasioilla, mikroaaltouunihylly, ritil\u00e4levyll\u00e4, 14 koukulla, 40 x 80 x 170 cm, vintage-ruskea-musta KKS025B01EU<\/p>\n","protected":false},"featured_media":41284,"comment_status":"open","ping_status":"closed","template":"","meta":[],"product_brand":[],"product_cat":[32],"product_tag":[],"class_list":{"0":"post-32244","1":"product","2":"type-product","3":"status-publish","4":"has-post-thumbnail","6":"product_cat-uncategorized-fi","8":"first","9":"instock","10":"shipping-taxable","11":"purchasable","12":"product-type-simple"},"_links":{"self":[{"href":"https:\/\/nordicmart.andreevmaster.com\/fi\/wp-json\/wp\/v2\/product\/32244","targetHints":{"allow":["GET"]}}],"collection":[{"href":"https:\/\/nordicmart.andreevmaster.com\/fi\/wp-json\/wp\/v2\/product"}],"about":[{"href":"https:\/\/nordicmart.andreevmaster.com\/fi\/wp-json\/wp\/v2\/types\/product"}],"replies":[{"embeddable":true,"href":"https:\/\/nordicmart.andreevmaster.com\/fi\/wp-json\/wp\/v2\/comments?post=32244"}],"wp:featuredmedia":[{"embeddable":true,"href":"https:\/\/nordicmart.andreevmaster.com\/fi\/wp-json\/wp\/v2\/media\/41284"}],"wp:attachment":[{"href":"https:\/\/nordicmart.andreevmaster.com\/fi\/wp-json\/wp\/v2\/media?parent=32244"}],"wp:term":[{"taxonomy":"product_brand","embeddable":true,"href":"https:\/\/nordicmart.andreevmaster.com\/fi\/wp-json\/wp\/v2\/product_brand?post=32244"},{"taxonomy":"product_cat","embeddable":true,"href":"https:\/\/nordicmart.andreevmaster.com\/fi\/wp-json\/wp\/v2\/product_cat?post=32244"},{"taxonomy":"product_tag","embeddable":true,"href":"https:\/\/nordicmart.andreevmaster.com\/fi\/wp-json\/wp\/v2\/product_tag?post=32244"}],"curies":[{"name":"wp","href":"https:\/\/api.w.org\/{rel}","templated":true}]}}