{"id":32243,"date":"2026-02-27T00:16:33","date_gmt":"2026-02-27T00:16:33","guid":{"rendered":"https:\/\/nordicmart.andreevmaster.com\/product\/vasagle-keittion-hyllykko-terasrunko-tammivari-valkoinen\/"},"modified":"2026-02-27T09:38:27","modified_gmt":"2026-02-27T09:38:27","slug":"vasagle-keittion-hyllykko-terasrunko-tammivari-valkoinen","status":"publish","type":"product","link":"https:\/\/nordicmart.andreevmaster.com\/fi\/tuote\/vasagle-keittion-hyllykko-terasrunko-tammivari-valkoinen\/","title":{"rendered":"VASAGLE keitti\u00f6n hyllykk\u00f6 ter\u00e4srunko, tammiv\u00e4ri-valkoinen"},"content":{"rendered":"<p>VASAGLE keitti\u00f6hylly, seisomahylly hyllyill\u00e4, 6 koukulla ja metallirungolla, hylly mikroaaltouunille, teollinen muotoilu, 40 x 60 x 167 cm, vintage-ruskea-musta KKS024B01<br \/>\nV\u00e4ri: tammiv\u00e4rinen valkoinen<br \/>\nMateriaali: lastulevy, ter\u00e4s<br \/>\nKoko: 40 x 60 x 167 cm (S x L x K)<br \/>\nPaino: 16,1 kg<br \/>\nYl\u00e4hyllyn maks. staattinen kantavuus: 10,4 kg<br \/>\nKeskimm\u00e4isen ty\u00f6tason maks. staattinen kantavuus: 38,5 kg<br \/>\nJokaisen alahyllyn maksimaalinen staattinen kantavuus: 36,2 kg<\/p>\n","protected":false},"excerpt":{"rendered":"<p>VASAGLE keitti\u00f6hylly, seisomahylly hyllyill\u00e4, 6 koukulla ja metallirungolla, hylly mikroaaltouunille, teollinen muotoilu, 40 x 60 x 167 cm, vintage-ruskea-musta KKS024B01<\/p>\n","protected":false},"featured_media":41283,"comment_status":"open","ping_status":"closed","template":"","meta":[],"product_brand":[],"product_cat":[32],"product_tag":[],"class_list":{"0":"post-32243","1":"product","2":"type-product","3":"status-publish","4":"has-post-thumbnail","6":"product_cat-uncategorized-fi","8":"first","9":"instock","10":"shipping-taxable","11":"purchasable","12":"product-type-simple"},"_links":{"self":[{"href":"https:\/\/nordicmart.andreevmaster.com\/fi\/wp-json\/wp\/v2\/product\/32243","targetHints":{"allow":["GET"]}}],"collection":[{"href":"https:\/\/nordicmart.andreevmaster.com\/fi\/wp-json\/wp\/v2\/product"}],"about":[{"href":"https:\/\/nordicmart.andreevmaster.com\/fi\/wp-json\/wp\/v2\/types\/product"}],"replies":[{"embeddable":true,"href":"https:\/\/nordicmart.andreevmaster.com\/fi\/wp-json\/wp\/v2\/comments?post=32243"}],"wp:featuredmedia":[{"embeddable":true,"href":"https:\/\/nordicmart.andreevmaster.com\/fi\/wp-json\/wp\/v2\/media\/41283"}],"wp:attachment":[{"href":"https:\/\/nordicmart.andreevmaster.com\/fi\/wp-json\/wp\/v2\/media?parent=32243"}],"wp:term":[{"taxonomy":"product_brand","embeddable":true,"href":"https:\/\/nordicmart.andreevmaster.com\/fi\/wp-json\/wp\/v2\/product_brand?post=32243"},{"taxonomy":"product_cat","embeddable":true,"href":"https:\/\/nordicmart.andreevmaster.com\/fi\/wp-json\/wp\/v2\/product_cat?post=32243"},{"taxonomy":"product_tag","embeddable":true,"href":"https:\/\/nordicmart.andreevmaster.com\/fi\/wp-json\/wp\/v2\/product_tag?post=32243"}],"curies":[{"name":"wp","href":"https:\/\/api.w.org\/{rel}","templated":true}]}}