{"id":32240,"date":"2026-02-27T00:16:32","date_gmt":"2026-02-27T00:16:32","guid":{"rendered":"https:\/\/nordicmart.andreevmaster.com\/product\/vasagle-keittiohylly-hyllyilla-ja-koukkuilla\/"},"modified":"2026-02-27T09:38:27","modified_gmt":"2026-02-27T09:38:27","slug":"vasagle-keittiohylly-hyllyilla-ja-koukkuilla","status":"publish","type":"product","link":"https:\/\/nordicmart.andreevmaster.com\/fi\/tuote\/vasagle-keittiohylly-hyllyilla-ja-koukkuilla\/","title":{"rendered":"VASAGLE keitti\u00f6hylly hyllyill\u00e4 ja koukkuilla"},"content":{"rendered":"<p> &#8211; V\u00e4ri: vintage-ruskea-musta &#8211; Materiaali: lastulevy, ter\u00e4s &#8211; Koko: 40 x 60 x 167 cm (S x L x K) &#8211; Paino: 16,1 kg &#8211; Yl\u00e4hyllyjen maks. staattinen kantavuus: 10 kg &#8211; Keskimm\u00e4isen ty\u00f6tason maks. staattinen kantavuus: 38,5 kg &#8211; Alahyllyjen maks. staattinen kantavuus: 36 kg Toimitus sis\u00e4lt\u00e4\u00e4: &#8211; 1 x keitti\u00f6hylly &#8211; 6 x S-muotoista koukkua &#8211; 1 x kaatumissuoja &#8211; 1 x lis\u00e4varustepaketti &#8211; 1 x ohjeet<\/p>\n","protected":false},"excerpt":{"rendered":"<p>VASAGLE keitti\u00f6hylly, seisomahylly hyllyill\u00e4, 6 koukulla ja metallirungolla, hylly mikroaaltouunille, teollinen muotoilu, 40 x 60 x 167 cm, vintage-ruskea-musta KKS024B01<\/p>\n","protected":false},"featured_media":41280,"comment_status":"open","ping_status":"closed","template":"","meta":[],"product_brand":[],"product_cat":[32],"product_tag":[],"class_list":{"0":"post-32240","1":"product","2":"type-product","3":"status-publish","4":"has-post-thumbnail","6":"product_cat-uncategorized-fi","8":"first","9":"instock","10":"shipping-taxable","11":"purchasable","12":"product-type-simple"},"_links":{"self":[{"href":"https:\/\/nordicmart.andreevmaster.com\/fi\/wp-json\/wp\/v2\/product\/32240","targetHints":{"allow":["GET"]}}],"collection":[{"href":"https:\/\/nordicmart.andreevmaster.com\/fi\/wp-json\/wp\/v2\/product"}],"about":[{"href":"https:\/\/nordicmart.andreevmaster.com\/fi\/wp-json\/wp\/v2\/types\/product"}],"replies":[{"embeddable":true,"href":"https:\/\/nordicmart.andreevmaster.com\/fi\/wp-json\/wp\/v2\/comments?post=32240"}],"wp:featuredmedia":[{"embeddable":true,"href":"https:\/\/nordicmart.andreevmaster.com\/fi\/wp-json\/wp\/v2\/media\/41280"}],"wp:attachment":[{"href":"https:\/\/nordicmart.andreevmaster.com\/fi\/wp-json\/wp\/v2\/media?parent=32240"}],"wp:term":[{"taxonomy":"product_brand","embeddable":true,"href":"https:\/\/nordicmart.andreevmaster.com\/fi\/wp-json\/wp\/v2\/product_brand?post=32240"},{"taxonomy":"product_cat","embeddable":true,"href":"https:\/\/nordicmart.andreevmaster.com\/fi\/wp-json\/wp\/v2\/product_cat?post=32240"},{"taxonomy":"product_tag","embeddable":true,"href":"https:\/\/nordicmart.andreevmaster.com\/fi\/wp-json\/wp\/v2\/product_tag?post=32240"}],"curies":[{"name":"wp","href":"https:\/\/api.w.org\/{rel}","templated":true}]}}