{"id":32239,"date":"2026-02-27T00:16:32","date_gmt":"2026-02-27T00:16:32","guid":{"rendered":"https:\/\/nordicmart.andreevmaster.com\/product\/vasagle-teollisen-muotoilun-keittiohylly-koukkuilla\/"},"modified":"2026-02-27T09:38:27","modified_gmt":"2026-02-27T09:38:27","slug":"vasagle-teollisen-muotoilun-keittiohylly-koukkuilla","status":"publish","type":"product","link":"https:\/\/nordicmart.andreevmaster.com\/fi\/tuote\/vasagle-teollisen-muotoilun-keittiohylly-koukkuilla\/","title":{"rendered":"VASAGLE Teollisen muotoilun keitti\u00f6hylly koukkuilla"},"content":{"rendered":"<p>Tuotetiedot: &#8211; V\u00e4ri: vintage-ruskea-musta &#8211; Materiaali: lastulevy, ter\u00e4s &#8211; Koko: 60 x 40 x 127 cm (P x L x K) &#8211; Paino: 12,2 kg &#8211; Maks. staattinen kantavuus alaosassa: 20 kg &#8211; Maks. staattinen kantavuus yl\u00e4osassa: 10 kg  Toimitus sis\u00e4lt\u00e4\u00e4: &#8211; 1 x keitti\u00f6hylly &#8211; 6 x S-muotoista koukkua &#8211; 1 x kaatumissuoja &#8211; 1 x lis\u00e4varustepaketti &#8211; 1 x ohjeet VASAGLE Huomautukset: &#8211; Turvallisuussyist\u00e4 lapset eiv\u00e4t saa kiivet\u00e4 tuotteelle tai leikki\u00e4 sill\u00e4.- Kiinnit\u00e4 t\u00e4m\u00e4 tuote sein\u00e4\u00e4n mukana toimitetulla kaatumissuojalla turvallisen k\u00e4yt\u00f6n varmistamiseksi. &#8211; Tarkista huolellisesti, ett\u00e4 mikroaaltouunisi tai muiden keitti\u00f6koneidesi koko on sopiva.<\/p>\n","protected":false},"excerpt":{"rendered":"<p>VASAGLE keitti\u00f6hylly, seisomahylly 3 hyllyll\u00e4, 6 S-muotoisella koukulla, teollinen muotoilu, mikroaaltouunille, keitti\u00f6tarvikkeille, mausteille, kattiloille ja pannuille, vintage-ruskea-musta KKS023B01<\/p>\n","protected":false},"featured_media":41279,"comment_status":"open","ping_status":"closed","template":"","meta":[],"product_brand":[],"product_cat":[32],"product_tag":[],"class_list":{"0":"post-32239","1":"product","2":"type-product","3":"status-publish","4":"has-post-thumbnail","6":"product_cat-uncategorized-fi","8":"first","9":"instock","10":"shipping-taxable","11":"purchasable","12":"product-type-simple"},"_links":{"self":[{"href":"https:\/\/nordicmart.andreevmaster.com\/fi\/wp-json\/wp\/v2\/product\/32239","targetHints":{"allow":["GET"]}}],"collection":[{"href":"https:\/\/nordicmart.andreevmaster.com\/fi\/wp-json\/wp\/v2\/product"}],"about":[{"href":"https:\/\/nordicmart.andreevmaster.com\/fi\/wp-json\/wp\/v2\/types\/product"}],"replies":[{"embeddable":true,"href":"https:\/\/nordicmart.andreevmaster.com\/fi\/wp-json\/wp\/v2\/comments?post=32239"}],"wp:featuredmedia":[{"embeddable":true,"href":"https:\/\/nordicmart.andreevmaster.com\/fi\/wp-json\/wp\/v2\/media\/41279"}],"wp:attachment":[{"href":"https:\/\/nordicmart.andreevmaster.com\/fi\/wp-json\/wp\/v2\/media?parent=32239"}],"wp:term":[{"taxonomy":"product_brand","embeddable":true,"href":"https:\/\/nordicmart.andreevmaster.com\/fi\/wp-json\/wp\/v2\/product_brand?post=32239"},{"taxonomy":"product_cat","embeddable":true,"href":"https:\/\/nordicmart.andreevmaster.com\/fi\/wp-json\/wp\/v2\/product_cat?post=32239"},{"taxonomy":"product_tag","embeddable":true,"href":"https:\/\/nordicmart.andreevmaster.com\/fi\/wp-json\/wp\/v2\/product_tag?post=32239"}],"curies":[{"name":"wp","href":"https:\/\/api.w.org\/{rel}","templated":true}]}}