{"id":32237,"date":"2026-02-27T00:16:31","date_gmt":"2026-02-27T00:16:31","guid":{"rendered":"https:\/\/nordicmart.andreevmaster.com\/product\/vasagle-keittiohylly-6-hyllytasoa-ja-6-koukkua\/"},"modified":"2026-02-27T09:38:26","modified_gmt":"2026-02-27T09:38:26","slug":"vasagle-keittiohylly-6-hyllytasoa-ja-6-koukkua","status":"publish","type":"product","link":"https:\/\/nordicmart.andreevmaster.com\/fi\/tuote\/vasagle-keittiohylly-6-hyllytasoa-ja-6-koukkua\/","title":{"rendered":"VASAGLE keitti\u00f6hylly, 6 hyllytasoa ja 6 koukkua"},"content":{"rendered":"<p>VASAGLE keitti\u00f6hylly, seisomahylly hyllyill\u00e4, 6 koukulla ja metallirungolla, teollinen muotoilu, mikroaaltouunille, keitti\u00f6v\u00e4lineille, 80 x 40 x 167 cm, vintage-ruskea-musta KKS019B01<br \/>\nV\u00e4ri: tammiv\u00e4ri-valkoinen<br \/>\nMateriaali: lastulevy, ter\u00e4s<br \/>\nKoko: 40 x 80 x 167 cm (S x L x K)<br \/>\nPaino: 21 kg<br \/>\nYl\u00e4hyllyjen maks. staattinen kantavuus: 13,6 kg<br \/>\nKeskimm\u00e4isen ty\u00f6tason maks. staattinen kantavuus: 45,3 kg<br \/>\nJokaisen alahyllyn maksimaalinen staattinen kantavuus: 72,5 kg<\/p>\n","protected":false},"excerpt":{"rendered":"<p>VASAGLE keitti\u00f6hylly, seisomahylly hyllyill\u00e4, 6 koukulla ja metallirungolla, teollinen muotoilu, mikroaaltouunille, keitti\u00f6v\u00e4lineille, 80 x 40 x 167 cm, vintage-ruskea-musta KKS019B01<\/p>\n","protected":false},"featured_media":41277,"comment_status":"open","ping_status":"closed","template":"","meta":[],"product_brand":[],"product_cat":[32],"product_tag":[],"class_list":{"0":"post-32237","1":"product","2":"type-product","3":"status-publish","4":"has-post-thumbnail","6":"product_cat-uncategorized-fi","8":"first","9":"instock","10":"shipping-taxable","11":"purchasable","12":"product-type-simple"},"_links":{"self":[{"href":"https:\/\/nordicmart.andreevmaster.com\/fi\/wp-json\/wp\/v2\/product\/32237","targetHints":{"allow":["GET"]}}],"collection":[{"href":"https:\/\/nordicmart.andreevmaster.com\/fi\/wp-json\/wp\/v2\/product"}],"about":[{"href":"https:\/\/nordicmart.andreevmaster.com\/fi\/wp-json\/wp\/v2\/types\/product"}],"replies":[{"embeddable":true,"href":"https:\/\/nordicmart.andreevmaster.com\/fi\/wp-json\/wp\/v2\/comments?post=32237"}],"wp:featuredmedia":[{"embeddable":true,"href":"https:\/\/nordicmart.andreevmaster.com\/fi\/wp-json\/wp\/v2\/media\/41277"}],"wp:attachment":[{"href":"https:\/\/nordicmart.andreevmaster.com\/fi\/wp-json\/wp\/v2\/media?parent=32237"}],"wp:term":[{"taxonomy":"product_brand","embeddable":true,"href":"https:\/\/nordicmart.andreevmaster.com\/fi\/wp-json\/wp\/v2\/product_brand?post=32237"},{"taxonomy":"product_cat","embeddable":true,"href":"https:\/\/nordicmart.andreevmaster.com\/fi\/wp-json\/wp\/v2\/product_cat?post=32237"},{"taxonomy":"product_tag","embeddable":true,"href":"https:\/\/nordicmart.andreevmaster.com\/fi\/wp-json\/wp\/v2\/product_tag?post=32237"}],"curies":[{"name":"wp","href":"https:\/\/api.w.org\/{rel}","templated":true}]}}