{"id":32234,"date":"2026-02-27T00:16:31","date_gmt":"2026-02-27T00:16:31","guid":{"rendered":"https:\/\/nordicmart.andreevmaster.com\/product\/vasagle-teollinen-design-keittiohylly-vintage-ruskea-musta\/"},"modified":"2026-02-27T09:38:26","modified_gmt":"2026-02-27T09:38:26","slug":"vasagle-teollinen-design-keittiohylly-vintage-ruskea-musta","status":"publish","type":"product","link":"https:\/\/nordicmart.andreevmaster.com\/fi\/tuote\/vasagle-teollinen-design-keittiohylly-vintage-ruskea-musta\/","title":{"rendered":"VASAGLE Teollinen design Keitti\u00f6hylly Vintage-ruskea-musta"},"content":{"rendered":"<p>Tuotetiedot: &#8211; V\u00e4ri: vintage-ruskea-musta &#8211; Materiaali: lastulevy, ter\u00e4s &#8211; Koko: 80 x 40 x 167 cm (P x L x K) &#8211; Paino: 21 kg &#8211; Maks. staattinen kokonaiskuormitus: 90 kg  Toimitus sis\u00e4lt\u00e4\u00e4: &#8211; 1 x keitti\u00f6hylly &#8211; 6 x S-muotoista koukkua &#8211; 1 x kaatumissuoja &#8211; 1 x lis\u00e4varustepaketti &#8211; 1 x ohjeet (DE, EN, IT, FR, ES) VASAGLE Huomautukset:- Turvallisuussyist\u00e4 lapset eiv\u00e4t saa kiivet\u00e4 tuotteelle tai leikki\u00e4 sill\u00e4. &#8211; Kiinnit\u00e4 t\u00e4m\u00e4 tuote sein\u00e4\u00e4n mukana toimitetulla kaatumissuojalla turvallisen k\u00e4yt\u00f6n varmistamiseksi. &#8211; Tarkista huolellisesti, ett\u00e4 mikroaaltouunisi tai muiden keitti\u00f6koneidesi koko sopii hyllylle.<\/p>\n","protected":false},"excerpt":{"rendered":"<p>VASAGLE keitti\u00f6hylly, seisomahylly hyllyill\u00e4, 6 koukulla ja metallirungolla, teollinen muotoilu, mikroaaltouunille, keitti\u00f6v\u00e4lineille, 80 x 40 x 167 cm, vintage-ruskea-musta KKS019B01<\/p>\n","protected":false},"featured_media":41274,"comment_status":"open","ping_status":"closed","template":"","meta":[],"product_brand":[],"product_cat":[32],"product_tag":[],"class_list":{"0":"post-32234","1":"product","2":"type-product","3":"status-publish","4":"has-post-thumbnail","6":"product_cat-uncategorized-fi","8":"first","9":"instock","10":"shipping-taxable","11":"purchasable","12":"product-type-simple"},"_links":{"self":[{"href":"https:\/\/nordicmart.andreevmaster.com\/fi\/wp-json\/wp\/v2\/product\/32234","targetHints":{"allow":["GET"]}}],"collection":[{"href":"https:\/\/nordicmart.andreevmaster.com\/fi\/wp-json\/wp\/v2\/product"}],"about":[{"href":"https:\/\/nordicmart.andreevmaster.com\/fi\/wp-json\/wp\/v2\/types\/product"}],"replies":[{"embeddable":true,"href":"https:\/\/nordicmart.andreevmaster.com\/fi\/wp-json\/wp\/v2\/comments?post=32234"}],"wp:featuredmedia":[{"embeddable":true,"href":"https:\/\/nordicmart.andreevmaster.com\/fi\/wp-json\/wp\/v2\/media\/41274"}],"wp:attachment":[{"href":"https:\/\/nordicmart.andreevmaster.com\/fi\/wp-json\/wp\/v2\/media?parent=32234"}],"wp:term":[{"taxonomy":"product_brand","embeddable":true,"href":"https:\/\/nordicmart.andreevmaster.com\/fi\/wp-json\/wp\/v2\/product_brand?post=32234"},{"taxonomy":"product_cat","embeddable":true,"href":"https:\/\/nordicmart.andreevmaster.com\/fi\/wp-json\/wp\/v2\/product_cat?post=32234"},{"taxonomy":"product_tag","embeddable":true,"href":"https:\/\/nordicmart.andreevmaster.com\/fi\/wp-json\/wp\/v2\/product_tag?post=32234"}],"curies":[{"name":"wp","href":"https:\/\/api.w.org\/{rel}","templated":true}]}}