{"id":32233,"date":"2026-02-27T00:16:30","date_gmt":"2026-02-27T00:16:30","guid":{"rendered":"https:\/\/nordicmart.andreevmaster.com\/product\/vasagle-teollisuussuunnittelun-hyllykko\/"},"modified":"2026-02-27T09:38:26","modified_gmt":"2026-02-27T09:38:26","slug":"vasagle-teollisuussuunnittelun-hyllykko","status":"publish","type":"product","link":"https:\/\/nordicmart.andreevmaster.com\/fi\/tuote\/vasagle-teollisuussuunnittelun-hyllykko\/","title":{"rendered":"VASAGLE Teollisuussuunnittelun hyllykk\u00f6"},"content":{"rendered":"<p>Tuotetiedot: &#8211; V\u00e4ri: vintage-ruskea-musta &#8211; Materiaali: lastulevy, ter\u00e4s &#8211; Koko: 60 x 40 x 138 cm (P x L x K) &#8211; Paino: 9,9 kg &#8211; Maks. staattinen kantavuus:- Ylin hyllytaso: 15 kg &#8211; P\u00f6yt\u00e4pinta: 25 kg &#8211; Kukin ritil\u00e4hylly: 10 kg Toimitussis\u00e4lt\u00f6: &#8211; 1 x keitti\u00f6hylly &#8211; 7 x S-muotoista koukkua &#8211; 1 x kaatumissuoja &#8211; 1 x lis\u00e4varustepaketti &#8211; 1 x ohjeet (DE, EN, IT, FR, ES) VASAGLE Huomautukset:- Turvallisuussyist\u00e4 lapset eiv\u00e4t saa kiivet\u00e4 tuotteelle tai leikki\u00e4 sill\u00e4. &#8211; Kiinnit\u00e4 t\u00e4m\u00e4 tuote sein\u00e4\u00e4n mukana toimitetulla kaatumissuojalla turvallisen k\u00e4yt\u00f6n varmistamiseksi. &#8211; Hygieniasyist\u00e4 \u00e4l\u00e4 aseta elintarvikkeita suoraan metallihyllyille. &#8211; Tarkista huolellisesti, ett\u00e4 hyllyn koko sopii mikroaaltouunillesi tai muille keitti\u00f6koneillesi.<\/p>\n","protected":false},"excerpt":{"rendered":"<p>VASAGLE keitti\u00f6hylly, seisomahylly hyllyill\u00e4, mikroaaltouunihylly 7 koukulla ja metallirungolla, teollinen muotoilu, mikroaaltouunille, keitti\u00f6tarvikkeille, 60 x 40 x 138 cm, vintage-ruskea-musta KKS018B01<\/p>\n","protected":false},"featured_media":41273,"comment_status":"open","ping_status":"closed","template":"","meta":[],"product_brand":[],"product_cat":[32],"product_tag":[],"class_list":{"0":"post-32233","1":"product","2":"type-product","3":"status-publish","4":"has-post-thumbnail","6":"product_cat-uncategorized-fi","8":"first","9":"instock","10":"shipping-taxable","11":"purchasable","12":"product-type-simple"},"_links":{"self":[{"href":"https:\/\/nordicmart.andreevmaster.com\/fi\/wp-json\/wp\/v2\/product\/32233","targetHints":{"allow":["GET"]}}],"collection":[{"href":"https:\/\/nordicmart.andreevmaster.com\/fi\/wp-json\/wp\/v2\/product"}],"about":[{"href":"https:\/\/nordicmart.andreevmaster.com\/fi\/wp-json\/wp\/v2\/types\/product"}],"replies":[{"embeddable":true,"href":"https:\/\/nordicmart.andreevmaster.com\/fi\/wp-json\/wp\/v2\/comments?post=32233"}],"wp:featuredmedia":[{"embeddable":true,"href":"https:\/\/nordicmart.andreevmaster.com\/fi\/wp-json\/wp\/v2\/media\/41273"}],"wp:attachment":[{"href":"https:\/\/nordicmart.andreevmaster.com\/fi\/wp-json\/wp\/v2\/media?parent=32233"}],"wp:term":[{"taxonomy":"product_brand","embeddable":true,"href":"https:\/\/nordicmart.andreevmaster.com\/fi\/wp-json\/wp\/v2\/product_brand?post=32233"},{"taxonomy":"product_cat","embeddable":true,"href":"https:\/\/nordicmart.andreevmaster.com\/fi\/wp-json\/wp\/v2\/product_cat?post=32233"},{"taxonomy":"product_tag","embeddable":true,"href":"https:\/\/nordicmart.andreevmaster.com\/fi\/wp-json\/wp\/v2\/product_tag?post=32233"}],"curies":[{"name":"wp","href":"https:\/\/api.w.org\/{rel}","templated":true}]}}