{"id":32232,"date":"2026-02-27T00:16:30","date_gmt":"2026-02-27T00:16:30","guid":{"rendered":"https:\/\/nordicmart.andreevmaster.com\/product\/vasagle-keittiohylly-40-x-80-x-1804-cm-kultainen-tammi-pilvinen-valkoinen\/"},"modified":"2026-02-27T09:38:25","modified_gmt":"2026-02-27T09:38:25","slug":"vasagle-keittiohylly-40-x-80-x-1804-cm-kultainen-tammi-pilvinen-valkoinen","status":"publish","type":"product","link":"https:\/\/nordicmart.andreevmaster.com\/fi\/tuote\/vasagle-keittiohylly-40-x-80-x-1804-cm-kultainen-tammi-pilvinen-valkoinen\/","title":{"rendered":"VASAGLE keitti\u00f6hylly 40 x 80 x 180,4 cm kultainen tammi-pilvinen valkoinen"},"content":{"rendered":"<p>VASAGLE keitti\u00f6hylly pistorasioilla, lattiateline, 40 x 80 x 180,4 cm, leivontateline, s\u00e4\u00e4dett\u00e4v\u00e4t hyllyt, kangaspussi, 12 koukkua, keitti\u00f6, vintage-ruskea-mustanmusta KKS015K03<br \/>\nV\u00e4ri: kultainen tammi &#8211; pilvinen valkoinen<br \/>\nMateriaali: lastulevy, ter\u00e4s<br \/>\nKoko: 40 x 80 x 180,4 cm (S x L x K)<br \/>\nPaino: 22,8 kg<br \/>\nTy\u00f6tason maks. staattinen kantavuus: 50 kg<br \/>\nKoukkujen maks. staattinen kantavuus: 5 kg<br \/>\nMaks. staattinen kokonaiskuormitus: 150 kg<\/p>\n","protected":false},"excerpt":{"rendered":"<p>VASAGLE keitti\u00f6hylly pistorasioilla, lattiateline, 40 x 80 x 180,4 cm, leivontateline, s\u00e4\u00e4dett\u00e4v\u00e4t hyllyt, kangaspussi, 12 koukkua, keitti\u00f6, vintage-ruskea-mustanmusta KKS015K03<\/p>\n","protected":false},"featured_media":0,"comment_status":"open","ping_status":"closed","template":"","meta":[],"product_brand":[],"product_cat":[32],"product_tag":[],"class_list":{"0":"post-32232","1":"product","2":"type-product","3":"status-publish","5":"product_cat-uncategorized-fi","7":"first","8":"instock","9":"shipping-taxable","10":"purchasable","11":"product-type-simple"},"_links":{"self":[{"href":"https:\/\/nordicmart.andreevmaster.com\/fi\/wp-json\/wp\/v2\/product\/32232","targetHints":{"allow":["GET"]}}],"collection":[{"href":"https:\/\/nordicmart.andreevmaster.com\/fi\/wp-json\/wp\/v2\/product"}],"about":[{"href":"https:\/\/nordicmart.andreevmaster.com\/fi\/wp-json\/wp\/v2\/types\/product"}],"replies":[{"embeddable":true,"href":"https:\/\/nordicmart.andreevmaster.com\/fi\/wp-json\/wp\/v2\/comments?post=32232"}],"wp:attachment":[{"href":"https:\/\/nordicmart.andreevmaster.com\/fi\/wp-json\/wp\/v2\/media?parent=32232"}],"wp:term":[{"taxonomy":"product_brand","embeddable":true,"href":"https:\/\/nordicmart.andreevmaster.com\/fi\/wp-json\/wp\/v2\/product_brand?post=32232"},{"taxonomy":"product_cat","embeddable":true,"href":"https:\/\/nordicmart.andreevmaster.com\/fi\/wp-json\/wp\/v2\/product_cat?post=32232"},{"taxonomy":"product_tag","embeddable":true,"href":"https:\/\/nordicmart.andreevmaster.com\/fi\/wp-json\/wp\/v2\/product_tag?post=32232"}],"curies":[{"name":"wp","href":"https:\/\/api.w.org\/{rel}","templated":true}]}}