{"id":32230,"date":"2026-02-27T00:16:30","date_gmt":"2026-02-27T00:16:30","guid":{"rendered":"https:\/\/nordicmart.andreevmaster.com\/product\/vasagle-keittiohylly-pistorasioilla-ja-4-tasolla-kultainen-tammi-mattavalkoinen\/"},"modified":"2026-02-27T09:38:25","modified_gmt":"2026-02-27T09:38:25","slug":"vasagle-keittiohylly-pistorasioilla-ja-4-tasolla-kultainen-tammi-mattavalkoinen","status":"publish","type":"product","link":"https:\/\/nordicmart.andreevmaster.com\/fi\/tuote\/vasagle-keittiohylly-pistorasioilla-ja-4-tasolla-kultainen-tammi-mattavalkoinen\/","title":{"rendered":"VASAGLE keitti\u00f6hylly pistorasioilla ja 4 tasolla, kultainen tammi &#8211; mattavalkoinen"},"content":{"rendered":"<p>VASAGLE keitti\u00f6hylly pistorasioilla, lattiateline, mikroaaltouunihylly 4 tasoa, s\u00e4\u00e4dett\u00e4v\u00e4 hylly, keitti\u00f6rullateline, 40 x 60 x 140 cm, vintage-ruskea-mustanmusta KKS014K02<br \/>\nV\u00e4ri: kultainen tammi, mattavalkoinen<br \/>\nMateriaali: lastulevy, ter\u00e4s<br \/>\nKoko: 40 x 60 x 140 cm (S x L x K)<br \/>\nPaino: 10,4 kg<br \/>\nYl\u00e4hyllyn maks. staattinen kantavuus: 25 kg<br \/>\nTy\u00f6tason maks. staattinen kantavuus: 38,6 kg<br \/>\nS\u00e4\u00e4dett\u00e4v\u00e4n hyllyn maks. staattinen kantavuus: 36,3 kg<br \/>\nAlemman hyllyn maks. staattinen kantavuus: 36,3 kg<br \/>\nMaks. staattinen kokonaiskuormitus: 136 kg<\/p>\n","protected":false},"excerpt":{"rendered":"<p>VASAGLE keitti\u00f6hylly pistorasioilla, lattiateline, mikroaaltouunihylly 4 tasoa, s\u00e4\u00e4dett\u00e4v\u00e4 hylly, keitti\u00f6rullateline, 40 x 60 x 140 cm, vintage-ruskea-mustanmusta KKS014K02<\/p>\n","protected":false},"featured_media":41271,"comment_status":"open","ping_status":"closed","template":"","meta":[],"product_brand":[],"product_cat":[32],"product_tag":[],"class_list":{"0":"post-32230","1":"product","2":"type-product","3":"status-publish","4":"has-post-thumbnail","6":"product_cat-uncategorized-fi","8":"first","9":"instock","10":"shipping-taxable","11":"purchasable","12":"product-type-simple"},"_links":{"self":[{"href":"https:\/\/nordicmart.andreevmaster.com\/fi\/wp-json\/wp\/v2\/product\/32230","targetHints":{"allow":["GET"]}}],"collection":[{"href":"https:\/\/nordicmart.andreevmaster.com\/fi\/wp-json\/wp\/v2\/product"}],"about":[{"href":"https:\/\/nordicmart.andreevmaster.com\/fi\/wp-json\/wp\/v2\/types\/product"}],"replies":[{"embeddable":true,"href":"https:\/\/nordicmart.andreevmaster.com\/fi\/wp-json\/wp\/v2\/comments?post=32230"}],"wp:featuredmedia":[{"embeddable":true,"href":"https:\/\/nordicmart.andreevmaster.com\/fi\/wp-json\/wp\/v2\/media\/41271"}],"wp:attachment":[{"href":"https:\/\/nordicmart.andreevmaster.com\/fi\/wp-json\/wp\/v2\/media?parent=32230"}],"wp:term":[{"taxonomy":"product_brand","embeddable":true,"href":"https:\/\/nordicmart.andreevmaster.com\/fi\/wp-json\/wp\/v2\/product_brand?post=32230"},{"taxonomy":"product_cat","embeddable":true,"href":"https:\/\/nordicmart.andreevmaster.com\/fi\/wp-json\/wp\/v2\/product_cat?post=32230"},{"taxonomy":"product_tag","embeddable":true,"href":"https:\/\/nordicmart.andreevmaster.com\/fi\/wp-json\/wp\/v2\/product_tag?post=32230"}],"curies":[{"name":"wp","href":"https:\/\/api.w.org\/{rel}","templated":true}]}}