{"id":32225,"date":"2026-02-27T00:16:29","date_gmt":"2026-02-27T00:16:29","guid":{"rendered":"https:\/\/nordicmart.andreevmaster.com\/product\/vasagle-3-tasoinen-maustehylly-terasrunko-teollinen-greige-musta\/"},"modified":"2026-02-27T09:38:24","modified_gmt":"2026-02-27T09:38:24","slug":"vasagle-3-tasoinen-maustehylly-terasrunko-teollinen-greige-musta","status":"publish","type":"product","link":"https:\/\/nordicmart.andreevmaster.com\/fi\/tuote\/vasagle-3-tasoinen-maustehylly-terasrunko-teollinen-greige-musta\/","title":{"rendered":"VASAGLE 3-tasoinen maustehylly ter\u00e4srunko teollinen greige-musta"},"content":{"rendered":"<p>VASAGLE keitti\u00f6hylly, jossa on suuri ty\u00f6taso, 3-tasoinen maustehylly, ter\u00e4srunko, 60 x 100 x 90 cm, teollinen, helppo asentaa<br \/>\nV\u00e4ri: greige-musta<br \/>\nMateriaali: lastulevy, ter\u00e4s<br \/>\nKoko: 60 x 100 x 90 cm (S x L x K)<br \/>\nPaino: 21,5 kg<br \/>\nMaks. staattinen kantavuus hylly\u00e4 kohti: 30 kg<\/p>\n","protected":false},"excerpt":{"rendered":"<p>VASAGLE keitti\u00f6hylly, jossa on suuri ty\u00f6taso, 3-tasoinen maustehylly, ter\u00e4srunko, 60 x 100 x 90 cm, teollinen, helppo asentaa<\/p>\n","protected":false},"featured_media":41266,"comment_status":"open","ping_status":"closed","template":"","meta":[],"product_brand":[],"product_cat":[32],"product_tag":[],"class_list":{"0":"post-32225","1":"product","2":"type-product","3":"status-publish","4":"has-post-thumbnail","6":"product_cat-uncategorized-fi","8":"first","9":"instock","10":"shipping-taxable","11":"purchasable","12":"product-type-simple"},"_links":{"self":[{"href":"https:\/\/nordicmart.andreevmaster.com\/fi\/wp-json\/wp\/v2\/product\/32225","targetHints":{"allow":["GET"]}}],"collection":[{"href":"https:\/\/nordicmart.andreevmaster.com\/fi\/wp-json\/wp\/v2\/product"}],"about":[{"href":"https:\/\/nordicmart.andreevmaster.com\/fi\/wp-json\/wp\/v2\/types\/product"}],"replies":[{"embeddable":true,"href":"https:\/\/nordicmart.andreevmaster.com\/fi\/wp-json\/wp\/v2\/comments?post=32225"}],"wp:featuredmedia":[{"embeddable":true,"href":"https:\/\/nordicmart.andreevmaster.com\/fi\/wp-json\/wp\/v2\/media\/41266"}],"wp:attachment":[{"href":"https:\/\/nordicmart.andreevmaster.com\/fi\/wp-json\/wp\/v2\/media?parent=32225"}],"wp:term":[{"taxonomy":"product_brand","embeddable":true,"href":"https:\/\/nordicmart.andreevmaster.com\/fi\/wp-json\/wp\/v2\/product_brand?post=32225"},{"taxonomy":"product_cat","embeddable":true,"href":"https:\/\/nordicmart.andreevmaster.com\/fi\/wp-json\/wp\/v2\/product_cat?post=32225"},{"taxonomy":"product_tag","embeddable":true,"href":"https:\/\/nordicmart.andreevmaster.com\/fi\/wp-json\/wp\/v2\/product_tag?post=32225"}],"curies":[{"name":"wp","href":"https:\/\/api.w.org\/{rel}","templated":true}]}}