{"id":32220,"date":"2026-02-27T00:16:27","date_gmt":"2026-02-27T00:16:27","guid":{"rendered":"https:\/\/nordicmart.andreevmaster.com\/product\/vasagle-keittiohylly-3-tasoinen-60-x-120-x-90-cm-teollinen\/"},"modified":"2026-02-27T09:38:23","modified_gmt":"2026-02-27T09:38:23","slug":"vasagle-keittiohylly-3-tasoinen-60-x-120-x-90-cm-teollinen","status":"publish","type":"product","link":"https:\/\/nordicmart.andreevmaster.com\/fi\/tuote\/vasagle-keittiohylly-3-tasoinen-60-x-120-x-90-cm-teollinen\/","title":{"rendered":"VASAGLE keitti\u00f6hylly 3-tasoinen 60 x 120 x 90 cm teollinen"},"content":{"rendered":"<p>VASAGLE keitti\u00f6hylly, jossa on suuri ty\u00f6taso, 3-tasoinen maustehylly, ter\u00e4srunko, 60 x 120 x 90 cm, teollinen, helppo asentaa, vintage-ruskea-musta KKI01BX<br \/>\nV\u00e4ri: greige-musta<br \/>\nMateriaali: lastulevy, ter\u00e4s<br \/>\nKoko: 60 x 120 x 90 cm (S x L x K)<br \/>\nPaino: 26,5 kg<br \/>\nMaks. staattinen kantavuus hylly\u00e4 kohti: 30 kg<\/p>\n","protected":false},"excerpt":{"rendered":"<p>VASAGLE keitti\u00f6hylly, jossa on suuri ty\u00f6taso, 3-tasoinen maustehylly, ter\u00e4srunko, 60 x 120 x 90 cm, teollinen, helppo asentaa, vintage-ruskea-musta KKI01BX<\/p>\n","protected":false},"featured_media":41262,"comment_status":"open","ping_status":"closed","template":"","meta":[],"product_brand":[],"product_cat":[32],"product_tag":[],"class_list":{"0":"post-32220","1":"product","2":"type-product","3":"status-publish","4":"has-post-thumbnail","6":"product_cat-uncategorized-fi","8":"first","9":"instock","10":"shipping-taxable","11":"purchasable","12":"product-type-simple"},"_links":{"self":[{"href":"https:\/\/nordicmart.andreevmaster.com\/fi\/wp-json\/wp\/v2\/product\/32220","targetHints":{"allow":["GET"]}}],"collection":[{"href":"https:\/\/nordicmart.andreevmaster.com\/fi\/wp-json\/wp\/v2\/product"}],"about":[{"href":"https:\/\/nordicmart.andreevmaster.com\/fi\/wp-json\/wp\/v2\/types\/product"}],"replies":[{"embeddable":true,"href":"https:\/\/nordicmart.andreevmaster.com\/fi\/wp-json\/wp\/v2\/comments?post=32220"}],"wp:featuredmedia":[{"embeddable":true,"href":"https:\/\/nordicmart.andreevmaster.com\/fi\/wp-json\/wp\/v2\/media\/41262"}],"wp:attachment":[{"href":"https:\/\/nordicmart.andreevmaster.com\/fi\/wp-json\/wp\/v2\/media?parent=32220"}],"wp:term":[{"taxonomy":"product_brand","embeddable":true,"href":"https:\/\/nordicmart.andreevmaster.com\/fi\/wp-json\/wp\/v2\/product_brand?post=32220"},{"taxonomy":"product_cat","embeddable":true,"href":"https:\/\/nordicmart.andreevmaster.com\/fi\/wp-json\/wp\/v2\/product_cat?post=32220"},{"taxonomy":"product_tag","embeddable":true,"href":"https:\/\/nordicmart.andreevmaster.com\/fi\/wp-json\/wp\/v2\/product_tag?post=32220"}],"curies":[{"name":"wp","href":"https:\/\/api.w.org\/{rel}","templated":true}]}}