{"id":32218,"date":"2026-02-27T00:16:27","date_gmt":"2026-02-27T00:16:27","guid":{"rendered":"https:\/\/nordicmart.andreevmaster.com\/product\/songmics-hyllykko-rullilla-rullavaunu-4-laatikolla-kapea\/"},"modified":"2026-02-27T09:38:23","modified_gmt":"2026-02-27T09:38:23","slug":"songmics-hyllykko-rullilla-rullavaunu-4-laatikolla-kapea","status":"publish","type":"product","link":"https:\/\/nordicmart.andreevmaster.com\/fi\/tuote\/songmics-hyllykko-rullilla-rullavaunu-4-laatikolla-kapea\/","title":{"rendered":"SONGMICS Hyllykk\u00f6 rullilla, rullavaunu 4 laatikolla, kapea"},"content":{"rendered":"<p>Etk\u00f6 en\u00e4\u00e4 tied\u00e4, mihin laittaa kylpyhuoneen tai keitti\u00f6n tarvikkeet, ja toimistosi n\u00e4ytt\u00e4\u00e4 vuoren kaltaiselta, jossa on pinottu p\u00e4\u00e4llekk\u00e4in asiakirjoja \u2013 mutta sinulla ei oikeastaan ole en\u00e4\u00e4 tilaa n\u00e4iss\u00e4 huoneissa?SONGMICSin muovinen rullahylly sopii kapean 17 cm:n muotoilunsa ansiosta t\u00e4ydellisesti jokaiseen koloon ja tarjoaa tilaa s\u00e4\u00e4st\u00e4v\u00e4\u00e4 s\u00e4ilytystilaa olohuoneeseen, kylpyhuoneeseen, keitti\u00f6\u00f6n tai toimistoon. Suuri s\u00e4ilytystila: 4 syv\u00e4\u00e4n laatikkoon voit esimerkiksi s\u00e4ilytt\u00e4\u00e4 elintarvikkeita, juomia, leivontatarvikkeita, kylpyhuonetarvikkeita, koriste-esineit\u00e4, toimistotarvikkeita tai muita tavaroita. Hy\u00f6dynn\u00e4 asuntosi tilat tehokkaasti! \u00c4lyk\u00e4s ja k\u00e4yt\u00e4nn\u00f6llinen muotoilu: \u00c4lyk\u00e4s pys\u00e4ytysmekanismi est\u00e4\u00e4 laatikoita liukumasta kokonaan ulos. Valmistettu vedenkest\u00e4v\u00e4st\u00e4 PP-muovista, joten sit\u00e4 voi k\u00e4ytt\u00e4\u00e4 kylpyhuoneessa, kellarissa, pesutuvassa tai keitti\u00f6ss\u00e4.Niche-hyllyn yksinkertainen ja selke\u00e4 muotoilu sopii t\u00e4ydellisesti tiloihisi. Tuotetiedot: V\u00e4ri: valkoinen-harmaa Materiaali: PP-muovi (polypropeeni) Kokonaismitat: 45 x 17 x 83 cm (S x L x K) Sis\u00e4mitat per laatikko: 44,5 x 13 x 18,5 cm (S x L x K) Paino: 4,6 kg Toimitus sis\u00e4lt\u00e4\u00e4: 1 x nurkkahylly py\u00f6rill\u00e4 1 x ohjeet SONGICSin ohjeet:\u00c4l\u00e4 kokoa tai pura tuotetta useita kertoja, jotta v\u00e4lt\u00e4t vaurioiden syntymisen.<\/p>\n","protected":false},"excerpt":{"rendered":"<p>SONGMICS kapea rullavaunu 4 laatikolla, liikkuva, ulosvedett\u00e4v\u00e4, kylpyhuonehylly, keitti\u00f6kaappi py\u00f6rill\u00e4, PP-muovi, tilaa s\u00e4\u00e4st\u00e4v\u00e4, 45 x 17 x 84 cm, valkoinen-harmaa KFR008G01<\/p>\n","protected":false},"featured_media":41261,"comment_status":"open","ping_status":"closed","template":"","meta":[],"product_brand":[],"product_cat":[32],"product_tag":[],"class_list":{"0":"post-32218","1":"product","2":"type-product","3":"status-publish","4":"has-post-thumbnail","6":"product_cat-uncategorized-fi","8":"first","9":"instock","10":"shipping-taxable","11":"purchasable","12":"product-type-simple"},"_links":{"self":[{"href":"https:\/\/nordicmart.andreevmaster.com\/fi\/wp-json\/wp\/v2\/product\/32218","targetHints":{"allow":["GET"]}}],"collection":[{"href":"https:\/\/nordicmart.andreevmaster.com\/fi\/wp-json\/wp\/v2\/product"}],"about":[{"href":"https:\/\/nordicmart.andreevmaster.com\/fi\/wp-json\/wp\/v2\/types\/product"}],"replies":[{"embeddable":true,"href":"https:\/\/nordicmart.andreevmaster.com\/fi\/wp-json\/wp\/v2\/comments?post=32218"}],"wp:featuredmedia":[{"embeddable":true,"href":"https:\/\/nordicmart.andreevmaster.com\/fi\/wp-json\/wp\/v2\/media\/41261"}],"wp:attachment":[{"href":"https:\/\/nordicmart.andreevmaster.com\/fi\/wp-json\/wp\/v2\/media?parent=32218"}],"wp:term":[{"taxonomy":"product_brand","embeddable":true,"href":"https:\/\/nordicmart.andreevmaster.com\/fi\/wp-json\/wp\/v2\/product_brand?post=32218"},{"taxonomy":"product_cat","embeddable":true,"href":"https:\/\/nordicmart.andreevmaster.com\/fi\/wp-json\/wp\/v2\/product_cat?post=32218"},{"taxonomy":"product_tag","embeddable":true,"href":"https:\/\/nordicmart.andreevmaster.com\/fi\/wp-json\/wp\/v2\/product_tag?post=32218"}],"curies":[{"name":"wp","href":"https:\/\/api.w.org\/{rel}","templated":true}]}}