{"id":32217,"date":"2026-02-27T00:16:27","date_gmt":"2026-02-27T00:16:27","guid":{"rendered":"https:\/\/nordicmart.andreevmaster.com\/product\/songmics-rullattava-sailytyshylly\/"},"modified":"2026-02-27T09:38:23","modified_gmt":"2026-02-27T09:38:23","slug":"songmics-rullattava-sailytyshylly","status":"publish","type":"product","link":"https:\/\/nordicmart.andreevmaster.com\/fi\/tuote\/songmics-rullattava-sailytyshylly\/","title":{"rendered":"SONGMICS rullattava s\u00e4ilytyshylly"},"content":{"rendered":"<p>Oletko aina \u00e4rtynyt siit\u00e4, ett\u00e4 kotonasi on liian v\u00e4h\u00e4n tilaa? T\u00e4m\u00e4 kapea SONGMICS-s\u00e4ilytystorni, jonka mitat ovat 45 x 17 x 91 cm, sopii t\u00e4ydellisesti mihin tahansa aukkoon ja luo s\u00e4ilytystilaa, jonka olemassaolosta et ole edes tiennyt.Suuri s\u00e4ilytyskapasiteetti 4 hyllytasoa tarjoavat runsaasti s\u00e4ilytystilaa elintarvikkeille, juomille, suihkutarvikkeille tai toimisto- ja leivontatarvikkeille. Avoimen rakenteen ansiosta n\u00e4et tarvitsemasi tavarat yhdell\u00e4 silm\u00e4yksell\u00e4. Kaikki mukavuutesi vuoksi Hyllytasojen v\u00e4liset erilaiset et\u00e4isyydet on suunniteltu eri korkuisille pulloille tai suihkuvoiteille. Ylimm\u00e4inen hyllytaso on ihanteellisella korkeudella usein k\u00e4ytettyjen esineiden s\u00e4ilytt\u00e4miseen, joten sinun ei tarvitse kumartua.Monipuolinen s\u00e4ilytyshyllySelkeill\u00e4 linjoillaan ja yksinkertaisella muotoilullaan t\u00e4m\u00e4 vieh\u00e4tt\u00e4v\u00e4 kaappi sopii helposti mihin tahansa kodin sisustukseen. Hyllyjen tasojen urat auttavat veden valumista ja pit\u00e4v\u00e4t tavarat kuivina, mik\u00e4 tekee niist\u00e4 ihanteellisia kylpyhuoneeseen, keitti\u00f6\u00f6n, pesutilaan ja kellariin.Tilaa SONGMICSilt\u00e4 rullattava s\u00e4ilytystorni ja hy\u00f6dynn\u00e4 asuntosi tila jatkossa t\u00e4ydellisesti!Tuotetiedot:- V\u00e4ri: valkoinen &#8211; Materiaali: PP-muovi &#8211; Tuotteen koko: 45 x 91 x 17 cm (L x K x S) &#8211; Paino: 2,5 kg &#8211; Kantavuus: 20 kg Toimitus sis\u00e4lt\u00e4\u00e4: &#8211; 1 x kapea hylly &#8211; 1 x ohjeet (DE, EN, FR, ES, IT) SONGMICS-ohjeet:- \u00c4l\u00e4 kokoa tai pura tuotetta useita kertoja, jotta v\u00e4lt\u00e4t vaurioiden syntymisen. &#8211; Pid\u00e4 tuote poissa syttymisl\u00e4hteist\u00e4. Tuotekuvaus<\/p>\n","protected":false},"excerpt":{"rendered":"<p>SONGMICS kapea hyllykk\u00f6, rullattava s\u00e4ilytyshylly, kapea rullavaunu, 4-tasoinen muovihylly, rullilla, keitti\u00f6\u00f6n ja kylpyhuoneeseen, 45 x 91 x 17 cm (L x K x S), valkoinen KFR10WT<\/p>\n","protected":false},"featured_media":41260,"comment_status":"open","ping_status":"closed","template":"","meta":[],"product_brand":[],"product_cat":[32],"product_tag":[],"class_list":{"0":"post-32217","1":"product","2":"type-product","3":"status-publish","4":"has-post-thumbnail","6":"product_cat-uncategorized-fi","8":"first","9":"instock","10":"shipping-taxable","11":"purchasable","12":"product-type-simple"},"_links":{"self":[{"href":"https:\/\/nordicmart.andreevmaster.com\/fi\/wp-json\/wp\/v2\/product\/32217","targetHints":{"allow":["GET"]}}],"collection":[{"href":"https:\/\/nordicmart.andreevmaster.com\/fi\/wp-json\/wp\/v2\/product"}],"about":[{"href":"https:\/\/nordicmart.andreevmaster.com\/fi\/wp-json\/wp\/v2\/types\/product"}],"replies":[{"embeddable":true,"href":"https:\/\/nordicmart.andreevmaster.com\/fi\/wp-json\/wp\/v2\/comments?post=32217"}],"wp:featuredmedia":[{"embeddable":true,"href":"https:\/\/nordicmart.andreevmaster.com\/fi\/wp-json\/wp\/v2\/media\/41260"}],"wp:attachment":[{"href":"https:\/\/nordicmart.andreevmaster.com\/fi\/wp-json\/wp\/v2\/media?parent=32217"}],"wp:term":[{"taxonomy":"product_brand","embeddable":true,"href":"https:\/\/nordicmart.andreevmaster.com\/fi\/wp-json\/wp\/v2\/product_brand?post=32217"},{"taxonomy":"product_cat","embeddable":true,"href":"https:\/\/nordicmart.andreevmaster.com\/fi\/wp-json\/wp\/v2\/product_cat?post=32217"},{"taxonomy":"product_tag","embeddable":true,"href":"https:\/\/nordicmart.andreevmaster.com\/fi\/wp-json\/wp\/v2\/product_tag?post=32217"}],"curies":[{"name":"wp","href":"https:\/\/api.w.org\/{rel}","templated":true}]}}