{"id":32216,"date":"2026-02-27T00:16:27","date_gmt":"2026-02-27T00:16:27","guid":{"rendered":"https:\/\/nordicmart.andreevmaster.com\/product\/songmics-kotelohylly-pyorilla-3-lokeroa\/"},"modified":"2026-02-27T09:38:23","modified_gmt":"2026-02-27T09:38:23","slug":"songmics-kotelohylly-pyorilla-3-lokeroa","status":"publish","type":"product","link":"https:\/\/nordicmart.andreevmaster.com\/fi\/tuote\/songmics-kotelohylly-pyorilla-3-lokeroa\/","title":{"rendered":"SONGMICS-kotelohylly py\u00f6rill\u00e4, 3 lokeroa"},"content":{"rendered":"<p>Kapea hylly kulmiin ja koloihin: 17 cm:n leveydell\u00e4\u00e4n hylly mahtuu kulmiin ja koloihin ja tarjoaa runsaasti tilaa. Helppok\u00e4ytt\u00f6isten rullien ansiosta sit\u00e4 on helppo siirt\u00e4\u00e4 paikasta toiseen, ja kest\u00e4v\u00e4n materiaalin ansiosta se kest\u00e4\u00e4 useita vuosia keitti\u00f6ss\u00e4, kylpyhuoneessa, kellarissa tai varastossa.Paljon tilaa s\u00e4ilytyslokeroissa: 3 s\u00e4ilytyslokeroa, joiden korkeus on 33,8 cm ja 22,8 cm. Hyllyyn mahtuu my\u00f6s suurempia elintarvikkeita, kirjoja tai kylpyhuonetarvikkeita. Kest\u00e4v\u00e4 hylly rullilla: Nelj\u00e4n helpon rullan ansiosta hylly\u00e4 voi siirt\u00e4\u00e4 vain edestakaisin, joten se on helppo k\u00e4sitell\u00e4 eik\u00e4 hylly j\u00e4\u00e4 kiinni. PP-muovin ansiosta hylly on eritt\u00e4in kest\u00e4v\u00e4 ja helppohoitoinen, sill\u00e4 se voidaan pest\u00e4 helposti vedell\u00e4.Tuotetiedot: V\u00e4ri: valkoinen Materiaali: PP-muovi Tuotteen mitat: 45 x 17 x 68,5 cm (L x S x K) Paino: 1,75 kg Kantavuus: 15 kg Toimitus sis\u00e4lt\u00e4\u00e4: 1 x kapeahylly 1 x ohjeet (DE, EN, IT, FR, ES) SONGMICS-ohjeet:On suositeltavaa sijoittaa t\u00e4m\u00e4 hylly sopivan kokoiseen kapeaan tilaan, jotta se on vakaa. V\u00e4lt\u00e4t hyllyn vaurioitumisen ja varmistat liitososien tukevan kiinnityksen, jos et pura ja kokoa tuotetta useita kertoja. Pid\u00e4 hylly kaukana l\u00e4mm\u00f6nl\u00e4hteist\u00e4 vaurioiden v\u00e4ltt\u00e4miseksi.<\/p>\n","protected":false},"excerpt":{"rendered":"<p>SONGMICS kapea kapea vaunu, valkoinen, 3 hyllyll\u00e4, kapea kaappi py\u00f6rill\u00e4, keitti\u00f6\u00f6n, kylpyhuoneeseen, kellariin, leveys 17 cm KFR09WT<\/p>\n","protected":false},"featured_media":41259,"comment_status":"open","ping_status":"closed","template":"","meta":[],"product_brand":[],"product_cat":[32],"product_tag":[],"class_list":{"0":"post-32216","1":"product","2":"type-product","3":"status-publish","4":"has-post-thumbnail","6":"product_cat-uncategorized-fi","8":"first","9":"instock","10":"shipping-taxable","11":"purchasable","12":"product-type-simple"},"_links":{"self":[{"href":"https:\/\/nordicmart.andreevmaster.com\/fi\/wp-json\/wp\/v2\/product\/32216","targetHints":{"allow":["GET"]}}],"collection":[{"href":"https:\/\/nordicmart.andreevmaster.com\/fi\/wp-json\/wp\/v2\/product"}],"about":[{"href":"https:\/\/nordicmart.andreevmaster.com\/fi\/wp-json\/wp\/v2\/types\/product"}],"replies":[{"embeddable":true,"href":"https:\/\/nordicmart.andreevmaster.com\/fi\/wp-json\/wp\/v2\/comments?post=32216"}],"wp:featuredmedia":[{"embeddable":true,"href":"https:\/\/nordicmart.andreevmaster.com\/fi\/wp-json\/wp\/v2\/media\/41259"}],"wp:attachment":[{"href":"https:\/\/nordicmart.andreevmaster.com\/fi\/wp-json\/wp\/v2\/media?parent=32216"}],"wp:term":[{"taxonomy":"product_brand","embeddable":true,"href":"https:\/\/nordicmart.andreevmaster.com\/fi\/wp-json\/wp\/v2\/product_brand?post=32216"},{"taxonomy":"product_cat","embeddable":true,"href":"https:\/\/nordicmart.andreevmaster.com\/fi\/wp-json\/wp\/v2\/product_cat?post=32216"},{"taxonomy":"product_tag","embeddable":true,"href":"https:\/\/nordicmart.andreevmaster.com\/fi\/wp-json\/wp\/v2\/product_tag?post=32216"}],"curies":[{"name":"wp","href":"https:\/\/api.w.org\/{rel}","templated":true}]}}