{"id":32215,"date":"2026-02-27T00:16:26","date_gmt":"2026-02-27T00:16:26","guid":{"rendered":"https:\/\/nordicmart.andreevmaster.com\/product\/songmics-4-laatikkoinen-kapea-hyllykko-kapea-hyllykko-pyorilla-ja-4-laatikolla\/"},"modified":"2026-02-27T09:38:23","modified_gmt":"2026-02-27T09:38:23","slug":"songmics-4-laatikkoinen-kapea-hyllykko-kapea-hyllykko-pyorilla-ja-4-laatikolla","status":"publish","type":"product","link":"https:\/\/nordicmart.andreevmaster.com\/fi\/tuote\/songmics-4-laatikkoinen-kapea-hyllykko-kapea-hyllykko-pyorilla-ja-4-laatikolla\/","title":{"rendered":"SONGMICS 4-laatikkoinen kapea hyllykk\u00f6 Kapea hyllykk\u00f6 py\u00f6rill\u00e4 ja 4 laatikolla"},"content":{"rendered":"<p>Kuvaus:  Etk\u00f6 en\u00e4\u00e4 tied\u00e4, mihin laittaa kylpyhuoneen tai keitti\u00f6n tarvikkeet, ja toimistosi n\u00e4ytt\u00e4\u00e4 vuoren kaltaiselta paperipinojen alla \u2013 mutta sinulla ei oikeastaan ole en\u00e4\u00e4 tilaa n\u00e4iss\u00e4 huoneissa? SONGMICSin muovinen rullahylly sopii kapean 17 cm:n muotoilunsa ansiosta t\u00e4ydellisesti jokaiseen koloon ja tarjoaa tilaa s\u00e4\u00e4st\u00e4v\u00e4\u00e4 s\u00e4ilytystilaa olohuoneeseen, kylpyhuoneeseen, keitti\u00f6\u00f6n tai toimistoon. Suuri s\u00e4ilytystila Nelj\u00e4\u00e4n syv\u00e4\u00e4n laatikkoon voit esimerkiksi s\u00e4ilytt\u00e4\u00e4 elintarvikkeita, juomia, leivontatarvikkeita, kylpyhuonetarvikkeita, koriste-esineit\u00e4, toimistotarvikkeita tai muita tavaroita. Hy\u00f6dynn\u00e4 asuntosi tilat tehokkaasti! \u00c4lyk\u00e4s ja k\u00e4yt\u00e4nn\u00f6llinen muotoilu  &#8211; \u00c4lyk\u00e4s pys\u00e4ytysmekanismi est\u00e4\u00e4 laatikoita liukumasta kokonaan ulos. &#8211; Valmistettu vedenkest\u00e4v\u00e4st\u00e4 PP-muovista, joten sit\u00e4 voi k\u00e4ytt\u00e4\u00e4 kylpyhuoneessa, kellarissa, pesutilassa tai keitti\u00f6ss\u00e4. &#8211; Niche-hyllyn yksinkertainen ja selke\u00e4 muotoilu sopii t\u00e4ydellisesti tiloihisi.Tuotetiedot: &#8211; V\u00e4ri: valkoinen &#8211; Materiaali: PP (polypropeeni) &#8211; Koko: 45 x 17 x 84 cm (P x L x K) &#8211; Paino: 4,6 kg Toimitus sis\u00e4lt\u00e4\u00e4: &#8211; 1 x hyllykk\u00f6 rullilla &#8211; 1 x ohjeet (DE, EN, FR, ES, IT) SONGMICS Huomautukset:- \u00c4l\u00e4 asenna tai pura t\u00e4t\u00e4 tuotetta liian usein, jotta v\u00e4lt\u00e4t vaurioiden syntymisen. &#8211; \u00c4l\u00e4 sijoita tuotetta syttymisl\u00e4hteiden l\u00e4helle.<\/p>\n","protected":false},"excerpt":{"rendered":"<p>SONGMICS siirrett\u00e4v\u00e4 hyllykk\u00f6, kapea rullavaunu 4 laatikolla, ulosvedett\u00e4v\u00e4 s\u00e4ilytysvaunu, kylpyhuonehylly, keitti\u00f6kaappi irrotettavilla py\u00f6rill\u00e4, PP, tilaa s\u00e4\u00e4st\u00e4v\u00e4, 45 x 17 x 84 cm, valkoinen KFR08WT<\/p>\n","protected":false},"featured_media":0,"comment_status":"open","ping_status":"closed","template":"","meta":[],"product_brand":[],"product_cat":[32],"product_tag":[],"class_list":{"0":"post-32215","1":"product","2":"type-product","3":"status-publish","5":"product_cat-uncategorized-fi","7":"first","8":"instock","9":"shipping-taxable","10":"purchasable","11":"product-type-simple"},"_links":{"self":[{"href":"https:\/\/nordicmart.andreevmaster.com\/fi\/wp-json\/wp\/v2\/product\/32215","targetHints":{"allow":["GET"]}}],"collection":[{"href":"https:\/\/nordicmart.andreevmaster.com\/fi\/wp-json\/wp\/v2\/product"}],"about":[{"href":"https:\/\/nordicmart.andreevmaster.com\/fi\/wp-json\/wp\/v2\/types\/product"}],"replies":[{"embeddable":true,"href":"https:\/\/nordicmart.andreevmaster.com\/fi\/wp-json\/wp\/v2\/comments?post=32215"}],"wp:attachment":[{"href":"https:\/\/nordicmart.andreevmaster.com\/fi\/wp-json\/wp\/v2\/media?parent=32215"}],"wp:term":[{"taxonomy":"product_brand","embeddable":true,"href":"https:\/\/nordicmart.andreevmaster.com\/fi\/wp-json\/wp\/v2\/product_brand?post=32215"},{"taxonomy":"product_cat","embeddable":true,"href":"https:\/\/nordicmart.andreevmaster.com\/fi\/wp-json\/wp\/v2\/product_cat?post=32215"},{"taxonomy":"product_tag","embeddable":true,"href":"https:\/\/nordicmart.andreevmaster.com\/fi\/wp-json\/wp\/v2\/product_tag?post=32215"}],"curies":[{"name":"wp","href":"https:\/\/api.w.org\/{rel}","templated":true}]}}