{"id":32214,"date":"2026-02-27T00:16:26","date_gmt":"2026-02-27T00:16:26","guid":{"rendered":"https:\/\/nordicmart.andreevmaster.com\/product\/songmics-kapea-hylly-rullilla-valkoinen-ruskea\/"},"modified":"2026-02-27T09:38:22","modified_gmt":"2026-02-27T09:38:22","slug":"songmics-kapea-hylly-rullilla-valkoinen-ruskea","status":"publish","type":"product","link":"https:\/\/nordicmart.andreevmaster.com\/fi\/tuote\/songmics-kapea-hylly-rullilla-valkoinen-ruskea\/","title":{"rendered":"SONGMICS kapea hylly rullilla, valkoinen-ruskea"},"content":{"rendered":"<p>Tuotetiedot: V\u00e4ri: valkoinen Materiaali: PP (polypropeeni) Koko: 45 x 17 x 63 cm (P x L x K) Paino: 3,5 kg Toimitus sis\u00e4lt\u00e4\u00e4: 1 x nurkkahylly py\u00f6rill\u00e4 1 x ohjeet (DE, EN, FR, ES, IT) SONGMICS Huomautukset: \u00c4l\u00e4 kokoa tai pura t\u00e4t\u00e4 tuotetta liian usein, jotta v\u00e4lt\u00e4t vaurioiden syntymisen. \u00c4l\u00e4 sijoita tuotetta syttymisl\u00e4hteiden l\u00e4helle.<\/p>\n","protected":false},"excerpt":{"rendered":"<p>SONGMICS kapea hyllykk\u00f6 py\u00f6rill\u00e4, 3 laatikolla, kapea, ulosvedett\u00e4v\u00e4, siirrett\u00e4v\u00e4, kylpyhuonehylly py\u00f6rill\u00e4, keitti\u00f6kaappi, PP-muovi, tilaa s\u00e4\u00e4st\u00e4v\u00e4, 45 x 17 x 63 cm, valkoinen-ruskea KFR07WT<\/p>\n","protected":false},"featured_media":41258,"comment_status":"open","ping_status":"closed","template":"","meta":[],"product_brand":[],"product_cat":[32],"product_tag":[],"class_list":{"0":"post-32214","1":"product","2":"type-product","3":"status-publish","4":"has-post-thumbnail","6":"product_cat-uncategorized-fi","8":"first","9":"instock","10":"shipping-taxable","11":"purchasable","12":"product-type-simple"},"_links":{"self":[{"href":"https:\/\/nordicmart.andreevmaster.com\/fi\/wp-json\/wp\/v2\/product\/32214","targetHints":{"allow":["GET"]}}],"collection":[{"href":"https:\/\/nordicmart.andreevmaster.com\/fi\/wp-json\/wp\/v2\/product"}],"about":[{"href":"https:\/\/nordicmart.andreevmaster.com\/fi\/wp-json\/wp\/v2\/types\/product"}],"replies":[{"embeddable":true,"href":"https:\/\/nordicmart.andreevmaster.com\/fi\/wp-json\/wp\/v2\/comments?post=32214"}],"wp:featuredmedia":[{"embeddable":true,"href":"https:\/\/nordicmart.andreevmaster.com\/fi\/wp-json\/wp\/v2\/media\/41258"}],"wp:attachment":[{"href":"https:\/\/nordicmart.andreevmaster.com\/fi\/wp-json\/wp\/v2\/media?parent=32214"}],"wp:term":[{"taxonomy":"product_brand","embeddable":true,"href":"https:\/\/nordicmart.andreevmaster.com\/fi\/wp-json\/wp\/v2\/product_brand?post=32214"},{"taxonomy":"product_cat","embeddable":true,"href":"https:\/\/nordicmart.andreevmaster.com\/fi\/wp-json\/wp\/v2\/product_cat?post=32214"},{"taxonomy":"product_tag","embeddable":true,"href":"https:\/\/nordicmart.andreevmaster.com\/fi\/wp-json\/wp\/v2\/product_tag?post=32214"}],"curies":[{"name":"wp","href":"https:\/\/api.w.org\/{rel}","templated":true}]}}