{"id":32213,"date":"2026-02-27T00:16:26","date_gmt":"2026-02-27T00:16:26","guid":{"rendered":"https:\/\/nordicmart.andreevmaster.com\/product\/songmics-kapea-hylly-3-lokeroa-2-laatikkoa\/"},"modified":"2026-02-27T09:38:22","modified_gmt":"2026-02-27T09:38:22","slug":"songmics-kapea-hylly-3-lokeroa-2-laatikkoa","status":"publish","type":"product","link":"https:\/\/nordicmart.andreevmaster.com\/fi\/tuote\/songmics-kapea-hylly-3-lokeroa-2-laatikkoa\/","title":{"rendered":"SONGMICS kapea hylly 3 lokeroa 2 laatikkoa"},"content":{"rendered":"<p>Kapea hylly kulmiin ja koloihin 17 cm:n leveydell\u00e4\u00e4n hylly mahtuu kulmiin ja koloihin ja tarjoaa runsaasti tilaa. Helppok\u00e4ytt\u00f6isten rullien ansiosta hylly\u00e4 on helppo siirt\u00e4\u00e4 paikasta toiseen, ja sen kest\u00e4v\u00e4 materiaali kest\u00e4\u00e4 useita vuosia keitti\u00f6ss\u00e4, kylpyhuoneessa, kellarissa tai varastossa. Paljon tilaa hyllyill\u00e4 ja laatikoissa Yl\u00e4osassa on 3 hylly\u00e4, joiden korkeus on 33,8 cm ja 22,8 cm. N\u00e4in hyllyyn mahtuu my\u00f6s suurempia elintarvikkeita, kirjoja tai kylpyhuonetarvikkeita. Alhaalla on 2 laatikkoa, joissa on yksinkertainen kahva ja laatikon pys\u00e4ytin, jotta ne eiv\u00e4t voi pudota ulos. Kest\u00e4v\u00e4 rullattava hylly Nelj\u00e4n yksinkertaisen rullan ansiosta hylly\u00e4 voi liikuttaa vain edestakaisin, joten se on helppo k\u00e4sitell\u00e4 eik\u00e4 hylly j\u00e4\u00e4 kiinni. PP-muovin ansiosta se on eritt\u00e4in kest\u00e4v\u00e4 ja helppohoitoinen, koska se voidaan pest\u00e4 helposti vedell\u00e4. Tuotetiedot:- V\u00e4ri: valkoinen &#8211; Materiaali: PP-muovi &#8211; Tuotteen koko: 45 x 17 x 106,5 cm (L x K x S) &#8211; Paino: 4,2 kg Toimitus sis\u00e4lt\u00e4\u00e4: &#8211; 1 x kapeahylly &#8211; 1 x ohjeet (DE, EN, FR, ES, IT) SONGMICS-ohjeet:- \u00c4l\u00e4 kokoa tai pura tuotetta useita kertoja, jotta v\u00e4lt\u00e4t vaurioiden syntymisen. &#8211; V\u00e4lt\u00e4t hyllyn vaurioitumisen ja varmistat liitososien tukevan kiinnityksen, kun et kokoa ja pura tuotetta useita kertoja. &#8211; Pid\u00e4 hylly kaukana l\u00e4mm\u00f6nl\u00e4hteist\u00e4 vaurioiden syntymisen v\u00e4ltt\u00e4miseksi.<\/p>\n","protected":false},"excerpt":{"rendered":"<p>SONGMICS kapea kapea vaunu, 3 hyllyll\u00e4 ja 2 laatikolla, kapea kaappi py\u00f6rill\u00e4, keitti\u00f6\u00f6n, kylpyhuoneeseen ja kellariin, leveys 17 cm, valkoinen KFR06WT<\/p>\n","protected":false},"featured_media":41257,"comment_status":"open","ping_status":"closed","template":"","meta":[],"product_brand":[],"product_cat":[32],"product_tag":[],"class_list":{"0":"post-32213","1":"product","2":"type-product","3":"status-publish","4":"has-post-thumbnail","6":"product_cat-uncategorized-fi","8":"first","9":"instock","10":"shipping-taxable","11":"purchasable","12":"product-type-simple"},"_links":{"self":[{"href":"https:\/\/nordicmart.andreevmaster.com\/fi\/wp-json\/wp\/v2\/product\/32213","targetHints":{"allow":["GET"]}}],"collection":[{"href":"https:\/\/nordicmart.andreevmaster.com\/fi\/wp-json\/wp\/v2\/product"}],"about":[{"href":"https:\/\/nordicmart.andreevmaster.com\/fi\/wp-json\/wp\/v2\/types\/product"}],"replies":[{"embeddable":true,"href":"https:\/\/nordicmart.andreevmaster.com\/fi\/wp-json\/wp\/v2\/comments?post=32213"}],"wp:featuredmedia":[{"embeddable":true,"href":"https:\/\/nordicmart.andreevmaster.com\/fi\/wp-json\/wp\/v2\/media\/41257"}],"wp:attachment":[{"href":"https:\/\/nordicmart.andreevmaster.com\/fi\/wp-json\/wp\/v2\/media?parent=32213"}],"wp:term":[{"taxonomy":"product_brand","embeddable":true,"href":"https:\/\/nordicmart.andreevmaster.com\/fi\/wp-json\/wp\/v2\/product_brand?post=32213"},{"taxonomy":"product_cat","embeddable":true,"href":"https:\/\/nordicmart.andreevmaster.com\/fi\/wp-json\/wp\/v2\/product_cat?post=32213"},{"taxonomy":"product_tag","embeddable":true,"href":"https:\/\/nordicmart.andreevmaster.com\/fi\/wp-json\/wp\/v2\/product_tag?post=32213"}],"curies":[{"name":"wp","href":"https:\/\/api.w.org\/{rel}","templated":true}]}}