{"id":32212,"date":"2026-02-27T00:16:26","date_gmt":"2026-02-27T00:16:26","guid":{"rendered":"https:\/\/nordicmart.andreevmaster.com\/product\/songmics-kotelohylly-pyorilla-4-laatikkoa\/"},"modified":"2026-02-27T09:38:22","modified_gmt":"2026-02-27T09:38:22","slug":"songmics-kotelohylly-pyorilla-4-laatikkoa","status":"publish","type":"product","link":"https:\/\/nordicmart.andreevmaster.com\/fi\/tuote\/songmics-kotelohylly-pyorilla-4-laatikkoa\/","title":{"rendered":"SONGMICS-kotelohylly py\u00f6rill\u00e4, 4 laatikkoa"},"content":{"rendered":"<p>Helppohoitoinen, valkoinen PP-muovinen kapeahylly 4 laatikolla on eritt\u00e4in k\u00e4yt\u00e4nn\u00f6llinen ratkaisu ahtaisiin ja kompakteihin keitti\u00f6ihin tai kylpyhuoneisiin!  L\u00e4pikuultavien laatikoiden ansiosta niiden sis\u00e4ll\u00f6n n\u00e4kee helposti, ja jos mausteet tai muut nesteet vuotavat, ne eiv\u00e4t tahraa lattiaa tai alempia hyllyj\u00e4, vaan tahrat voi pest\u00e4 pois helposti ja nopeasti vedell\u00e4. Mukana toimitetaan ylim\u00e4\u00e4r\u00e4inen kansi, jonka avulla hyllyn voi jakaa kahteen osaan ja k\u00e4ytt\u00e4\u00e4 niit\u00e4 erikseen. Laatikoiden lukum\u00e4\u00e4r\u00e4 on my\u00f6s vapaasti yhdistelt\u00e4viss\u00e4. Tuotetiedot: &#8211; Mitat: 18 x 84,5 x 46 cm (L x K x S) &#8211; Pakkauksen mitat: 52 x 46 x 46,5 cm &#8211; Materiaali: muovi PP &#8211; V\u00e4ri: valkoinen &#8211; Maks. Kunkin hyllykerroksen kantavuus: 2,5 kg &#8211; Nettopaino: 4,9 kg Toimitus sis\u00e4lt\u00e4\u00e4: &#8211; 1 x kapeahylly &#8211; 2 x kansi &#8211; 4 x k\u00e4\u00e4nt\u00f6py\u00f6r\u00e4 Huomautukset &#8211; Paremman vakauden takaamiseksi on suositeltavaa sijoittaa tuote kapeaan tilaan. &#8211; \u00c4l\u00e4 s\u00e4ilyt\u00e4 liian painavia esineit\u00e4 laatikoissa, jotta ne eiv\u00e4t putoa yll\u00e4tt\u00e4en, kun laatikkoa vedet\u00e4\u00e4n ulos.<\/p>\n","protected":false},"excerpt":{"rendered":"<p>SONGMICS rullavaunu 4 laatikolla, 4-tasoinen hyllykk\u00f6, 2-osainen, erikseen k\u00e4ytett\u00e4viss\u00e4, keitti\u00f6hylly, kylpyhuonehylly, lattialla seisova hylly, monik\u00e4ytt\u00f6inen rullavaunu, korkeus 84,5 cm, valkoinen KFR05W<\/p>\n","protected":false},"featured_media":41256,"comment_status":"open","ping_status":"closed","template":"","meta":[],"product_brand":[],"product_cat":[32],"product_tag":[],"class_list":{"0":"post-32212","1":"product","2":"type-product","3":"status-publish","4":"has-post-thumbnail","6":"product_cat-uncategorized-fi","8":"first","9":"instock","10":"shipping-taxable","11":"purchasable","12":"product-type-simple"},"_links":{"self":[{"href":"https:\/\/nordicmart.andreevmaster.com\/fi\/wp-json\/wp\/v2\/product\/32212","targetHints":{"allow":["GET"]}}],"collection":[{"href":"https:\/\/nordicmart.andreevmaster.com\/fi\/wp-json\/wp\/v2\/product"}],"about":[{"href":"https:\/\/nordicmart.andreevmaster.com\/fi\/wp-json\/wp\/v2\/types\/product"}],"replies":[{"embeddable":true,"href":"https:\/\/nordicmart.andreevmaster.com\/fi\/wp-json\/wp\/v2\/comments?post=32212"}],"wp:featuredmedia":[{"embeddable":true,"href":"https:\/\/nordicmart.andreevmaster.com\/fi\/wp-json\/wp\/v2\/media\/41256"}],"wp:attachment":[{"href":"https:\/\/nordicmart.andreevmaster.com\/fi\/wp-json\/wp\/v2\/media?parent=32212"}],"wp:term":[{"taxonomy":"product_brand","embeddable":true,"href":"https:\/\/nordicmart.andreevmaster.com\/fi\/wp-json\/wp\/v2\/product_brand?post=32212"},{"taxonomy":"product_cat","embeddable":true,"href":"https:\/\/nordicmart.andreevmaster.com\/fi\/wp-json\/wp\/v2\/product_cat?post=32212"},{"taxonomy":"product_tag","embeddable":true,"href":"https:\/\/nordicmart.andreevmaster.com\/fi\/wp-json\/wp\/v2\/product_tag?post=32212"}],"curies":[{"name":"wp","href":"https:\/\/api.w.org\/{rel}","templated":true}]}}