{"id":32211,"date":"2026-02-27T00:16:26","date_gmt":"2026-02-27T00:16:26","guid":{"rendered":"https:\/\/nordicmart.andreevmaster.com\/product\/songmics-kapea-rullallinen-hyllykko-4-lokeroa\/"},"modified":"2026-02-27T09:38:22","modified_gmt":"2026-02-27T09:38:22","slug":"songmics-kapea-rullallinen-hyllykko-4-lokeroa","status":"publish","type":"product","link":"https:\/\/nordicmart.andreevmaster.com\/fi\/tuote\/songmics-kapea-rullallinen-hyllykko-4-lokeroa\/","title":{"rendered":"SONGMICS Kapea rullallinen hyllykk\u00f6, 4 lokeroa"},"content":{"rendered":"<p>Oletko aina \u00e4rtynyt ep\u00e4j\u00e4rjestyksest\u00e4? Songmics-kapeahylly on t\u00e4ydellinen ratkaisu  sinulle, sill\u00e4 sen avulla saat kodin takaisin j\u00e4rjestykseen. Se sopii t\u00e4ydellisesti keitti\u00f6n, kylpyhuoneen, olohuoneen, makuuhuoneen  jne. kapeisiin tiloihin. Ja silti siihen mahtuu paljon, kuten pulloja, v\u00e4lipaloja, puhdistus- tai pesuaineita,  roskapusseja, shampoita, l\u00e4\u00e4kkeit\u00e4 ja muita p\u00e4ivitt\u00e4isess\u00e4 el\u00e4m\u00e4ss\u00e4 tarvittavia tavaroita.  K\u00e4ytetty materiaali on laadukasta, kest\u00e4v\u00e4\u00e4, ymp\u00e4rist\u00f6yst\u00e4v\u00e4llist\u00e4 ja terveydelle vaaratonta.  Songmicsilt\u00e4 saat korkealaatuisia tuotteita, joilla on hyv\u00e4 hinta-laatusuhde. Tuotetiedot:  &#8211; Mitat: 54,5 x 102,5 x 12,7 cm (L x K x S) &#8211; Paino: 1,9 kg &#8211; Sein\u00e4m\u00e4n paksuus: 2,44 mm &#8211; V\u00e4ri: valkoinen Toimitus sis\u00e4lt\u00e4\u00e4: &#8211; 4 x kori &#8211; 4 x rulla &#8211; 2 x kansi &#8211; 6 x sivusein\u00e4<\/p>\n","protected":false},"excerpt":{"rendered":"<p>SONGMICS 4 hyllyll\u00e4 varustettu kapeahylly, keitti\u00f6hylly, kylpyhuonehylly, lattialla seisova hylly, monik\u00e4ytt\u00f6inen rullavaunu, korkeus 102,5 cm, valkoinen KFR04W<\/p>\n","protected":false},"featured_media":41255,"comment_status":"open","ping_status":"closed","template":"","meta":[],"product_brand":[],"product_cat":[32],"product_tag":[],"class_list":{"0":"post-32211","1":"product","2":"type-product","3":"status-publish","4":"has-post-thumbnail","6":"product_cat-uncategorized-fi","8":"first","9":"instock","10":"shipping-taxable","11":"purchasable","12":"product-type-simple"},"_links":{"self":[{"href":"https:\/\/nordicmart.andreevmaster.com\/fi\/wp-json\/wp\/v2\/product\/32211","targetHints":{"allow":["GET"]}}],"collection":[{"href":"https:\/\/nordicmart.andreevmaster.com\/fi\/wp-json\/wp\/v2\/product"}],"about":[{"href":"https:\/\/nordicmart.andreevmaster.com\/fi\/wp-json\/wp\/v2\/types\/product"}],"replies":[{"embeddable":true,"href":"https:\/\/nordicmart.andreevmaster.com\/fi\/wp-json\/wp\/v2\/comments?post=32211"}],"wp:featuredmedia":[{"embeddable":true,"href":"https:\/\/nordicmart.andreevmaster.com\/fi\/wp-json\/wp\/v2\/media\/41255"}],"wp:attachment":[{"href":"https:\/\/nordicmart.andreevmaster.com\/fi\/wp-json\/wp\/v2\/media?parent=32211"}],"wp:term":[{"taxonomy":"product_brand","embeddable":true,"href":"https:\/\/nordicmart.andreevmaster.com\/fi\/wp-json\/wp\/v2\/product_brand?post=32211"},{"taxonomy":"product_cat","embeddable":true,"href":"https:\/\/nordicmart.andreevmaster.com\/fi\/wp-json\/wp\/v2\/product_cat?post=32211"},{"taxonomy":"product_tag","embeddable":true,"href":"https:\/\/nordicmart.andreevmaster.com\/fi\/wp-json\/wp\/v2\/product_tag?post=32211"}],"curies":[{"name":"wp","href":"https:\/\/api.w.org\/{rel}","templated":true}]}}