{"id":32210,"date":"2026-02-27T00:16:25","date_gmt":"2026-02-27T00:16:25","guid":{"rendered":"https:\/\/nordicmart.andreevmaster.com\/product\/songmics-kotelohylly-pyorilla-ja-4-laatikolla\/"},"modified":"2026-02-27T09:38:22","modified_gmt":"2026-02-27T09:38:22","slug":"songmics-kotelohylly-pyorilla-ja-4-laatikolla","status":"publish","type":"product","link":"https:\/\/nordicmart.andreevmaster.com\/fi\/tuote\/songmics-kotelohylly-pyorilla-ja-4-laatikolla\/","title":{"rendered":"SONGMICS-kotelohylly py\u00f6rill\u00e4 ja 4 laatikolla"},"content":{"rendered":"<p>SONGMICS siirrett\u00e4v\u00e4 hyllykk\u00f6, kapea rullavaunu 4 laatikolla, ulosvedett\u00e4v\u00e4 s\u00e4ilytysvaunu, kylpyhuonehylly, keitti\u00f6kaappi irrotettavilla py\u00f6rill\u00e4, PP, tilaa s\u00e4\u00e4st\u00e4v\u00e4, 45 x 17 x 84 cm, valkoinen KFR08WT<br \/>\nV\u00e4ri: harmaa<br \/>\nMateriaali: PP-muovi (polypropeeni)<br \/>\nKoko yhteens\u00e4: 45,2 x 17,3 x 84 cm (S x L x K)<br \/>\nSis\u00e4mitat per laatikko: 44,5 x 13,5 x 18,5 cm (S x L x K)<br \/>\nPaino: 4,6 kg<\/p>\n","protected":false},"excerpt":{"rendered":"<p>SONGMICS siirrett\u00e4v\u00e4 hyllykk\u00f6, kapea rullavaunu 4 laatikolla, ulosvedett\u00e4v\u00e4 s\u00e4ilytysvaunu, kylpyhuonehylly, keitti\u00f6kaappi irrotettavilla py\u00f6rill\u00e4, PP, tilaa s\u00e4\u00e4st\u00e4v\u00e4, 45 x 17 x 84 cm, valkoinen KFR08WT<\/p>\n","protected":false},"featured_media":0,"comment_status":"open","ping_status":"closed","template":"","meta":[],"product_brand":[],"product_cat":[32],"product_tag":[],"class_list":{"0":"post-32210","1":"product","2":"type-product","3":"status-publish","5":"product_cat-uncategorized-fi","7":"first","8":"instock","9":"shipping-taxable","10":"purchasable","11":"product-type-simple"},"_links":{"self":[{"href":"https:\/\/nordicmart.andreevmaster.com\/fi\/wp-json\/wp\/v2\/product\/32210","targetHints":{"allow":["GET"]}}],"collection":[{"href":"https:\/\/nordicmart.andreevmaster.com\/fi\/wp-json\/wp\/v2\/product"}],"about":[{"href":"https:\/\/nordicmart.andreevmaster.com\/fi\/wp-json\/wp\/v2\/types\/product"}],"replies":[{"embeddable":true,"href":"https:\/\/nordicmart.andreevmaster.com\/fi\/wp-json\/wp\/v2\/comments?post=32210"}],"wp:attachment":[{"href":"https:\/\/nordicmart.andreevmaster.com\/fi\/wp-json\/wp\/v2\/media?parent=32210"}],"wp:term":[{"taxonomy":"product_brand","embeddable":true,"href":"https:\/\/nordicmart.andreevmaster.com\/fi\/wp-json\/wp\/v2\/product_brand?post=32210"},{"taxonomy":"product_cat","embeddable":true,"href":"https:\/\/nordicmart.andreevmaster.com\/fi\/wp-json\/wp\/v2\/product_cat?post=32210"},{"taxonomy":"product_tag","embeddable":true,"href":"https:\/\/nordicmart.andreevmaster.com\/fi\/wp-json\/wp\/v2\/product_tag?post=32210"}],"curies":[{"name":"wp","href":"https:\/\/api.w.org\/{rel}","templated":true}]}}