{"id":32208,"date":"2026-02-27T00:16:25","date_gmt":"2026-02-27T00:16:25","guid":{"rendered":"https:\/\/nordicmart.andreevmaster.com\/product\/vasagle-ruokapoyta-kirjoituspoyta-keittiopoyta\/"},"modified":"2026-02-27T09:38:21","modified_gmt":"2026-02-27T09:38:21","slug":"vasagle-ruokapoyta-kirjoituspoyta-keittiopoyta","status":"publish","type":"product","link":"https:\/\/nordicmart.andreevmaster.com\/fi\/tuote\/vasagle-ruokapoyta-kirjoituspoyta-keittiopoyta\/","title":{"rendered":"VASAGLE Ruokap\u00f6yt\u00e4, kirjoitusp\u00f6yt\u00e4, keitti\u00f6p\u00f6yt\u00e4"},"content":{"rendered":"<p>VASAGLE ruokap\u00f6yt\u00e4, keitti\u00f6p\u00f6yt\u00e4, 70 x 110 x 77 cm, ruokap\u00f6yt\u00e4 4 hengelle, olohuoneen p\u00f6yt\u00e4, kirjoitusp\u00f6yt\u00e4, ruokasaliin, keitti\u00f6\u00f6n, teollinen muotoilu, vintage-ruskea-musta KDT081B01<\/p>\n<p>Tekniset tiedot:<br \/>\n&#8211; Paino: 13,6 kg<br \/>\n&#8211; Mitat: 70 x 110 x 77 cm (S x L x K)<br \/>\n&#8211; Maks. staattinen kantavuus: 120 kg<br \/>\n&#8211; V\u00e4ri: eebenpuu-matta musta<br \/>\n&#8211; Materiaali: lastulevy, ter\u00e4s<\/p>\n","protected":false},"excerpt":{"rendered":"<p>VASAGLE ruokap\u00f6yt\u00e4, keitti\u00f6p\u00f6yt\u00e4, 70 x 110 x 77 cm, ruokap\u00f6yt\u00e4 4 hengelle, olohuoneen p\u00f6yt\u00e4, kirjoitusp\u00f6yt\u00e4, ruokasaliin, keitti\u00f6\u00f6n, teollinen muotoilu, vintage-ruskea-musta KDT081B01<\/p>\n","protected":false},"featured_media":41253,"comment_status":"open","ping_status":"closed","template":"","meta":[],"product_brand":[],"product_cat":[32],"product_tag":[],"class_list":{"0":"post-32208","1":"product","2":"type-product","3":"status-publish","4":"has-post-thumbnail","6":"product_cat-uncategorized-fi","8":"first","9":"instock","10":"shipping-taxable","11":"purchasable","12":"product-type-simple"},"_links":{"self":[{"href":"https:\/\/nordicmart.andreevmaster.com\/fi\/wp-json\/wp\/v2\/product\/32208","targetHints":{"allow":["GET"]}}],"collection":[{"href":"https:\/\/nordicmart.andreevmaster.com\/fi\/wp-json\/wp\/v2\/product"}],"about":[{"href":"https:\/\/nordicmart.andreevmaster.com\/fi\/wp-json\/wp\/v2\/types\/product"}],"replies":[{"embeddable":true,"href":"https:\/\/nordicmart.andreevmaster.com\/fi\/wp-json\/wp\/v2\/comments?post=32208"}],"wp:featuredmedia":[{"embeddable":true,"href":"https:\/\/nordicmart.andreevmaster.com\/fi\/wp-json\/wp\/v2\/media\/41253"}],"wp:attachment":[{"href":"https:\/\/nordicmart.andreevmaster.com\/fi\/wp-json\/wp\/v2\/media?parent=32208"}],"wp:term":[{"taxonomy":"product_brand","embeddable":true,"href":"https:\/\/nordicmart.andreevmaster.com\/fi\/wp-json\/wp\/v2\/product_brand?post=32208"},{"taxonomy":"product_cat","embeddable":true,"href":"https:\/\/nordicmart.andreevmaster.com\/fi\/wp-json\/wp\/v2\/product_cat?post=32208"},{"taxonomy":"product_tag","embeddable":true,"href":"https:\/\/nordicmart.andreevmaster.com\/fi\/wp-json\/wp\/v2\/product_tag?post=32208"}],"curies":[{"name":"wp","href":"https:\/\/api.w.org\/{rel}","templated":true}]}}