{"id":32202,"date":"2026-02-27T00:16:23","date_gmt":"2026-02-27T00:16:23","guid":{"rendered":"https:\/\/nordicmart.andreevmaster.com\/product\/vasagle-ruokapoyta-2-penkilla-keittiopoyta-ruokasalipenkit\/"},"modified":"2026-02-27T09:38:20","modified_gmt":"2026-02-27T09:38:20","slug":"vasagle-ruokapoyta-2-penkilla-keittiopoyta-ruokasalipenkit","status":"publish","type":"product","link":"https:\/\/nordicmart.andreevmaster.com\/fi\/tuote\/vasagle-ruokapoyta-2-penkilla-keittiopoyta-ruokasalipenkit\/","title":{"rendered":"VASAGLE ruokap\u00f6yt\u00e4 2 penkill\u00e4, keitti\u00f6p\u00f6yt\u00e4, ruokasalipenkit"},"content":{"rendered":"<p>Ruokap\u00f6yt\u00e4 2 penkill\u00e4, keitti\u00f6p\u00f6yt\u00e4, ruokasalipenkit, ter\u00e4srunko, teollinen muotoilu, vintage-ruskea-musta<br \/>\nTekniset tiedot:<br \/>\n&#8211; P\u00f6yd\u00e4n mitat: 70 x 110 x 75 cm (S x L x K)<br \/>\n&#8211; Penkki mitat: 30 x 97 x 50 cm (S x L x K)<br \/>\n&#8211; Kokonaispaino: 27,5 kg<br \/>\n&#8211; P\u00f6yd\u00e4n suurin staattinen kantavuus: 100 kg<br \/>\n&#8211; Penkkiin maksimaalinen staattinen kantavuus: 100 kg<br \/>\n&#8211; Materiaali: lastulevy, ter\u00e4s<br \/>\n&#8211; V\u00e4ri: tammiv\u00e4rinen-musta<\/p>\n","protected":false},"excerpt":{"rendered":"<p>Ruokap\u00f6yt\u00e4 2 penkill\u00e4, keitti\u00f6p\u00f6yt\u00e4, ruokasalipenkit, ter\u00e4srunko, teollinen muotoilu, vintage-ruskea-musta<\/p>\n","protected":false},"featured_media":41247,"comment_status":"open","ping_status":"closed","template":"","meta":[],"product_brand":[],"product_cat":[32],"product_tag":[],"class_list":{"0":"post-32202","1":"product","2":"type-product","3":"status-publish","4":"has-post-thumbnail","6":"product_cat-uncategorized-fi","8":"first","9":"instock","10":"shipping-taxable","11":"purchasable","12":"product-type-simple"},"_links":{"self":[{"href":"https:\/\/nordicmart.andreevmaster.com\/fi\/wp-json\/wp\/v2\/product\/32202","targetHints":{"allow":["GET"]}}],"collection":[{"href":"https:\/\/nordicmart.andreevmaster.com\/fi\/wp-json\/wp\/v2\/product"}],"about":[{"href":"https:\/\/nordicmart.andreevmaster.com\/fi\/wp-json\/wp\/v2\/types\/product"}],"replies":[{"embeddable":true,"href":"https:\/\/nordicmart.andreevmaster.com\/fi\/wp-json\/wp\/v2\/comments?post=32202"}],"wp:featuredmedia":[{"embeddable":true,"href":"https:\/\/nordicmart.andreevmaster.com\/fi\/wp-json\/wp\/v2\/media\/41247"}],"wp:attachment":[{"href":"https:\/\/nordicmart.andreevmaster.com\/fi\/wp-json\/wp\/v2\/media?parent=32202"}],"wp:term":[{"taxonomy":"product_brand","embeddable":true,"href":"https:\/\/nordicmart.andreevmaster.com\/fi\/wp-json\/wp\/v2\/product_brand?post=32202"},{"taxonomy":"product_cat","embeddable":true,"href":"https:\/\/nordicmart.andreevmaster.com\/fi\/wp-json\/wp\/v2\/product_cat?post=32202"},{"taxonomy":"product_tag","embeddable":true,"href":"https:\/\/nordicmart.andreevmaster.com\/fi\/wp-json\/wp\/v2\/product_tag?post=32202"}],"curies":[{"name":"wp","href":"https:\/\/api.w.org\/{rel}","templated":true}]}}