{"id":32201,"date":"2026-02-27T00:16:23","date_gmt":"2026-02-27T00:16:23","guid":{"rendered":"https:\/\/nordicmart.andreevmaster.com\/product\/vasagle-ruokapoyta-ja-2-penkkia-3-kpln-sarja-greige-melange-mustan-musta\/"},"modified":"2026-02-27T09:38:20","modified_gmt":"2026-02-27T09:38:20","slug":"vasagle-ruokapoyta-ja-2-penkkia-3-kpln-sarja-greige-melange-mustan-musta","status":"publish","type":"product","link":"https:\/\/nordicmart.andreevmaster.com\/fi\/tuote\/vasagle-ruokapoyta-ja-2-penkkia-3-kpln-sarja-greige-melange-mustan-musta\/","title":{"rendered":"VASAGLE ruokap\u00f6yt\u00e4 ja 2 penkki\u00e4, 3 kpl:n sarja, greige-melange-mustan musta"},"content":{"rendered":"<p>Ruokap\u00f6yt\u00e4 2 penkill\u00e4, keitti\u00f6p\u00f6yt\u00e4, ruokasalipenkit, ter\u00e4srunko, teollinen muotoilu, vintage-ruskea-musta<br \/>\nV\u00e4ri: harmahtava-mustanmusta<br \/>\nMateriaali: lastulevy, ter\u00e4s<br \/>\nP\u00f6yd\u00e4n koko: 70 x 110 x 75 cm (S x L x K)<br \/>\nPenkki: 30 x 97 x 50 cm (S x L x K)<br \/>\nKokonaispaino: 27,5 kg<br \/>\nP\u00f6yd\u00e4n maks. staattinen kantavuus: 100 kg<br \/>\nPenkkiin kohdistuva maksimaalinen staattinen kuormitus: 100 kg<\/p>\n","protected":false},"excerpt":{"rendered":"<p>Ruokap\u00f6yt\u00e4 2 penkill\u00e4, keitti\u00f6p\u00f6yt\u00e4, ruokasalipenkit, ter\u00e4srunko, teollinen muotoilu, vintage-ruskea-musta<\/p>\n","protected":false},"featured_media":41246,"comment_status":"open","ping_status":"closed","template":"","meta":[],"product_brand":[],"product_cat":[32],"product_tag":[],"class_list":{"0":"post-32201","1":"product","2":"type-product","3":"status-publish","4":"has-post-thumbnail","6":"product_cat-uncategorized-fi","8":"first","9":"instock","10":"shipping-taxable","11":"purchasable","12":"product-type-simple"},"_links":{"self":[{"href":"https:\/\/nordicmart.andreevmaster.com\/fi\/wp-json\/wp\/v2\/product\/32201","targetHints":{"allow":["GET"]}}],"collection":[{"href":"https:\/\/nordicmart.andreevmaster.com\/fi\/wp-json\/wp\/v2\/product"}],"about":[{"href":"https:\/\/nordicmart.andreevmaster.com\/fi\/wp-json\/wp\/v2\/types\/product"}],"replies":[{"embeddable":true,"href":"https:\/\/nordicmart.andreevmaster.com\/fi\/wp-json\/wp\/v2\/comments?post=32201"}],"wp:featuredmedia":[{"embeddable":true,"href":"https:\/\/nordicmart.andreevmaster.com\/fi\/wp-json\/wp\/v2\/media\/41246"}],"wp:attachment":[{"href":"https:\/\/nordicmart.andreevmaster.com\/fi\/wp-json\/wp\/v2\/media?parent=32201"}],"wp:term":[{"taxonomy":"product_brand","embeddable":true,"href":"https:\/\/nordicmart.andreevmaster.com\/fi\/wp-json\/wp\/v2\/product_brand?post=32201"},{"taxonomy":"product_cat","embeddable":true,"href":"https:\/\/nordicmart.andreevmaster.com\/fi\/wp-json\/wp\/v2\/product_cat?post=32201"},{"taxonomy":"product_tag","embeddable":true,"href":"https:\/\/nordicmart.andreevmaster.com\/fi\/wp-json\/wp\/v2\/product_tag?post=32201"}],"curies":[{"name":"wp","href":"https:\/\/api.w.org\/{rel}","templated":true}]}}