{"id":32197,"date":"2026-02-27T00:16:22","date_gmt":"2026-02-27T00:16:22","guid":{"rendered":"https:\/\/nordicmart.andreevmaster.com\/product\/vasagle-ruokapoyta-75-x-140-x-75-cm-luonnonpahkinanvarinen-mustanmusta\/"},"modified":"2026-02-27T09:38:20","modified_gmt":"2026-02-27T09:38:20","slug":"vasagle-ruokapoyta-75-x-140-x-75-cm-luonnonpahkinanvarinen-mustanmusta","status":"publish","type":"product","link":"https:\/\/nordicmart.andreevmaster.com\/fi\/tuote\/vasagle-ruokapoyta-75-x-140-x-75-cm-luonnonpahkinanvarinen-mustanmusta\/","title":{"rendered":"VASAGLE ruokap\u00f6yt\u00e4 75 x 140 x 75 cm luonnonp\u00e4hkin\u00e4nv\u00e4rinen-mustanmusta"},"content":{"rendered":"<p>VASAGLE ruokap\u00f6yt\u00e4, ruokailup\u00f6yt\u00e4, keitti\u00f6p\u00f6yt\u00e4, 4\u20136 hengelle, maalaistyyli, l\u00e4mm\u00f6nkest\u00e4v\u00e4 pinta, helppo asentaa, 75 x 140 x 75 cm, luonnonp\u00e4hkin\u00e4nv\u00e4rinen-mustanmusta KDT100K02<br \/>\nV\u00e4ri: luonnollinen p\u00e4hkin\u00e4puun v\u00e4ri-mustanmusta<br \/>\nKoko: 75 x 140 x 75 cm (S x L x K)<br \/>\nPaino: 18,2 kg<br \/>\nMaks. staattinen kantavuus: 100 kg<\/p>\n","protected":false},"excerpt":{"rendered":"<p>VASAGLE ruokap\u00f6yt\u00e4, ruokailup\u00f6yt\u00e4, keitti\u00f6p\u00f6yt\u00e4, 4\u20136 hengelle, maalaistyyli, l\u00e4mm\u00f6nkest\u00e4v\u00e4 pinta, helppo asentaa, 75 x 140 x 75 cm, luonnonp\u00e4hkin\u00e4nv\u00e4rinen-mustanmusta KDT100K02<\/p>\n","protected":false},"featured_media":41242,"comment_status":"open","ping_status":"closed","template":"","meta":[],"product_brand":[],"product_cat":[32],"product_tag":[],"class_list":{"0":"post-32197","1":"product","2":"type-product","3":"status-publish","4":"has-post-thumbnail","6":"product_cat-uncategorized-fi","8":"first","9":"instock","10":"shipping-taxable","11":"purchasable","12":"product-type-simple"},"_links":{"self":[{"href":"https:\/\/nordicmart.andreevmaster.com\/fi\/wp-json\/wp\/v2\/product\/32197","targetHints":{"allow":["GET"]}}],"collection":[{"href":"https:\/\/nordicmart.andreevmaster.com\/fi\/wp-json\/wp\/v2\/product"}],"about":[{"href":"https:\/\/nordicmart.andreevmaster.com\/fi\/wp-json\/wp\/v2\/types\/product"}],"replies":[{"embeddable":true,"href":"https:\/\/nordicmart.andreevmaster.com\/fi\/wp-json\/wp\/v2\/comments?post=32197"}],"wp:featuredmedia":[{"embeddable":true,"href":"https:\/\/nordicmart.andreevmaster.com\/fi\/wp-json\/wp\/v2\/media\/41242"}],"wp:attachment":[{"href":"https:\/\/nordicmart.andreevmaster.com\/fi\/wp-json\/wp\/v2\/media?parent=32197"}],"wp:term":[{"taxonomy":"product_brand","embeddable":true,"href":"https:\/\/nordicmart.andreevmaster.com\/fi\/wp-json\/wp\/v2\/product_brand?post=32197"},{"taxonomy":"product_cat","embeddable":true,"href":"https:\/\/nordicmart.andreevmaster.com\/fi\/wp-json\/wp\/v2\/product_cat?post=32197"},{"taxonomy":"product_tag","embeddable":true,"href":"https:\/\/nordicmart.andreevmaster.com\/fi\/wp-json\/wp\/v2\/product_tag?post=32197"}],"curies":[{"name":"wp","href":"https:\/\/api.w.org\/{rel}","templated":true}]}}