{"id":32195,"date":"2026-02-27T00:16:22","date_gmt":"2026-02-27T00:16:22","guid":{"rendered":"https:\/\/nordicmart.andreevmaster.com\/product\/vasagle-pyorea-ruokapoyta-4-hengelle-ruokasaliin-lumivalkoinen\/"},"modified":"2026-02-27T09:38:19","modified_gmt":"2026-02-27T09:38:19","slug":"vasagle-pyorea-ruokapoyta-4-hengelle-ruokasaliin-lumivalkoinen","status":"publish","type":"product","link":"https:\/\/nordicmart.andreevmaster.com\/fi\/tuote\/vasagle-pyorea-ruokapoyta-4-hengelle-ruokasaliin-lumivalkoinen\/","title":{"rendered":"VASAGLE Py\u00f6re\u00e4 ruokap\u00f6yt\u00e4 4 hengelle ruokasaliin lumivalkoinen"},"content":{"rendered":"<p>VASAGLE Py\u00f6re\u00e4 ruokap\u00f6yt\u00e4, ruokap\u00f6yt\u00e4, pieni keitti\u00f6p\u00f6yt\u00e4 4 hengelle, maalaistyyli, vedenkest\u00e4v\u00e4 pinta, 80 cm syv\u00e4, 74,8 cm korkea, ruokasaliin, olohuoneeseen, lumivalkoinen KDT082W01<br \/>\nV\u00e4ri: lumivalkoinen<br \/>\nMateriaali: lastulevy, ter\u00e4s<br \/>\nKoko: 80 cm (halkaisija), 74,8 cm (korkeus)<br \/>\nPaino: 14,5 kg<br \/>\nMaks. staattinen kantavuus: 100 kg<\/p>\n","protected":false},"excerpt":{"rendered":"<p>VASAGLE Py\u00f6re\u00e4 ruokap\u00f6yt\u00e4, ruokap\u00f6yt\u00e4, pieni keitti\u00f6p\u00f6yt\u00e4 4 hengelle, maalaistyyli, vedenkest\u00e4v\u00e4 pinta, 80 cm syv\u00e4, 74,8 cm korkea, ruokasaliin, olohuoneeseen, lumivalkoinen KDT082W01<\/p>\n","protected":false},"featured_media":41240,"comment_status":"open","ping_status":"closed","template":"","meta":[],"product_brand":[],"product_cat":[32],"product_tag":[],"class_list":{"0":"post-32195","1":"product","2":"type-product","3":"status-publish","4":"has-post-thumbnail","6":"product_cat-uncategorized-fi","8":"first","9":"instock","10":"shipping-taxable","11":"purchasable","12":"product-type-simple"},"_links":{"self":[{"href":"https:\/\/nordicmart.andreevmaster.com\/fi\/wp-json\/wp\/v2\/product\/32195","targetHints":{"allow":["GET"]}}],"collection":[{"href":"https:\/\/nordicmart.andreevmaster.com\/fi\/wp-json\/wp\/v2\/product"}],"about":[{"href":"https:\/\/nordicmart.andreevmaster.com\/fi\/wp-json\/wp\/v2\/types\/product"}],"replies":[{"embeddable":true,"href":"https:\/\/nordicmart.andreevmaster.com\/fi\/wp-json\/wp\/v2\/comments?post=32195"}],"wp:featuredmedia":[{"embeddable":true,"href":"https:\/\/nordicmart.andreevmaster.com\/fi\/wp-json\/wp\/v2\/media\/41240"}],"wp:attachment":[{"href":"https:\/\/nordicmart.andreevmaster.com\/fi\/wp-json\/wp\/v2\/media?parent=32195"}],"wp:term":[{"taxonomy":"product_brand","embeddable":true,"href":"https:\/\/nordicmart.andreevmaster.com\/fi\/wp-json\/wp\/v2\/product_brand?post=32195"},{"taxonomy":"product_cat","embeddable":true,"href":"https:\/\/nordicmart.andreevmaster.com\/fi\/wp-json\/wp\/v2\/product_cat?post=32195"},{"taxonomy":"product_tag","embeddable":true,"href":"https:\/\/nordicmart.andreevmaster.com\/fi\/wp-json\/wp\/v2\/product_tag?post=32195"}],"curies":[{"name":"wp","href":"https:\/\/api.w.org\/{rel}","templated":true}]}}