{"id":32191,"date":"2026-02-27T00:16:21","date_gmt":"2026-02-27T00:16:21","guid":{"rendered":"https:\/\/nordicmart.andreevmaster.com\/product\/vasagle-pyorea-ruokapoyta-pieni-greige-melange-mustan-musta\/"},"modified":"2026-02-27T09:38:19","modified_gmt":"2026-02-27T09:38:19","slug":"vasagle-pyorea-ruokapoyta-pieni-greige-melange-mustan-musta","status":"publish","type":"product","link":"https:\/\/nordicmart.andreevmaster.com\/fi\/tuote\/vasagle-pyorea-ruokapoyta-pieni-greige-melange-mustan-musta\/","title":{"rendered":"VASAGLE Py\u00f6re\u00e4 ruokap\u00f6yt\u00e4, pieni, greige melange-mustan musta"},"content":{"rendered":"<p>VASAGLE Pieni ruokap\u00f6yt\u00e4, py\u00f6re\u00e4 keitti\u00f6p\u00f6yt\u00e4, olohuoneeseen, toimistoon, 80 x 75 cm (\u00d8 x H), teollinen muotoilu, vintage-ruskea-musta KDT080B01<br \/>\nV\u00e4ri: harmaa-mustanruskea<br \/>\nMateriaali: lastulevy, ter\u00e4s<br \/>\nKoko: 80 cm (syvyys), 75 cm (korkeus)<br \/>\nPaino: 10,8 kg<br \/>\nMaks. staattinen kantavuus: 100 kg<\/p>\n","protected":false},"excerpt":{"rendered":"<p>VASAGLE Pieni ruokap\u00f6yt\u00e4, py\u00f6re\u00e4 keitti\u00f6p\u00f6yt\u00e4, olohuoneeseen, toimistoon, 80 x 75 cm (\u00d8 x H), teollinen muotoilu, vintage-ruskea-musta KDT080B01<\/p>\n","protected":false},"featured_media":41236,"comment_status":"open","ping_status":"closed","template":"","meta":[],"product_brand":[],"product_cat":[32],"product_tag":[],"class_list":{"0":"post-32191","1":"product","2":"type-product","3":"status-publish","4":"has-post-thumbnail","6":"product_cat-uncategorized-fi","8":"first","9":"instock","10":"shipping-taxable","11":"purchasable","12":"product-type-simple"},"_links":{"self":[{"href":"https:\/\/nordicmart.andreevmaster.com\/fi\/wp-json\/wp\/v2\/product\/32191","targetHints":{"allow":["GET"]}}],"collection":[{"href":"https:\/\/nordicmart.andreevmaster.com\/fi\/wp-json\/wp\/v2\/product"}],"about":[{"href":"https:\/\/nordicmart.andreevmaster.com\/fi\/wp-json\/wp\/v2\/types\/product"}],"replies":[{"embeddable":true,"href":"https:\/\/nordicmart.andreevmaster.com\/fi\/wp-json\/wp\/v2\/comments?post=32191"}],"wp:featuredmedia":[{"embeddable":true,"href":"https:\/\/nordicmart.andreevmaster.com\/fi\/wp-json\/wp\/v2\/media\/41236"}],"wp:attachment":[{"href":"https:\/\/nordicmart.andreevmaster.com\/fi\/wp-json\/wp\/v2\/media?parent=32191"}],"wp:term":[{"taxonomy":"product_brand","embeddable":true,"href":"https:\/\/nordicmart.andreevmaster.com\/fi\/wp-json\/wp\/v2\/product_brand?post=32191"},{"taxonomy":"product_cat","embeddable":true,"href":"https:\/\/nordicmart.andreevmaster.com\/fi\/wp-json\/wp\/v2\/product_cat?post=32191"},{"taxonomy":"product_tag","embeddable":true,"href":"https:\/\/nordicmart.andreevmaster.com\/fi\/wp-json\/wp\/v2\/product_tag?post=32191"}],"curies":[{"name":"wp","href":"https:\/\/api.w.org\/{rel}","templated":true}]}}