{"id":32184,"date":"2026-02-27T00:16:19","date_gmt":"2026-02-27T00:16:19","guid":{"rendered":"https:\/\/nordicmart.andreevmaster.com\/product\/vasagle-terasrunkoinen-keittiopoyta-4-hengelle\/"},"modified":"2026-02-27T09:38:17","modified_gmt":"2026-02-27T09:38:17","slug":"vasagle-terasrunkoinen-keittiopoyta-4-hengelle","status":"publish","type":"product","link":"https:\/\/nordicmart.andreevmaster.com\/fi\/tuote\/vasagle-terasrunkoinen-keittiopoyta-4-hengelle\/","title":{"rendered":"VASAGLE ter\u00e4srunkoinen keitti\u00f6p\u00f6yt\u00e4 4 hengelle"},"content":{"rendered":"<p>Tuotetiedot: &#8211; V\u00e4ri: greige-musta &#8211; Materiaali: lastulevy, ter\u00e4s &#8211; Koko: 120 x 75 x 75 cm (P x L x K) &#8211; Paino: 17,2 kg &#8211; Maks. staattinen kantavuus: 100 kg  Toimitus sis\u00e4lt\u00e4\u00e4: &#8211; 1 x ruokap\u00f6yt\u00e4 &#8211; 1 x lis\u00e4varustepaketti &#8211; 1 x ohjeet (DE, EN, ES, FR, IT) VASAGLE Huomautukset: &#8211; Pid\u00e4 tuote poissa ter\u00e4vien ja ter\u00e4vien esineiden sek\u00e4 sy\u00f6vytt\u00e4vien aineiden l\u00e4heisyydest\u00e4. &#8211; Lapset eiv\u00e4t saa kiivet\u00e4 tuotteelle tai leikki\u00e4 sill\u00e4. &#8211; Pid\u00e4 lapset poissa ty\u00f6alueelta asennuksen aikana ja s\u00e4ilyt\u00e4 pakkausmateriaalit poissa lasten ulottuvilta. Toimitus sis\u00e4lt\u00e4\u00e4 monia pieni\u00e4 osia, jotka voivat aiheuttaa terveysvaaroja, jos ne nielaistaan tai hengitet\u00e4\u00e4n. &#8211; Tuotteen suurin staattinen kantavuus on 100 kg. \u00c4l\u00e4 aseta p\u00f6yd\u00e4lle sit\u00e4 painavampia esineit\u00e4.<\/p>\n","protected":false},"excerpt":{"rendered":"<p>VASAGLE keitti\u00f6p\u00f6yt\u00e4, ruokap\u00f6yt\u00e4, 120 x 75 x 75 cm, ruokap\u00f6yt\u00e4 4 hengelle, sohvap\u00f6yt\u00e4, olohuone, ruokasali, ter\u00e4srunko, helppo koota, teollinen muotoilu, greige-musta KDT075B02<\/p>\n","protected":false},"featured_media":41229,"comment_status":"open","ping_status":"closed","template":"","meta":[],"product_brand":[],"product_cat":[32],"product_tag":[],"class_list":{"0":"post-32184","1":"product","2":"type-product","3":"status-publish","4":"has-post-thumbnail","6":"product_cat-uncategorized-fi","8":"first","9":"instock","10":"shipping-taxable","11":"purchasable","12":"product-type-simple"},"_links":{"self":[{"href":"https:\/\/nordicmart.andreevmaster.com\/fi\/wp-json\/wp\/v2\/product\/32184","targetHints":{"allow":["GET"]}}],"collection":[{"href":"https:\/\/nordicmart.andreevmaster.com\/fi\/wp-json\/wp\/v2\/product"}],"about":[{"href":"https:\/\/nordicmart.andreevmaster.com\/fi\/wp-json\/wp\/v2\/types\/product"}],"replies":[{"embeddable":true,"href":"https:\/\/nordicmart.andreevmaster.com\/fi\/wp-json\/wp\/v2\/comments?post=32184"}],"wp:featuredmedia":[{"embeddable":true,"href":"https:\/\/nordicmart.andreevmaster.com\/fi\/wp-json\/wp\/v2\/media\/41229"}],"wp:attachment":[{"href":"https:\/\/nordicmart.andreevmaster.com\/fi\/wp-json\/wp\/v2\/media?parent=32184"}],"wp:term":[{"taxonomy":"product_brand","embeddable":true,"href":"https:\/\/nordicmart.andreevmaster.com\/fi\/wp-json\/wp\/v2\/product_brand?post=32184"},{"taxonomy":"product_cat","embeddable":true,"href":"https:\/\/nordicmart.andreevmaster.com\/fi\/wp-json\/wp\/v2\/product_cat?post=32184"},{"taxonomy":"product_tag","embeddable":true,"href":"https:\/\/nordicmart.andreevmaster.com\/fi\/wp-json\/wp\/v2\/product_tag?post=32184"}],"curies":[{"name":"wp","href":"https:\/\/api.w.org\/{rel}","templated":true}]}}