{"id":32183,"date":"2026-02-27T00:16:19","date_gmt":"2026-02-27T00:16:19","guid":{"rendered":"https:\/\/nordicmart.andreevmaster.com\/product\/ruokapoydan-setti-4lle-keittion-poyta-ja-2-penkkia-276-x-433-x-295-tuumaa-ruokapoyta-118-x-382-x-197-tuumaa-penkki-marmorinvalkoinen-ja-muste-musta-u-2\/"},"modified":"2026-02-27T09:38:17","modified_gmt":"2026-02-27T09:38:17","slug":"ruokapoydan-setti-4lle-keittion-poyta-ja-2-penkkia-276-x-433-x-295-tuumaa-ruokapoyta-118-x-382-x-197-tuumaa-penkki-marmorinvalkoinen-ja-muste-musta-u-2","status":"publish","type":"product","link":"https:\/\/nordicmart.andreevmaster.com\/fi\/tuote\/ruokapoydan-setti-4lle-keittion-poyta-ja-2-penkkia-276-x-433-x-295-tuumaa-ruokapoyta-118-x-382-x-197-tuumaa-penkki-marmorinvalkoinen-ja-muste-musta-u-2\/","title":{"rendered":"Ruokap\u00f6yd\u00e4n setti 4:lle, keitti\u00f6n p\u00f6yt\u00e4 ja 2 penkki\u00e4, 27,6 x 43,3 x 29,5 tuumaa ruokap\u00f6yt\u00e4, 11,8 x 38,2 x 19,7 tuumaa penkki, marmorinvalkoinen ja muste musta U"},"content":{"rendered":"<p>[Ruokap\u00f6yd\u00e4n setti 4:lle] T\u00e4m\u00e4 ruokap\u00f6yd\u00e4n setti koostuu 70 x 110 cm:n p\u00f6yd\u00e4st\u00e4 ja 2 penkist\u00e4, ja siihen mahtuu 4 henkil\u00f6\u00e4, mik\u00e4 on ihanteellinen perheillalliselle, nopealle aamiaiselle tai drinkille yst\u00e4vien kanssa.[Tilaa s\u00e4\u00e4st\u00e4v\u00e4] Kaksi 50 cm korkeaa penkki\u00e4 voidaan s\u00e4ilytt\u00e4\u00e4 75 cm korkean ruokap\u00f6yd\u00e4n alla ruokailun j\u00e4lkeen, joten t\u00e4m\u00e4 ruokailusetti on t\u00e4ydellinen ratkaisu pieniin tiloihin, jotta asiat pysyv\u00e4t siistin\u00e4.[Tyylik\u00e4s moderni muotoilu] Kultaisen tammen ja mustan v\u00e4risekoitus luo modernin tyylin. T\u00e4m\u00e4 istuinsarja tuo ripauksen modernia el\u00e4m\u00e4\u00e4 ruokasaliisi, keitti\u00f6\u00f6n tai olohuoneeseen<\/p>\n<p>[Vankka ja kest\u00e4v\u00e4] Ter\u00e4srungot takaavat suuren vakauden, ja lastulevypinnat ovat kest\u00e4vi\u00e4 sek\u00e4 helppohoitoisia &#8211; t\u00e4m\u00e4 keitti\u00f6n p\u00f6yt\u00e4sarja on tehty jokap\u00e4iv\u00e4isi\u00e4 aterioita varten.<\/p>\n<p>[Huolimaton kokoonpano] Ei vaikeaa kokoonpanoa. Selkeiden ohjeiden, merkittyjen osien ja mukana tulevan asennusty\u00f6kalun ansiosta pystyt t\u00e4m\u00e4n ruokailuhuonekalusarjan penkkeineen pystytt\u00e4\u00e4 hetkess\u00e4<\/p>\n<p>Tekniset tiedot:<\/p>\n<p>V\u00e4ri: V\u00e4ri: Marble White, Ink Black<br \/>\nMateriaali: Materiaali: Lastulevy, ter\u00e4s<br \/>\nP\u00f6yd\u00e4n koko: 27,6\u2033D x 43,3\u2033W x 29,5\u2033H (70 x 110 x 75 cm).<br \/>\nPenkin koko: 11,8\u2033S x 38,2\u2033L x 19,7\u2033K (30 x 97 x 50 cm).<br \/>\nKokonaispaino: 27,5 kg (60,6 lb)<br \/>\nP\u00f6yd\u00e4n suurin staattinen kuormitus: 100 kg (220 lb)<br \/>\nJokaisen penkin suurin staattinen kuormitus: 100 kg (220 lb).Pakkauksen sis\u00e4lt\u00f6:<\/p>\n<p>1 x ruokap\u00f6yt\u00e4<br \/>\n2 x penkki<br \/>\n1 x lis\u00e4varustesarja<br \/>\n1 x ohjeet<\/p>\n","protected":false},"excerpt":{"rendered":"<p>[Ruokap\u00f6yd\u00e4n setti 4:lle] T\u00e4m\u00e4 ruokap\u00f6yd\u00e4n setti koostuu 70 x 110 cm:n p\u00f6yd\u00e4st\u00e4 ja 2 penkist\u00e4, ja siihen mahtuu 4 henkil\u00f6\u00e4, mik\u00e4 on ihanteellinen perheillalliselle, nopealle aamiaiselle tai drinkille yst\u00e4vien kanssa.[Tilaa s\u00e4\u00e4st\u00e4v\u00e4] Kaksi 50 cm korkeaa penkki\u00e4 voidaan s\u00e4ilytt\u00e4\u00e4 75 cm korkean ruokap\u00f6yd\u00e4n alla ruokailun j\u00e4lkeen, joten t\u00e4m\u00e4 ruokailusetti on t\u00e4ydellinen ratkaisu pieniin tiloihin, jotta asiat [&hellip;]<\/p>\n","protected":false},"featured_media":0,"comment_status":"open","ping_status":"closed","template":"","meta":[],"product_brand":[],"product_cat":[32],"product_tag":[],"class_list":{"0":"post-32183","1":"product","2":"type-product","3":"status-publish","5":"product_cat-uncategorized-fi","7":"first","8":"instock","9":"shipping-taxable","10":"product-type-simple"},"_links":{"self":[{"href":"https:\/\/nordicmart.andreevmaster.com\/fi\/wp-json\/wp\/v2\/product\/32183","targetHints":{"allow":["GET"]}}],"collection":[{"href":"https:\/\/nordicmart.andreevmaster.com\/fi\/wp-json\/wp\/v2\/product"}],"about":[{"href":"https:\/\/nordicmart.andreevmaster.com\/fi\/wp-json\/wp\/v2\/types\/product"}],"replies":[{"embeddable":true,"href":"https:\/\/nordicmart.andreevmaster.com\/fi\/wp-json\/wp\/v2\/comments?post=32183"}],"wp:attachment":[{"href":"https:\/\/nordicmart.andreevmaster.com\/fi\/wp-json\/wp\/v2\/media?parent=32183"}],"wp:term":[{"taxonomy":"product_brand","embeddable":true,"href":"https:\/\/nordicmart.andreevmaster.com\/fi\/wp-json\/wp\/v2\/product_brand?post=32183"},{"taxonomy":"product_cat","embeddable":true,"href":"https:\/\/nordicmart.andreevmaster.com\/fi\/wp-json\/wp\/v2\/product_cat?post=32183"},{"taxonomy":"product_tag","embeddable":true,"href":"https:\/\/nordicmart.andreevmaster.com\/fi\/wp-json\/wp\/v2\/product_tag?post=32183"}],"curies":[{"name":"wp","href":"https:\/\/api.w.org\/{rel}","templated":true}]}}