{"id":32179,"date":"2026-02-27T00:16:18","date_gmt":"2026-02-27T00:16:18","guid":{"rendered":"https:\/\/nordicmart.andreevmaster.com\/product\/vasagle-keittiopoytasetti\/"},"modified":"2026-02-27T09:38:16","modified_gmt":"2026-02-27T09:38:16","slug":"vasagle-keittiopoytasetti","status":"publish","type":"product","link":"https:\/\/nordicmart.andreevmaster.com\/fi\/tuote\/vasagle-keittiopoytasetti\/","title":{"rendered":"VASAGLE keitti\u00f6p\u00f6yt\u00e4setti"},"content":{"rendered":"<p>Tuotetiedot: &#8211; V\u00e4ri: vintage-ruskea-musta &#8211; Materiaali: lastulevy, ter\u00e4s &#8211; Ruokap\u00f6yd\u00e4n koko: 110 x 70 x 75 cm (P x L x K) &#8211; Penkki per penkki: 97 x 30 x 50 cm (P x L x K) &#8211; Paino: 27 kg &#8211; Ruokap\u00f6yd\u00e4n maks. staattinen kantavuus: 100 kg &#8211; Penkki\u00e4 kohti maks. staattinen kantavuus: 100 kg Toimitus sis\u00e4lt\u00e4\u00e4: &#8211; 1 x ruokap\u00f6yt\u00e4 &#8211; 2 x penkki &#8211; 1 x lis\u00e4varustepaketti &#8211; 1 x kaatumissuoja &#8211; 1 x ohjeet (DE, EN, ES, FR, IT) VASAGLE Huomautukset: &#8211; Turvallisuussyist\u00e4 lapset eiv\u00e4t saa kiivet\u00e4 tuotteelle tai leikki\u00e4 sill\u00e4. &#8211; P\u00f6yd\u00e4n pinnan suurin staattinen kantavuus on 100 kg. \u00c4l\u00e4 ylit\u00e4 t\u00e4t\u00e4 enimm\u00e4ispainoa. &#8211; Kiinnit\u00e4 t\u00e4m\u00e4 tuote sein\u00e4\u00e4n mukana toimitetulla kaatumissuojalla turvallisen k\u00e4yt\u00f6n varmistamiseksi. &#8211; \u00c4l\u00e4 keinuta penkill\u00e4 edestakaisin, jotta se ei kaadu.<\/p>\n","protected":false},"excerpt":{"rendered":"<p>VASAGLE ruokap\u00f6yt\u00e4, keitti\u00f6p\u00f6yt\u00e4setti, 110 x 70 x 75 cm, 2 penkki\u00e4, kukin 97 x 30 x 50 cm, metallirunko, keitti\u00f6\u00f6n, olohuoneeseen, ruokailuhuoneeseen, teollinen muotoilu, vintage-ruskea-musta KDT070B01<\/p>\n","protected":false},"featured_media":41225,"comment_status":"open","ping_status":"closed","template":"","meta":[],"product_brand":[],"product_cat":[32],"product_tag":[],"class_list":{"0":"post-32179","1":"product","2":"type-product","3":"status-publish","4":"has-post-thumbnail","6":"product_cat-uncategorized-fi","8":"first","9":"instock","10":"shipping-taxable","11":"purchasable","12":"product-type-simple"},"_links":{"self":[{"href":"https:\/\/nordicmart.andreevmaster.com\/fi\/wp-json\/wp\/v2\/product\/32179","targetHints":{"allow":["GET"]}}],"collection":[{"href":"https:\/\/nordicmart.andreevmaster.com\/fi\/wp-json\/wp\/v2\/product"}],"about":[{"href":"https:\/\/nordicmart.andreevmaster.com\/fi\/wp-json\/wp\/v2\/types\/product"}],"replies":[{"embeddable":true,"href":"https:\/\/nordicmart.andreevmaster.com\/fi\/wp-json\/wp\/v2\/comments?post=32179"}],"wp:featuredmedia":[{"embeddable":true,"href":"https:\/\/nordicmart.andreevmaster.com\/fi\/wp-json\/wp\/v2\/media\/41225"}],"wp:attachment":[{"href":"https:\/\/nordicmart.andreevmaster.com\/fi\/wp-json\/wp\/v2\/media?parent=32179"}],"wp:term":[{"taxonomy":"product_brand","embeddable":true,"href":"https:\/\/nordicmart.andreevmaster.com\/fi\/wp-json\/wp\/v2\/product_brand?post=32179"},{"taxonomy":"product_cat","embeddable":true,"href":"https:\/\/nordicmart.andreevmaster.com\/fi\/wp-json\/wp\/v2\/product_cat?post=32179"},{"taxonomy":"product_tag","embeddable":true,"href":"https:\/\/nordicmart.andreevmaster.com\/fi\/wp-json\/wp\/v2\/product_tag?post=32179"}],"curies":[{"name":"wp","href":"https:\/\/api.w.org\/{rel}","templated":true}]}}